{"id":187,"date":"2019-08-08T08:16:04","date_gmt":"2019-08-08T08:16:04","guid":{"rendered":"http:\/\/www.teofilioanstiop.ro\/?page_id=187"},"modified":"2020-05-25T16:29:56","modified_gmt":"2020-05-25T16:29:56","slug":"leviathan-2","status":"publish","type":"page","link":"http:\/\/www.teofilioanstiop.ro\/en\/leviathan-2\/","title":{"rendered":"Leviathan"},"content":{"rendered":"<figure class=\"wp-block-image is-style-zoooom\"><a href=\"http:\/\/www.teofilioanstiop.ro\/wp-content\/uploads\/2019\/08\/Leviathan.jpg\" data-rel=\"lightbox-image-0\" data-rl_title=\"\" data-rl_caption=\"\" title=\"\"><img decoding=\"async\" loading=\"lazy\" width=\"1024\" height=\"574\" src=\"http:\/\/www.teofilioanstiop.ro\/wp-content\/uploads\/2019\/08\/Leviathan-1024x574.jpg\" alt=\"Leviathan\" class=\"wp-image-41\" srcset=\"http:\/\/www.teofilioanstiop.ro\/wp-content\/uploads\/2019\/08\/Leviathan-1024x574.jpg 1024w, http:\/\/www.teofilioanstiop.ro\/wp-content\/uploads\/2019\/08\/Leviathan-300x168.jpg 300w, http:\/\/www.teofilioanstiop.ro\/wp-content\/uploads\/2019\/08\/Leviathan-768x430.jpg 768w, http:\/\/www.teofilioanstiop.ro\/wp-content\/uploads\/2019\/08\/Leviathan-500x280.jpg 500w, http:\/\/www.teofilioanstiop.ro\/wp-content\/uploads\/2019\/08\/Leviathan-800x448.jpg 800w, http:\/\/www.teofilioanstiop.ro\/wp-content\/uploads\/2019\/08\/Leviathan-1280x717.jpg 1280w, http:\/\/www.teofilioanstiop.ro\/wp-content\/uploads\/2019\/08\/Leviathan-1920x1076.jpg 1920w\" sizes=\"(max-width: 706px) 89vw, (max-width: 767px) 82vw, 740px\" \/><\/a><\/figure>\n\n\n\n<p class=\"has-text-align-right translation-block\">Leviathan<br>\n(270x150 cm, oil on canvas, 2017) The painting is in the art collection of the Parliament of Poland. It is part of the project that was awarded the special prize of the jury \u201cSpecial Triennial Award for Outstanding Artistic Personality\u201d at the Carpathian Triennial \u201cThe Silver Square\u201d in 2018<\/p>\n\n\n\n<p class=\"has-text-align-right\">The peaceful sailing of the paper boats on the newspaper ocean is smashed by a sea beast that landed, why not, from the reasonings of Thomas Hobbes. The allegory stands under the sign on an immersion which hypostasizes a power relation, where the na\u00efve aspect of the ludic dimension is pathetically exposed in relation with the rapacious lucidity of the cold eye, that erupts and asks for tribute.<\/p>\n\n\n\n<p class=\"has-text-align-right\">Leviathan, progresie:<\/p>\n\n\n\n<figure class=\"wp-block-image size-large is-style-zoooom\"><a href=\"blob:http:\/\/www.teofilioanstiop.ro\/c898fe47-e8a0-40ba-88b9-659a8430b868\"><img decoding=\"async\" loading=\"lazy\" width=\"1024\" height=\"724\" src=\"http:\/\/www.teofilioanstiop.ro\/wp-content\/uploads\/2020\/05\/Leviathan-Progresie-1024x724.jpg\" alt=\"\" class=\"wp-image-749\" srcset=\"http:\/\/www.teofilioanstiop.ro\/wp-content\/uploads\/2020\/05\/Leviathan-Progresie-1024x724.jpg 1024w, http:\/\/www.teofilioanstiop.ro\/wp-content\/uploads\/2020\/05\/Leviathan-Progresie-300x212.jpg 300w, http:\/\/www.teofilioanstiop.ro\/wp-content\/uploads\/2020\/05\/Leviathan-Progresie-768x543.jpg 768w, http:\/\/www.teofilioanstiop.ro\/wp-content\/uploads\/2020\/05\/Leviathan-Progresie-1536x1086.jpg 1536w, http:\/\/www.teofilioanstiop.ro\/wp-content\/uploads\/2020\/05\/Leviathan-Progresie-2048x1448.jpg 2048w\" sizes=\"(max-width: 706px) 89vw, (max-width: 767px) 82vw, 740px\" \/><\/a><\/figure>","protected":false},"excerpt":{"rendered":"<p>Leviathan, 270&#215;150 cm, ulei pe p\u00e2nz\u0103, 2017, Lucrare aflat \u00een colec\u0163ia de art\u0103 a parlamentul din Polonia. Lucrarea face parte din proiectul premiat la Trienala Carpatic\u0103 P\u0103tratul de Argint \u00een 2018 cu premiul special al juriului \u201cSpecial Triennial Award for Outstanding Artistic Personality\u201d Navigarea lini\u0219tit\u0103 a b\u0103rcu\u021belor de h\u00e2rtie pe oceanul de ziare este spulberat\u0103 &hellip; <\/p>\n<p class=\"link-more\"><a href=\"http:\/\/www.teofilioanstiop.ro\/en\/leviathan-2\/\" class=\"more-link\">Continue reading<span class=\"screen-reader-text\"> &#8222;Leviathan&#8221;<\/span><\/a><\/p>","protected":false},"author":1,"featured_media":0,"parent":0,"menu_order":0,"comment_status":"closed","ping_status":"closed","template":"","meta":[],"_links":{"self":[{"href":"http:\/\/www.teofilioanstiop.ro\/en\/wp-json\/wp\/v2\/pages\/187"}],"collection":[{"href":"http:\/\/www.teofilioanstiop.ro\/en\/wp-json\/wp\/v2\/pages"}],"about":[{"href":"http:\/\/www.teofilioanstiop.ro\/en\/wp-json\/wp\/v2\/types\/page"}],"author":[{"embeddable":true,"href":"http:\/\/www.teofilioanstiop.ro\/en\/wp-json\/wp\/v2\/users\/1"}],"replies":[{"embeddable":true,"href":"http:\/\/www.teofilioanstiop.ro\/en\/wp-json\/wp\/v2\/comments?post=187"}],"version-history":[{"count":4,"href":"http:\/\/www.teofilioanstiop.ro\/en\/wp-json\/wp\/v2\/pages\/187\/revisions"}],"predecessor-version":[{"id":750,"href":"http:\/\/www.teofilioanstiop.ro\/en\/wp-json\/wp\/v2\/pages\/187\/revisions\/750"}],"wp:attachment":[{"href":"http:\/\/www.teofilioanstiop.ro\/en\/wp-json\/wp\/v2\/media?parent=187"}],"curies":[{"name":"wp","href":"https:\/\/api.w.org\/{rel}","templated":true}]}}