{"id":199,"date":"2019-08-08T09:28:17","date_gmt":"2019-08-08T09:28:17","guid":{"rendered":"http:\/\/www.teofilioanstiop.ro\/?page_id=199"},"modified":"2023-04-19T10:15:08","modified_gmt":"2023-04-19T10:15:08","slug":"windows","status":"publish","type":"page","link":"http:\/\/www.teofilioanstiop.ro\/en\/windows\/","title":{"rendered":"Windows"},"content":{"rendered":"<figure class=\"wp-block-image is-style-zoooom\"><a href=\"http:\/\/www.teofilioanstiop.ro\/wp-content\/uploads\/2019\/08\/Windows-1.jpg\" data-rel=\"lightbox-image-0\" data-rl_title=\"\" data-rl_caption=\"\" title=\"\"><img decoding=\"async\" loading=\"lazy\" width=\"5689\" height=\"4015\" src=\"http:\/\/www.teofilioanstiop.ro\/wp-content\/uploads\/2019\/08\/Windows-1.jpg\" alt=\"\" class=\"wp-image-30\" srcset=\"http:\/\/www.teofilioanstiop.ro\/wp-content\/uploads\/2019\/08\/Windows-1.jpg 5689w, http:\/\/www.teofilioanstiop.ro\/wp-content\/uploads\/2019\/08\/Windows-1-300x212.jpg 300w, http:\/\/www.teofilioanstiop.ro\/wp-content\/uploads\/2019\/08\/Windows-1-768x542.jpg 768w, http:\/\/www.teofilioanstiop.ro\/wp-content\/uploads\/2019\/08\/Windows-1-1024x723.jpg 1024w, http:\/\/www.teofilioanstiop.ro\/wp-content\/uploads\/2019\/08\/Windows-1-500x353.jpg 500w, http:\/\/www.teofilioanstiop.ro\/wp-content\/uploads\/2019\/08\/Windows-1-800x565.jpg 800w, http:\/\/www.teofilioanstiop.ro\/wp-content\/uploads\/2019\/08\/Windows-1-1280x903.jpg 1280w, http:\/\/www.teofilioanstiop.ro\/wp-content\/uploads\/2019\/08\/Windows-1-1920x1355.jpg 1920w\" sizes=\"(max-width: 706px) 89vw, (max-width: 767px) 82vw, 740px\" \/><\/a><figcaption class=\"wp-element-caption\"><br> <\/figcaption><\/figure>\n\n\n\n<p class=\"has-text-align-right\"><strong>Windows<\/strong>, 140&#215;100 cm, ulei pe p\u00e2nz\u0103, 2018<br><a href=\"http:\/\/www.teofilioanstiop.ro\/en\/contact\/\">Contact the artist for additional information.<\/a><br><\/p>\n\n\n\n<p class=\"has-text-align-right translation-block\">A heap of windows is cut out of reality, any context being eliminated. Picked up from the context and suspended as a reality in itself, it alludes to its counterpart from the virtual world, the Windows operating system, thus making a reference to McLuhan\u2019s statement \u201cmedium is the message\u201d. In this way, some questions are indirectly asked about the need of having windows in the age of digital screens.<\/p>","protected":false},"excerpt":{"rendered":"<p>Windows, 140&#215;100 cm, ulei pe p\u00e2nz\u0103, 2018Contacteaz\u0103 artistul pentru informa\u0163ii suplimentare. Un morman de ferestre este decupat din real, orice context fiind eliminat. Preluat din context \u0219i suspendat ca realitate \u00een sine, el face aluzie la \u201eomologul\u201d s\u0103u din mediul virtual, sistemul de operare Windows,f\u0103c\u00e2ndu-se astfeltrimitere la sintagma lui McLuhan \u201emedium is the message\u201d. \u00cen &hellip; <\/p>\n<p class=\"link-more\"><a href=\"http:\/\/www.teofilioanstiop.ro\/en\/windows\/\" class=\"more-link\">Continue reading<span class=\"screen-reader-text\"> &#8222;Windows&#8221;<\/span><\/a><\/p>","protected":false},"author":1,"featured_media":0,"parent":0,"menu_order":0,"comment_status":"closed","ping_status":"closed","template":"","meta":[],"_links":{"self":[{"href":"http:\/\/www.teofilioanstiop.ro\/en\/wp-json\/wp\/v2\/pages\/199"}],"collection":[{"href":"http:\/\/www.teofilioanstiop.ro\/en\/wp-json\/wp\/v2\/pages"}],"about":[{"href":"http:\/\/www.teofilioanstiop.ro\/en\/wp-json\/wp\/v2\/types\/page"}],"author":[{"embeddable":true,"href":"http:\/\/www.teofilioanstiop.ro\/en\/wp-json\/wp\/v2\/users\/1"}],"replies":[{"embeddable":true,"href":"http:\/\/www.teofilioanstiop.ro\/en\/wp-json\/wp\/v2\/comments?post=199"}],"version-history":[{"count":7,"href":"http:\/\/www.teofilioanstiop.ro\/en\/wp-json\/wp\/v2\/pages\/199\/revisions"}],"predecessor-version":[{"id":883,"href":"http:\/\/www.teofilioanstiop.ro\/en\/wp-json\/wp\/v2\/pages\/199\/revisions\/883"}],"wp:attachment":[{"href":"http:\/\/www.teofilioanstiop.ro\/en\/wp-json\/wp\/v2\/media?parent=199"}],"curies":[{"name":"wp","href":"https:\/\/api.w.org\/{rel}","templated":true}]}}