{"id":215,"date":"2019-08-08T09:38:11","date_gmt":"2019-08-08T09:38:11","guid":{"rendered":"http:\/\/www.teofilioanstiop.ro\/?page_id=215"},"modified":"2020-05-25T16:34:48","modified_gmt":"2020-05-25T16:34:48","slug":"firefox-2","status":"publish","type":"page","link":"http:\/\/www.teofilioanstiop.ro\/en\/firefox-2\/","title":{"rendered":"Firefox"},"content":{"rendered":"<figure class=\"wp-block-image is-style-zoooom\"><a href=\"http:\/\/www.teofilioanstiop.ro\/wp-content\/uploads\/2019\/08\/Firefox-1024x778.jpg\" data-rel=\"lightbox-image-0\" data-rl_title=\"\" data-rl_caption=\"\" title=\"\"><img decoding=\"async\" loading=\"lazy\" width=\"1024\" height=\"778\" src=\"http:\/\/www.teofilioanstiop.ro\/wp-content\/uploads\/2019\/08\/Firefox-1024x778.jpg\" alt=\"\" class=\"wp-image-38\"\/><\/a><\/figure>\n\n\n\n<p class=\"has-text-align-right\"><strong>Firefox, <\/strong><em>120&#215;160 cm, ulei pe p\u00e2nz\u0103, 2017<\/em><br><a href=\"http:\/\/www.teofilioanstiop.ro\/en\/contact\/\">Contact the artist for additional information.<\/a><\/p>\n\n\n\n<p class=\"has-text-align-right\">A cunning fox, like the force emanating nowadays from mass-media, puts on a show by jumping through a fire hoop. The act promises to be cathartic, as the fox, by burning its artificial fur, shows for a moment its real nature, or its \u201chuman face\u201d.\u00a0<\/p>\n\n\n\n<p class=\"has-text-align-right\">Firefox, progresie:<\/p>\n\n\n\n<div class=\"wp-block-image is-style-zoooom\"><figure class=\"alignright size-large\"><img decoding=\"async\" loading=\"lazy\" width=\"1024\" height=\"724\" src=\"http:\/\/www.teofilioanstiop.ro\/wp-content\/uploads\/2020\/05\/Firefox-Progresie-1024x724.jpg\" alt=\"\" class=\"wp-image-756\" srcset=\"http:\/\/www.teofilioanstiop.ro\/wp-content\/uploads\/2020\/05\/Firefox-Progresie-1024x724.jpg 1024w, http:\/\/www.teofilioanstiop.ro\/wp-content\/uploads\/2020\/05\/Firefox-Progresie-300x212.jpg 300w, http:\/\/www.teofilioanstiop.ro\/wp-content\/uploads\/2020\/05\/Firefox-Progresie-768x543.jpg 768w, http:\/\/www.teofilioanstiop.ro\/wp-content\/uploads\/2020\/05\/Firefox-Progresie-1536x1086.jpg 1536w, http:\/\/www.teofilioanstiop.ro\/wp-content\/uploads\/2020\/05\/Firefox-Progresie-2048x1448.jpg 2048w\" sizes=\"(max-width: 706px) 89vw, (max-width: 767px) 82vw, 740px\" \/><\/figure><\/div>","protected":false},"excerpt":{"rendered":"<p>Firefox, 120&#215;160 cm, ulei pe p\u00e2nz\u0103, 2017Contacteaz\u0103 artistul pentru informa\u0163ii suplimentare. O vulpe \u0219ireat\u0103, ca for\u021ba emanat\u0103 azi de puterea mass-mediei, face circ s\u0103rind printr-un cerc de foc. Actul promite a fi cathartic, deoarece vulpea, arz\u00e2ndu-\u0219i blana artificial\u0103, \u00ee\u0219i arat\u0103 pentru o clip\u0103 adev\u0103rata natur\u0103, sau \u201efa\u021ba uman\u0103\u201d.\u00a0 Firefox, progresie:<\/p>","protected":false},"author":1,"featured_media":0,"parent":0,"menu_order":0,"comment_status":"closed","ping_status":"closed","template":"","meta":[],"_links":{"self":[{"href":"http:\/\/www.teofilioanstiop.ro\/en\/wp-json\/wp\/v2\/pages\/215"}],"collection":[{"href":"http:\/\/www.teofilioanstiop.ro\/en\/wp-json\/wp\/v2\/pages"}],"about":[{"href":"http:\/\/www.teofilioanstiop.ro\/en\/wp-json\/wp\/v2\/types\/page"}],"author":[{"embeddable":true,"href":"http:\/\/www.teofilioanstiop.ro\/en\/wp-json\/wp\/v2\/users\/1"}],"replies":[{"embeddable":true,"href":"http:\/\/www.teofilioanstiop.ro\/en\/wp-json\/wp\/v2\/comments?post=215"}],"version-history":[{"count":3,"href":"http:\/\/www.teofilioanstiop.ro\/en\/wp-json\/wp\/v2\/pages\/215\/revisions"}],"predecessor-version":[{"id":757,"href":"http:\/\/www.teofilioanstiop.ro\/en\/wp-json\/wp\/v2\/pages\/215\/revisions\/757"}],"wp:attachment":[{"href":"http:\/\/www.teofilioanstiop.ro\/en\/wp-json\/wp\/v2\/media?parent=215"}],"curies":[{"name":"wp","href":"https:\/\/api.w.org\/{rel}","templated":true}]}}