{"id":220,"date":"2019-08-08T09:40:45","date_gmt":"2019-08-08T09:40:45","guid":{"rendered":"http:\/\/www.teofilioanstiop.ro\/?page_id=220"},"modified":"2020-05-25T16:37:38","modified_gmt":"2020-05-25T16:37:38","slug":"wallpaper-2","status":"publish","type":"page","link":"http:\/\/www.teofilioanstiop.ro\/en\/wallpaper-2\/","title":{"rendered":"Wallpaper"},"content":{"rendered":"<figure class=\"wp-block-image is-style-zoooom\"><a href=\"http:\/\/www.teofilioanstiop.ro\/wp-content\/uploads\/2019\/08\/Wallpaper.jpg\" data-rel=\"lightbox-image-0\" data-rl_title=\"\" data-rl_caption=\"\" title=\"\"><img decoding=\"async\" loading=\"lazy\" width=\"1024\" height=\"698\" src=\"http:\/\/www.teofilioanstiop.ro\/wp-content\/uploads\/2019\/08\/Wallpaper-1024x698.jpg\" alt=\"\" class=\"wp-image-34\" srcset=\"http:\/\/www.teofilioanstiop.ro\/wp-content\/uploads\/2019\/08\/Wallpaper-1024x698.jpg 1024w, http:\/\/www.teofilioanstiop.ro\/wp-content\/uploads\/2019\/08\/Wallpaper-300x205.jpg 300w, http:\/\/www.teofilioanstiop.ro\/wp-content\/uploads\/2019\/08\/Wallpaper-768x524.jpg 768w, http:\/\/www.teofilioanstiop.ro\/wp-content\/uploads\/2019\/08\/Wallpaper-500x341.jpg 500w, http:\/\/www.teofilioanstiop.ro\/wp-content\/uploads\/2019\/08\/Wallpaper-800x546.jpg 800w, http:\/\/www.teofilioanstiop.ro\/wp-content\/uploads\/2019\/08\/Wallpaper-1280x873.jpg 1280w, http:\/\/www.teofilioanstiop.ro\/wp-content\/uploads\/2019\/08\/Wallpaper-1920x1309.jpg 1920w\" sizes=\"(max-width: 706px) 89vw, (max-width: 767px) 82vw, 740px\" \/><\/a><\/figure>\n\n\n\n<p class=\"has-text-align-right\"><em> <\/em><strong>Wallpaper<\/strong>, <em>220&#215;150 cm, ulei pe p\u00e2nz\u0103, 2018<\/em><br><a href=\"http:\/\/www.teofilioanstiop.ro\/en\/contact\/\">Contact the artist for additional information.<\/a><\/p>\n\n\n\n<p class=\"has-text-align-right\">Prosaically said, the subject is represented by a herd of pigs eating money. The latter are stacked in random piles, forming heaps like those in landfills. Obviously, the modus operandi here is by the use of clich\u00e9s. Still, the cheap association of pigs with money is seen through the perspective of its relationship with the ascensional symbolism of the pyramid, which is reduced here to the horizontality of a Pantagruelian wall.<\/p>\n\n\n\n<p class=\"has-text-align-right\">Wallpaper, progresie:<\/p>\n\n\n\n<div class=\"wp-block-image is-style-zoooom\"><figure class=\"alignright size-large\"><img decoding=\"async\" loading=\"lazy\" width=\"1024\" height=\"724\" src=\"http:\/\/www.teofilioanstiop.ro\/wp-content\/uploads\/2020\/05\/Wallpaper-Progresie-1024x724.jpg\" alt=\"\" class=\"wp-image-760\" srcset=\"http:\/\/www.teofilioanstiop.ro\/wp-content\/uploads\/2020\/05\/Wallpaper-Progresie-1024x724.jpg 1024w, http:\/\/www.teofilioanstiop.ro\/wp-content\/uploads\/2020\/05\/Wallpaper-Progresie-300x212.jpg 300w, http:\/\/www.teofilioanstiop.ro\/wp-content\/uploads\/2020\/05\/Wallpaper-Progresie-768x543.jpg 768w, http:\/\/www.teofilioanstiop.ro\/wp-content\/uploads\/2020\/05\/Wallpaper-Progresie-1536x1086.jpg 1536w, http:\/\/www.teofilioanstiop.ro\/wp-content\/uploads\/2020\/05\/Wallpaper-Progresie-2048x1448.jpg 2048w\" sizes=\"(max-width: 706px) 89vw, (max-width: 767px) 82vw, 740px\" \/><\/figure><\/div>","protected":false},"excerpt":{"rendered":"<p>Wallpaper, 220&#215;150 cm, ulei pe p\u00e2nz\u0103, 2018Contacteaz\u0103 artistul pentru informa\u0163ii suplimentare. Prozaic spus, subiectul este reprezentat de o turm\u0103 de porci care m\u0103n\u00e2nc\u0103 bani. Ace\u0219tia sunt dispu\u0219i \u00een teancuri aleatorii ce formeaz\u0103 gr\u0103mezi asem\u0103n\u0103toare unor clustere ce populeaz\u0103 gropile de gunoi. Aici se opereaz\u0103 \u00een mod v\u0103dit cu afi\u0219area unor cli\u0219ee. Totu\u0219i, asocierea ieftin\u0103 a &hellip; <\/p>\n<p class=\"link-more\"><a href=\"http:\/\/www.teofilioanstiop.ro\/en\/wallpaper-2\/\" class=\"more-link\">Continue reading<span class=\"screen-reader-text\"> &#8222;Wallpaper&#8221;<\/span><\/a><\/p>","protected":false},"author":1,"featured_media":0,"parent":0,"menu_order":0,"comment_status":"closed","ping_status":"closed","template":"","meta":[],"_links":{"self":[{"href":"http:\/\/www.teofilioanstiop.ro\/en\/wp-json\/wp\/v2\/pages\/220"}],"collection":[{"href":"http:\/\/www.teofilioanstiop.ro\/en\/wp-json\/wp\/v2\/pages"}],"about":[{"href":"http:\/\/www.teofilioanstiop.ro\/en\/wp-json\/wp\/v2\/types\/page"}],"author":[{"embeddable":true,"href":"http:\/\/www.teofilioanstiop.ro\/en\/wp-json\/wp\/v2\/users\/1"}],"replies":[{"embeddable":true,"href":"http:\/\/www.teofilioanstiop.ro\/en\/wp-json\/wp\/v2\/comments?post=220"}],"version-history":[{"count":3,"href":"http:\/\/www.teofilioanstiop.ro\/en\/wp-json\/wp\/v2\/pages\/220\/revisions"}],"predecessor-version":[{"id":761,"href":"http:\/\/www.teofilioanstiop.ro\/en\/wp-json\/wp\/v2\/pages\/220\/revisions\/761"}],"wp:attachment":[{"href":"http:\/\/www.teofilioanstiop.ro\/en\/wp-json\/wp\/v2\/media?parent=220"}],"curies":[{"name":"wp","href":"https:\/\/api.w.org\/{rel}","templated":true}]}}