{"id":224,"date":"2019-08-08T09:42:30","date_gmt":"2019-08-08T09:42:30","guid":{"rendered":"http:\/\/www.teofilioanstiop.ro\/?page_id=224"},"modified":"2020-05-25T16:21:38","modified_gmt":"2020-05-25T16:21:38","slug":"last-stand-2","status":"publish","type":"page","link":"http:\/\/www.teofilioanstiop.ro\/en\/last-stand-2\/","title":{"rendered":"Last stand"},"content":{"rendered":"<figure class=\"wp-block-image is-resized is-style-zoooom\"><a href=\"http:\/\/www.teofilioanstiop.ro\/wp-content\/uploads\/2019\/08\/Last-stand.jpg\" data-rel=\"lightbox-image-0\" data-rl_title=\"\" data-rl_caption=\"\" title=\"\"><img decoding=\"async\" loading=\"lazy\" src=\"http:\/\/www.teofilioanstiop.ro\/wp-content\/uploads\/2019\/08\/Last-stand.jpg\" alt=\"\" class=\"wp-image-33\" width=\"2975\" height=\"1926\" srcset=\"http:\/\/www.teofilioanstiop.ro\/wp-content\/uploads\/2019\/08\/Last-stand.jpg 5950w, http:\/\/www.teofilioanstiop.ro\/wp-content\/uploads\/2019\/08\/Last-stand-300x194.jpg 300w, http:\/\/www.teofilioanstiop.ro\/wp-content\/uploads\/2019\/08\/Last-stand-768x497.jpg 768w, http:\/\/www.teofilioanstiop.ro\/wp-content\/uploads\/2019\/08\/Last-stand-1024x663.jpg 1024w, http:\/\/www.teofilioanstiop.ro\/wp-content\/uploads\/2019\/08\/Last-stand-500x324.jpg 500w, http:\/\/www.teofilioanstiop.ro\/wp-content\/uploads\/2019\/08\/Last-stand-800x518.jpg 800w, http:\/\/www.teofilioanstiop.ro\/wp-content\/uploads\/2019\/08\/Last-stand-1280x829.jpg 1280w, http:\/\/www.teofilioanstiop.ro\/wp-content\/uploads\/2019\/08\/Last-stand-1920x1243.jpg 1920w\" sizes=\"(max-width: 706px) 89vw, (max-width: 767px) 82vw, 740px\" \/><\/a><\/figure>\n\n\n\n<p class=\"has-text-align-right\"><strong> Last stand<\/strong>, <em>199,5&#215;129,5 cm, ulei pe p\u00e2nz\u0103, 2019 <\/em><br><a href=\"http:\/\/www.teofilioanstiop.ro\/en\/contact\/\">Contact the artist for additional information.<\/a><\/p>\n\n\n\n<p class=\"has-text-align-right\"> By representing a character caught in a confetti storm, the painting hypostasizes a form of resistance. Bent under his broken tricolored umbrella that he uses as a shield, it\u2019s obvious that the character being cut out and painted in black and white is at the chromatic antipode of his context, he\u2019s a stranger which does not belong in the movie that\u2019s playing around him and that also plays him in a menacing kind of merriment.<\/p>\n\n\n\n<p class=\"has-text-align-right\">Last Stand, progresie:<\/p>\n\n\n\n<div class=\"wp-block-image is-style-zoooom\"><figure class=\"alignright size-large\"><a href=\"blob:http:\/\/www.teofilioanstiop.ro\/2070c427-9587-432f-82d9-76c575b4d914\"><img decoding=\"async\" loading=\"lazy\" width=\"1024\" height=\"724\" src=\"http:\/\/www.teofilioanstiop.ro\/wp-content\/uploads\/2020\/05\/Last-Stand-Progresie-1024x724.jpg\" alt=\"\" class=\"wp-image-625\" srcset=\"http:\/\/www.teofilioanstiop.ro\/wp-content\/uploads\/2020\/05\/Last-Stand-Progresie-1024x724.jpg 1024w, http:\/\/www.teofilioanstiop.ro\/wp-content\/uploads\/2020\/05\/Last-Stand-Progresie-300x212.jpg 300w, http:\/\/www.teofilioanstiop.ro\/wp-content\/uploads\/2020\/05\/Last-Stand-Progresie-768x543.jpg 768w, http:\/\/www.teofilioanstiop.ro\/wp-content\/uploads\/2020\/05\/Last-Stand-Progresie-1536x1086.jpg 1536w, http:\/\/www.teofilioanstiop.ro\/wp-content\/uploads\/2020\/05\/Last-Stand-Progresie-2048x1448.jpg 2048w\" sizes=\"(max-width: 706px) 89vw, (max-width: 767px) 82vw, 740px\" \/><\/a><\/figure><\/div>","protected":false},"excerpt":{"rendered":"<p>Last stand, 199,5&#215;129,5 cm, ulei pe p\u00e2nz\u0103, 2019 Contacteaz\u0103 artistul pentru informa\u0163ii suplimentare. Prin reprezentarea unui personaj prins \u00eentr-o furtun\u0103 de confetti, pictura ipostaziaz\u0103 o form\u0103 de rezisten\u021b\u0103. \u00cencovoiat sub umbrela sa tricolor\u0103 rupt\u0103, de care se folose\u0219te ca de un scut, este evident c\u0103 personajul decupat \u0219i zugr\u0103vit \u00een alb-negru este la antipodul cromatic &hellip; <\/p>\n<p class=\"link-more\"><a href=\"http:\/\/www.teofilioanstiop.ro\/en\/last-stand-2\/\" class=\"more-link\">Continue reading<span class=\"screen-reader-text\"> &#8222;Last stand&#8221;<\/span><\/a><\/p>","protected":false},"author":1,"featured_media":0,"parent":0,"menu_order":0,"comment_status":"closed","ping_status":"closed","template":"","meta":[],"_links":{"self":[{"href":"http:\/\/www.teofilioanstiop.ro\/en\/wp-json\/wp\/v2\/pages\/224"}],"collection":[{"href":"http:\/\/www.teofilioanstiop.ro\/en\/wp-json\/wp\/v2\/pages"}],"about":[{"href":"http:\/\/www.teofilioanstiop.ro\/en\/wp-json\/wp\/v2\/types\/page"}],"author":[{"embeddable":true,"href":"http:\/\/www.teofilioanstiop.ro\/en\/wp-json\/wp\/v2\/users\/1"}],"replies":[{"embeddable":true,"href":"http:\/\/www.teofilioanstiop.ro\/en\/wp-json\/wp\/v2\/comments?post=224"}],"version-history":[{"count":9,"href":"http:\/\/www.teofilioanstiop.ro\/en\/wp-json\/wp\/v2\/pages\/224\/revisions"}],"predecessor-version":[{"id":740,"href":"http:\/\/www.teofilioanstiop.ro\/en\/wp-json\/wp\/v2\/pages\/224\/revisions\/740"}],"wp:attachment":[{"href":"http:\/\/www.teofilioanstiop.ro\/en\/wp-json\/wp\/v2\/media?parent=224"}],"curies":[{"name":"wp","href":"https:\/\/api.w.org\/{rel}","templated":true}]}}