{"id":232,"date":"2019-08-08T09:54:23","date_gmt":"2019-08-08T09:54:23","guid":{"rendered":"http:\/\/www.teofilioanstiop.ro\/?page_id=232"},"modified":"2020-05-25T16:26:13","modified_gmt":"2020-05-25T16:26:13","slug":"melancholia-2","status":"publish","type":"page","link":"http:\/\/www.teofilioanstiop.ro\/en\/melancholia-2\/","title":{"rendered":"Melancholia"},"content":{"rendered":"<figure class=\"wp-block-image is-style-zoooom\"><a href=\"http:\/\/www.teofilioanstiop.ro\/wp-content\/uploads\/2019\/08\/Melancholia.jpg\" data-rel=\"lightbox-image-0\" data-rl_title=\"\" data-rl_caption=\"\" title=\"\"><img decoding=\"async\" loading=\"lazy\" width=\"1024\" height=\"845\" src=\"http:\/\/www.teofilioanstiop.ro\/wp-content\/uploads\/2019\/08\/Melancholia-1024x845.jpg\" alt=\"\" class=\"wp-image-42\" srcset=\"http:\/\/www.teofilioanstiop.ro\/wp-content\/uploads\/2019\/08\/Melancholia-1024x845.jpg 1024w, http:\/\/www.teofilioanstiop.ro\/wp-content\/uploads\/2019\/08\/Melancholia-300x247.jpg 300w, http:\/\/www.teofilioanstiop.ro\/wp-content\/uploads\/2019\/08\/Melancholia-768x634.jpg 768w, http:\/\/www.teofilioanstiop.ro\/wp-content\/uploads\/2019\/08\/Melancholia-500x412.jpg 500w, http:\/\/www.teofilioanstiop.ro\/wp-content\/uploads\/2019\/08\/Melancholia-800x660.jpg 800w, http:\/\/www.teofilioanstiop.ro\/wp-content\/uploads\/2019\/08\/Melancholia-1280x1056.jpg 1280w, http:\/\/www.teofilioanstiop.ro\/wp-content\/uploads\/2019\/08\/Melancholia-1920x1584.jpg 1920w\" sizes=\"(max-width: 706px) 89vw, (max-width: 767px) 82vw, 740px\" \/><\/a><\/figure>\n\n\n\n<p class=\"has-text-align-right\"><strong><em>Melancholia<\/em><\/strong>, 183&#215;130 cm, tempera, acrilic \u0219i c\u0103rbune pe p\u00e2nz\u0103, 2013<br><a href=\"http:\/\/www.teofilioanstiop.ro\/en\/contact\/\">Contact the artist for additional information.<\/a><\/p>\n\n\n\n<p class=\"has-text-align-right translation-block\">Melancholia is the first work in the series of paintings where, starting from representations of immediate reality objects gathered in various heaps, more or less chaotic, some socio-cultural problematics are suggested that are specific to our contemporary world. In this case, the choice of the heap of windows raises questions regarding the quality and nature of human communication, as the window is, par excellence, a symbol of opening, of the interface between the interior and the exterior. The association of this symbolism with the phantasmal shape of the polyhedron frustum extracted from the engraving Melancholia I by D\u00fcrer, often interpreted as a plastic expression of the limits of human knowledge, amplifies the initial meaning of the heap of windows, but also offers a possible key for an interpretation of the painting.<\/p>","protected":false},"excerpt":{"rendered":"<p>Melancholia, 183&#215;130 cm, tempera, acrilic \u0219i c\u0103rbune pe p\u00e2nz\u0103, 2013Contacteaz\u0103 artistul pentru informa\u0163ii suplimentare. Melancholia este prima lucrare din seriile de picturi \u00een care, pornind de la reprezentarea obiectelor realit\u0103\u021bii imediate adunate \u00een diverse gr\u0103mezi, mai mult sau mai pu\u021bin haotice, se sugereaz\u0103 problematici socio-culturale specifice lumii contemporane. \u00cen acest caz, aducerea \u00een discu\u021bie a &hellip; <\/p>\n<p class=\"link-more\"><a href=\"http:\/\/www.teofilioanstiop.ro\/en\/melancholia-2\/\" class=\"more-link\">Continue reading<span class=\"screen-reader-text\"> &#8222;Melancholia&#8221;<\/span><\/a><\/p>","protected":false},"author":1,"featured_media":0,"parent":0,"menu_order":0,"comment_status":"closed","ping_status":"closed","template":"","meta":[],"_links":{"self":[{"href":"http:\/\/www.teofilioanstiop.ro\/en\/wp-json\/wp\/v2\/pages\/232"}],"collection":[{"href":"http:\/\/www.teofilioanstiop.ro\/en\/wp-json\/wp\/v2\/pages"}],"about":[{"href":"http:\/\/www.teofilioanstiop.ro\/en\/wp-json\/wp\/v2\/types\/page"}],"author":[{"embeddable":true,"href":"http:\/\/www.teofilioanstiop.ro\/en\/wp-json\/wp\/v2\/users\/1"}],"replies":[{"embeddable":true,"href":"http:\/\/www.teofilioanstiop.ro\/en\/wp-json\/wp\/v2\/comments?post=232"}],"version-history":[{"count":21,"href":"http:\/\/www.teofilioanstiop.ro\/en\/wp-json\/wp\/v2\/pages\/232\/revisions"}],"predecessor-version":[{"id":746,"href":"http:\/\/www.teofilioanstiop.ro\/en\/wp-json\/wp\/v2\/pages\/232\/revisions\/746"}],"wp:attachment":[{"href":"http:\/\/www.teofilioanstiop.ro\/en\/wp-json\/wp\/v2\/media?parent=232"}],"curies":[{"name":"wp","href":"https:\/\/api.w.org\/{rel}","templated":true}]}}