{"id":329,"date":"2019-10-23T09:06:23","date_gmt":"2019-10-23T09:06:23","guid":{"rendered":"http:\/\/www.teofilioanstiop.ro\/?page_id=329"},"modified":"2020-05-25T16:40:46","modified_gmt":"2020-05-25T16:40:46","slug":"archive-ii","status":"publish","type":"page","link":"http:\/\/www.teofilioanstiop.ro\/en\/archive-ii\/","title":{"rendered":"Archive II"},"content":{"rendered":"<figure class=\"wp-block-image is-style-zoooom\"><a href=\"http:\/\/www.teofilioanstiop.ro\/wp-content\/uploads\/2019\/10\/Archive-II.jpg\" data-rel=\"lightbox-image-0\" data-rl_title=\"\" data-rl_caption=\"\" title=\"\"><img decoding=\"async\" loading=\"lazy\" width=\"1024\" height=\"724\" src=\"http:\/\/www.teofilioanstiop.ro\/wp-content\/uploads\/2019\/10\/Archive-II-1024x724.jpg\" alt=\"\" class=\"wp-image-321\" srcset=\"http:\/\/www.teofilioanstiop.ro\/wp-content\/uploads\/2019\/10\/Archive-II-1024x724.jpg 1024w, http:\/\/www.teofilioanstiop.ro\/wp-content\/uploads\/2019\/10\/Archive-II-300x212.jpg 300w, http:\/\/www.teofilioanstiop.ro\/wp-content\/uploads\/2019\/10\/Archive-II-768x543.jpg 768w\" sizes=\"(max-width: 706px) 89vw, (max-width: 767px) 82vw, 740px\" \/><\/a><\/figure>\n\n\n\n<p class=\"has-text-align-right\"><strong><em>Archive II<\/em><\/strong> (210&#215;150 cm, ulei pe p\u00e2nz\u0103, 2015)<br><a href=\"http:\/\/www.teofilioanstiop.ro\/en\/contact\/\">Contact the artist for additional information.<\/a><\/p>\n\n\n\n<p><\/p>","protected":false},"excerpt":{"rendered":"<p>Archive II (210&#215;150 cm, ulei pe p\u00e2nz\u0103, 2015)Contacteaz\u0103 artistul pentru informa\u0163ii suplimentare.<\/p>","protected":false},"author":1,"featured_media":0,"parent":0,"menu_order":0,"comment_status":"closed","ping_status":"closed","template":"","meta":[],"_links":{"self":[{"href":"http:\/\/www.teofilioanstiop.ro\/en\/wp-json\/wp\/v2\/pages\/329"}],"collection":[{"href":"http:\/\/www.teofilioanstiop.ro\/en\/wp-json\/wp\/v2\/pages"}],"about":[{"href":"http:\/\/www.teofilioanstiop.ro\/en\/wp-json\/wp\/v2\/types\/page"}],"author":[{"embeddable":true,"href":"http:\/\/www.teofilioanstiop.ro\/en\/wp-json\/wp\/v2\/users\/1"}],"replies":[{"embeddable":true,"href":"http:\/\/www.teofilioanstiop.ro\/en\/wp-json\/wp\/v2\/comments?post=329"}],"version-history":[{"count":3,"href":"http:\/\/www.teofilioanstiop.ro\/en\/wp-json\/wp\/v2\/pages\/329\/revisions"}],"predecessor-version":[{"id":766,"href":"http:\/\/www.teofilioanstiop.ro\/en\/wp-json\/wp\/v2\/pages\/329\/revisions\/766"}],"wp:attachment":[{"href":"http:\/\/www.teofilioanstiop.ro\/en\/wp-json\/wp\/v2\/media?parent=329"}],"curies":[{"name":"wp","href":"https:\/\/api.w.org\/{rel}","templated":true}]}}