{"id":335,"date":"2019-10-23T09:08:20","date_gmt":"2019-10-23T09:08:20","guid":{"rendered":"http:\/\/www.teofilioanstiop.ro\/?page_id=335"},"modified":"2020-05-25T16:28:41","modified_gmt":"2020-05-25T16:28:41","slug":"wireless","status":"publish","type":"page","link":"http:\/\/www.teofilioanstiop.ro\/en\/wireless\/","title":{"rendered":"Wireless"},"content":{"rendered":"<figure class=\"wp-block-image is-style-zoooom\"><a href=\"http:\/\/www.teofilioanstiop.ro\/wp-content\/uploads\/2019\/10\/Wireless.jpg\" data-rel=\"lightbox-image-0\" data-rl_title=\"\" data-rl_caption=\"\" title=\"\"><img decoding=\"async\" loading=\"lazy\" width=\"1024\" height=\"669\" src=\"http:\/\/www.teofilioanstiop.ro\/wp-content\/uploads\/2019\/10\/Wireless-1024x669.jpg\" alt=\"\" class=\"wp-image-319\" srcset=\"http:\/\/www.teofilioanstiop.ro\/wp-content\/uploads\/2019\/10\/Wireless-1024x669.jpg 1024w, http:\/\/www.teofilioanstiop.ro\/wp-content\/uploads\/2019\/10\/Wireless-300x196.jpg 300w, http:\/\/www.teofilioanstiop.ro\/wp-content\/uploads\/2019\/10\/Wireless-768x502.jpg 768w\" sizes=\"(max-width: 706px) 89vw, (max-width: 767px) 82vw, 740px\" \/><\/a><\/figure>\n\n\n\n<p class=\"has-text-align-right translation-block\">Wireless<br>\n(199.5x120.5 cm, oil on canvas, 2016,) Salable<br><br>\n\tIn Wireless we have an allegorical invasion of a flock of sheep into a library, which could also be considered as a dossier archive. The painting proposes a word game, but at the same time a meaning game, which gravitates around the mapping of the gregarious spirit. On one hand, it is explicitly shown that the phonetical uttering of the English \u201cwireless\u201d contains the Romanian word \u201coaie\u201d [\u02c8waje], meaning \u201csheep\u201d, and suggests a small funny game of detecting \u201cRomglish\u201d. On the other hand, a relationship is implicitly suggested between the social media, which are possible on a large scale by means of the wireless infrastructure, and the telephone game. In this game, the first player whispers a word in the ear of the next player, which he\/she shares forward, until the last player tells everybody what he\/she understood. The results of the shares in the telephone game are most often hilarious as a result of the discrepancies between the input and the output of the information, and that is, most likely, the very purpose of the game.<\/p>\n\n\n\n<p>Wireless, progresie:<\/p>\n\n\n\n<figure class=\"wp-block-image size-large is-style-zoooom\"><a href=\"blob:http:\/\/www.teofilioanstiop.ro\/cb9c7934-aec3-42e5-855f-888c3789bde4\"><img decoding=\"async\" loading=\"lazy\" width=\"1024\" height=\"724\" src=\"http:\/\/www.teofilioanstiop.ro\/wp-content\/uploads\/2020\/05\/Wireless-Progresie-1024x724.jpg\" alt=\"\" class=\"wp-image-747\" srcset=\"http:\/\/www.teofilioanstiop.ro\/wp-content\/uploads\/2020\/05\/Wireless-Progresie-1024x724.jpg 1024w, http:\/\/www.teofilioanstiop.ro\/wp-content\/uploads\/2020\/05\/Wireless-Progresie-300x212.jpg 300w, http:\/\/www.teofilioanstiop.ro\/wp-content\/uploads\/2020\/05\/Wireless-Progresie-768x543.jpg 768w, http:\/\/www.teofilioanstiop.ro\/wp-content\/uploads\/2020\/05\/Wireless-Progresie-1536x1086.jpg 1536w, http:\/\/www.teofilioanstiop.ro\/wp-content\/uploads\/2020\/05\/Wireless-Progresie-2048x1448.jpg 2048w\" sizes=\"(max-width: 706px) 89vw, (max-width: 767px) 82vw, 740px\" \/><\/a><\/figure>","protected":false},"excerpt":{"rendered":"<p>Wireless, 199,5&#215;120,5 cm, ulei pe p\u00e2nz\u0103, 2016Contacteaz\u0103 artistul pentru informa\u0163ii suplimentare. \u00cen Wireless se propune, sub form\u0103 alegoric\u0103, o invazie a unei turme de oi \u00eentr-o bibliotec\u0103, ce poate fi citit\u0103 deopotriv\u0103 \u0219i ca arhiv\u0103 de dosare. Pictura propune un joc de cuvinte \u0219i \u00een acela\u0219i timp un joc al semnifica\u021biilor, ce graviteaz\u0103 \u00een jurul &hellip; <\/p>\n<p class=\"link-more\"><a href=\"http:\/\/www.teofilioanstiop.ro\/en\/wireless\/\" class=\"more-link\">Continue reading<span class=\"screen-reader-text\"> &#8222;Wireless&#8221;<\/span><\/a><\/p>","protected":false},"author":1,"featured_media":0,"parent":0,"menu_order":0,"comment_status":"closed","ping_status":"closed","template":"","meta":[],"_links":{"self":[{"href":"http:\/\/www.teofilioanstiop.ro\/en\/wp-json\/wp\/v2\/pages\/335"}],"collection":[{"href":"http:\/\/www.teofilioanstiop.ro\/en\/wp-json\/wp\/v2\/pages"}],"about":[{"href":"http:\/\/www.teofilioanstiop.ro\/en\/wp-json\/wp\/v2\/types\/page"}],"author":[{"embeddable":true,"href":"http:\/\/www.teofilioanstiop.ro\/en\/wp-json\/wp\/v2\/users\/1"}],"replies":[{"embeddable":true,"href":"http:\/\/www.teofilioanstiop.ro\/en\/wp-json\/wp\/v2\/comments?post=335"}],"version-history":[{"count":3,"href":"http:\/\/www.teofilioanstiop.ro\/en\/wp-json\/wp\/v2\/pages\/335\/revisions"}],"predecessor-version":[{"id":748,"href":"http:\/\/www.teofilioanstiop.ro\/en\/wp-json\/wp\/v2\/pages\/335\/revisions\/748"}],"wp:attachment":[{"href":"http:\/\/www.teofilioanstiop.ro\/en\/wp-json\/wp\/v2\/media?parent=335"}],"curies":[{"name":"wp","href":"https:\/\/api.w.org\/{rel}","templated":true}]}}