{"id":356,"date":"2019-10-23T14:37:36","date_gmt":"2019-10-23T14:37:36","guid":{"rendered":"http:\/\/www.teofilioanstiop.ro\/?page_id=356"},"modified":"2023-04-14T14:38:35","modified_gmt":"2023-04-14T14:38:35","slug":"slide-show","status":"publish","type":"page","link":"http:\/\/www.teofilioanstiop.ro\/en\/slide-show\/","title":{"rendered":"Slide Show"},"content":{"rendered":"<p class=\"has-text-align-right translation-block\">Grouped under the syntagma of Slide Show is a series of paintings whose subjects are zoomorphic elements inserted in frames that evoke various forms of informational \u201cjamming\u201d. The contexts where the subjects are placed are populated with sedimentary paper residues of many types: dossier archives, bundles of compacted newspapers, heaps of fragments from media articles, mounds of origami, piles of money. Besides the post-apocalyptic dramatism on display, the quantity of information that is presumed to be here has only a theatrical, a decorative value, just as the pathetic subjects that derive from it. The reason of placing them in the frame is that of revealing the nature perverted by the show business, the insidious cohabitation of the entertainment with the manipulation, of the naivety with the cruelty.<\/p>\n\n\n\n<figure class=\"wp-block-image size-large is-style-zoooom\"><a href=\"http:\/\/www.teofilioanstiop.ro\/en\/bombex\/\"><img decoding=\"async\" loading=\"lazy\" width=\"1024\" height=\"686\" src=\"https:\/\/www.teofilioanstiop.ro\/wp-content\/uploads\/2023\/04\/BombEx-1024x686.jpg\" alt=\"\" class=\"wp-image-816\" srcset=\"http:\/\/www.teofilioanstiop.ro\/wp-content\/uploads\/2023\/04\/BombEx-1024x686.jpg 1024w, http:\/\/www.teofilioanstiop.ro\/wp-content\/uploads\/2023\/04\/BombEx-300x201.jpg 300w, http:\/\/www.teofilioanstiop.ro\/wp-content\/uploads\/2023\/04\/BombEx-768x515.jpg 768w, http:\/\/www.teofilioanstiop.ro\/wp-content\/uploads\/2023\/04\/BombEx-1536x1030.jpg 1536w, http:\/\/www.teofilioanstiop.ro\/wp-content\/uploads\/2023\/04\/BombEx-2048x1373.jpg 2048w, http:\/\/www.teofilioanstiop.ro\/wp-content\/uploads\/2023\/04\/BombEx-18x12.jpg 18w\" sizes=\"(max-width: 706px) 89vw, (max-width: 767px) 82vw, 740px\" \/><\/a><figcaption class=\"wp-element-caption\"><em>BombEx<\/em><\/figcaption><\/figure>\n\n\n\n<figure class=\"wp-block-image is-resized\"><a href=\"http:\/\/www.teofilioanstiop.ro\/en\/wireless\/\"><img decoding=\"async\" loading=\"lazy\" src=\"http:\/\/www.teofilioanstiop.ro\/wp-content\/uploads\/2019\/10\/Wireless-1024x669.jpg\" alt=\"\" class=\"wp-image-319\" width=\"1024\" height=\"669\" srcset=\"http:\/\/www.teofilioanstiop.ro\/wp-content\/uploads\/2019\/10\/Wireless-1024x669.jpg 1024w, http:\/\/www.teofilioanstiop.ro\/wp-content\/uploads\/2019\/10\/Wireless-300x196.jpg 300w, http:\/\/www.teofilioanstiop.ro\/wp-content\/uploads\/2019\/10\/Wireless-768x502.jpg 768w\" sizes=\"(max-width: 706px) 89vw, (max-width: 767px) 82vw, 740px\" \/><\/a><figcaption class=\"wp-element-caption\">Wireless<\/figcaption><\/figure>\n\n\n\n<figure class=\"wp-block-image is-resized\"><a href=\"http:\/\/www.teofilioanstiop.ro\/en\/leviathan-2\/\"><img decoding=\"async\" loading=\"lazy\" src=\"http:\/\/www.teofilioanstiop.ro\/wp-content\/uploads\/2019\/08\/Leviathan-1024x574.jpg\" alt=\"Leviathan\" class=\"wp-image-41\" width=\"1024\" height=\"574\" srcset=\"http:\/\/www.teofilioanstiop.ro\/wp-content\/uploads\/2019\/08\/Leviathan-1024x574.jpg 1024w, http:\/\/www.teofilioanstiop.ro\/wp-content\/uploads\/2019\/08\/Leviathan-300x168.jpg 300w, http:\/\/www.teofilioanstiop.ro\/wp-content\/uploads\/2019\/08\/Leviathan-768x430.jpg 768w, http:\/\/www.teofilioanstiop.ro\/wp-content\/uploads\/2019\/08\/Leviathan-500x280.jpg 500w, http:\/\/www.teofilioanstiop.ro\/wp-content\/uploads\/2019\/08\/Leviathan-800x448.jpg 800w, http:\/\/www.teofilioanstiop.ro\/wp-content\/uploads\/2019\/08\/Leviathan-1280x717.jpg 1280w, http:\/\/www.teofilioanstiop.ro\/wp-content\/uploads\/2019\/08\/Leviathan-1920x1076.jpg 1920w\" sizes=\"(max-width: 706px) 89vw, (max-width: 767px) 82vw, 740px\" \/><\/a><figcaption class=\"wp-element-caption\">Leviathan, 2017<\/figcaption><\/figure>\n\n\n\n<figure class=\"wp-block-image is-resized\"><a href=\"http:\/\/www.teofilioanstiop.ro\/en\/feedback-with-calipso\/\"><img decoding=\"async\" loading=\"lazy\" src=\"http:\/\/www.teofilioanstiop.ro\/wp-content\/uploads\/2019\/08\/Feedback-with-Calipso-1024x701.jpg\" alt=\"\" class=\"wp-image-68\" width=\"1024\" height=\"701\" srcset=\"http:\/\/www.teofilioanstiop.ro\/wp-content\/uploads\/2019\/08\/Feedback-with-Calipso-1024x701.jpg 1024w, http:\/\/www.teofilioanstiop.ro\/wp-content\/uploads\/2019\/08\/Feedback-with-Calipso-300x205.jpg 300w, http:\/\/www.teofilioanstiop.ro\/wp-content\/uploads\/2019\/08\/Feedback-with-Calipso-768x525.jpg 768w\" sizes=\"(max-width: 706px) 89vw, (max-width: 767px) 82vw, 740px\" \/><\/a><figcaption class=\"wp-element-caption\">Feedback with Calypso<\/figcaption><\/figure>\n\n\n\n<figure class=\"wp-block-image is-resized\"><a href=\"http:\/\/www.teofilioanstiop.ro\/en\/palantir-2\/\"><img decoding=\"async\" loading=\"lazy\" src=\"http:\/\/www.teofilioanstiop.ro\/wp-content\/uploads\/2019\/08\/Palantir-1024x772.jpg\" alt=\"\" class=\"wp-image-32\" width=\"1024\" height=\"772\"\/><\/a><figcaption class=\"wp-element-caption\">Palantir<\/figcaption><\/figure>\n\n\n\n<figure class=\"wp-block-image is-resized\"><a href=\"http:\/\/www.teofilioanstiop.ro\/en\/firefox-2\/\"><img decoding=\"async\" loading=\"lazy\" src=\"http:\/\/www.teofilioanstiop.ro\/wp-content\/uploads\/2019\/08\/Firefox-1024x778.jpg\" alt=\"\" class=\"wp-image-38\" width=\"1024\" height=\"778\"\/><\/a><figcaption class=\"wp-element-caption\">Firefox<\/figcaption><\/figure>\n\n\n\n<figure class=\"wp-block-image is-resized\"><a href=\"http:\/\/www.teofilioanstiop.ro\/en\/activism\/\"><img decoding=\"async\" loading=\"lazy\" src=\"http:\/\/www.teofilioanstiop.ro\/wp-content\/uploads\/2019\/08\/Activism-1024x763.jpg\" alt=\"\" class=\"wp-image-71\" width=\"1024\" height=\"763\" srcset=\"http:\/\/www.teofilioanstiop.ro\/wp-content\/uploads\/2019\/08\/Activism-1024x763.jpg 1024w, http:\/\/www.teofilioanstiop.ro\/wp-content\/uploads\/2019\/08\/Activism-300x224.jpg 300w, http:\/\/www.teofilioanstiop.ro\/wp-content\/uploads\/2019\/08\/Activism-768x572.jpg 768w\" sizes=\"(max-width: 706px) 89vw, (max-width: 767px) 82vw, 740px\" \/><\/a><figcaption class=\"wp-element-caption\">Activism<\/figcaption><\/figure>\n\n\n\n<figure class=\"wp-block-image is-resized\"><a href=\"http:\/\/www.teofilioanstiop.ro\/en\/wallpaper-2\/\"><img decoding=\"async\" loading=\"lazy\" src=\"http:\/\/www.teofilioanstiop.ro\/wp-content\/uploads\/2019\/08\/Wallpaper-1024x698.jpg\" alt=\"\" class=\"wp-image-34\" width=\"1024\" height=\"698\" srcset=\"http:\/\/www.teofilioanstiop.ro\/wp-content\/uploads\/2019\/08\/Wallpaper-1024x698.jpg 1024w, http:\/\/www.teofilioanstiop.ro\/wp-content\/uploads\/2019\/08\/Wallpaper-300x205.jpg 300w, http:\/\/www.teofilioanstiop.ro\/wp-content\/uploads\/2019\/08\/Wallpaper-768x524.jpg 768w, http:\/\/www.teofilioanstiop.ro\/wp-content\/uploads\/2019\/08\/Wallpaper-500x341.jpg 500w, http:\/\/www.teofilioanstiop.ro\/wp-content\/uploads\/2019\/08\/Wallpaper-800x546.jpg 800w, http:\/\/www.teofilioanstiop.ro\/wp-content\/uploads\/2019\/08\/Wallpaper-1280x873.jpg 1280w, http:\/\/www.teofilioanstiop.ro\/wp-content\/uploads\/2019\/08\/Wallpaper-1920x1309.jpg 1920w\" sizes=\"(max-width: 706px) 89vw, (max-width: 767px) 82vw, 740px\" \/><\/a><figcaption class=\"wp-element-caption\">Wallpaper<\/figcaption><\/figure>","protected":false},"excerpt":{"rendered":"<p>Seria Slide Show Sub sintagma Slide Show se grupeaz\u0103 seria de picturi care are ca subiect elemente zoomorfe introduse \u00een cadre ce evoc\u0103 diverse forme de bruiaje informa\u021bionale. Contextele \u00een care sunt plasate subiectele sunt populate de reziduuri sedimentare din h\u00e2rtie de diverse facturi: depozite de dosare, baloturi de ziare compactate, gr\u0103mezi de fragmente de &hellip; <\/p>\n<p class=\"link-more\"><a href=\"http:\/\/www.teofilioanstiop.ro\/en\/slide-show\/\" class=\"more-link\">Continue reading<span class=\"screen-reader-text\"> &#8222;Slide Show&#8221;<\/span><\/a><\/p>","protected":false},"author":1,"featured_media":0,"parent":0,"menu_order":0,"comment_status":"closed","ping_status":"closed","template":"","meta":[],"_links":{"self":[{"href":"http:\/\/www.teofilioanstiop.ro\/en\/wp-json\/wp\/v2\/pages\/356"}],"collection":[{"href":"http:\/\/www.teofilioanstiop.ro\/en\/wp-json\/wp\/v2\/pages"}],"about":[{"href":"http:\/\/www.teofilioanstiop.ro\/en\/wp-json\/wp\/v2\/types\/page"}],"author":[{"embeddable":true,"href":"http:\/\/www.teofilioanstiop.ro\/en\/wp-json\/wp\/v2\/users\/1"}],"replies":[{"embeddable":true,"href":"http:\/\/www.teofilioanstiop.ro\/en\/wp-json\/wp\/v2\/comments?post=356"}],"version-history":[{"count":5,"href":"http:\/\/www.teofilioanstiop.ro\/en\/wp-json\/wp\/v2\/pages\/356\/revisions"}],"predecessor-version":[{"id":824,"href":"http:\/\/www.teofilioanstiop.ro\/en\/wp-json\/wp\/v2\/pages\/356\/revisions\/824"}],"wp:attachment":[{"href":"http:\/\/www.teofilioanstiop.ro\/en\/wp-json\/wp\/v2\/media?parent=356"}],"curies":[{"name":"wp","href":"https:\/\/api.w.org\/{rel}","templated":true}]}}