{"id":612,"date":"2020-05-24T11:10:55","date_gmt":"2020-05-24T11:10:55","guid":{"rendered":"http:\/\/www.teofilioanstiop.ro\/?page_id=612"},"modified":"2020-05-25T16:23:04","modified_gmt":"2020-05-25T16:23:04","slug":"entropic-delight","status":"publish","type":"page","link":"http:\/\/www.teofilioanstiop.ro\/en\/entropic-delight\/","title":{"rendered":"Entropic Delight"},"content":{"rendered":"<figure class=\"wp-block-image size-large is-style-zoooom\"><a href=\"http:\/\/www.teofilioanstiop.ro\/wp-content\/uploads\/2020\/05\/Entopic-Delight-scaled.jpg\" data-rel=\"lightbox-image-0\" data-rl_title=\"\" data-rl_caption=\"\" title=\"\"><img decoding=\"async\" loading=\"lazy\" width=\"1024\" height=\"684\" src=\"http:\/\/www.teofilioanstiop.ro\/wp-content\/uploads\/2020\/05\/Entopic-Delight-1024x684.jpg\" alt=\"\" class=\"wp-image-590\" srcset=\"http:\/\/www.teofilioanstiop.ro\/wp-content\/uploads\/2020\/05\/Entopic-Delight-1024x684.jpg 1024w, http:\/\/www.teofilioanstiop.ro\/wp-content\/uploads\/2020\/05\/Entopic-Delight-300x200.jpg 300w, http:\/\/www.teofilioanstiop.ro\/wp-content\/uploads\/2020\/05\/Entopic-Delight-768x513.jpg 768w, http:\/\/www.teofilioanstiop.ro\/wp-content\/uploads\/2020\/05\/Entopic-Delight-1536x1026.jpg 1536w, http:\/\/www.teofilioanstiop.ro\/wp-content\/uploads\/2020\/05\/Entopic-Delight-2048x1368.jpg 2048w\" sizes=\"(max-width: 706px) 89vw, (max-width: 767px) 82vw, 740px\" \/><\/a><\/figure>\n\n\n\n<p class=\"has-text-align-right\"><em>Entropic delight<\/em><\/p>\n\n\n\n<p class=\"has-text-align-right\">199.5x129.5 cm, oil, acrylic and spray on canvas, 2020<br><a href=\"http:\/\/www.teofilioanstiop.ro\/en\/contact\/\">Contact the artist for additional information.<\/a><\/p>\n\n\n\n<p class=\"has-text-align-right\">The irreversibility of   time and the joys that make us forget this relentless truth represent the ideational core of the work. The scene is monopolized by the seemingly trivial carousel which is decorated with some pictorial scenes. They are alluding to the series of medieval tapestries made by Jean Bondol and Nicholas Bataille, housed in the castle of Angers, which represent the four riders of the Apocalypse. In this horizon of the passage, the \"knights\" on theatrical toy horses tend to join the immortalized apocalyptic riders, not before being dissolved in the most pleasant manner by the centrifugal movement of the carousel.\nOffspring (nu pot s\u0103 o deschid sa vad daca are traducerea in eng., o pun aici in caz ca nu are)\n(120x80 cm, oil on canvas, 2020), contact the artist for additional information\nUnlike the other compositions, Offspring presents a framework that is much more concrete and personal. The work is a self-portrait of the artist with his son, in an idyllic setting of trees in blossom, in which the two characters give the impression of melting, as if dissolving in the landscape, in contrasts with the almost photographic concreteness of the image. The presence of the work in the series is under the sign of the counterpoint; its personal character gives a much more intimate connotation to the interpretation of the other works.<\/p>\n\n\n\n<p class=\"has-text-align-right\">Entropic delight, progresie:<\/p>\n\n\n\n<div class=\"wp-block-image is-style-zoooom\"><figure class=\"alignright size-large\"><a href=\"http:\/\/www.teofilioanstiop.ro\/wp-content\/uploads\/2020\/05\/Entropic-Delight-Progresie-scaled.jpg\" data-rel=\"lightbox-image-1\" data-rl_title=\"\" data-rl_caption=\"\" title=\"\"><img decoding=\"async\" loading=\"lazy\" width=\"1024\" height=\"724\" src=\"http:\/\/www.teofilioanstiop.ro\/wp-content\/uploads\/2020\/05\/Entropic-Delight-Progresie-1024x724.jpg\" alt=\"\" class=\"wp-image-613\" srcset=\"http:\/\/www.teofilioanstiop.ro\/wp-content\/uploads\/2020\/05\/Entropic-Delight-Progresie-1024x724.jpg 1024w, http:\/\/www.teofilioanstiop.ro\/wp-content\/uploads\/2020\/05\/Entropic-Delight-Progresie-300x212.jpg 300w, http:\/\/www.teofilioanstiop.ro\/wp-content\/uploads\/2020\/05\/Entropic-Delight-Progresie-768x543.jpg 768w, http:\/\/www.teofilioanstiop.ro\/wp-content\/uploads\/2020\/05\/Entropic-Delight-Progresie-1536x1086.jpg 1536w, http:\/\/www.teofilioanstiop.ro\/wp-content\/uploads\/2020\/05\/Entropic-Delight-Progresie-2048x1448.jpg 2048w\" sizes=\"(max-width: 706px) 89vw, (max-width: 767px) 82vw, 740px\" \/><\/a><\/figure><\/div>","protected":false},"excerpt":{"rendered":"<p>Entropic delight 199,5&#215;129,5 cm, ulei, acrilic \u015fi spray pe p\u00e2nz\u0103, 2020.Contacteaz\u0103 artistul pentru informa\u0163ii suplimentare. Ireversibilitatea trecerii timpului \u015fi bucuriile care ne fac s\u0103 uit\u0103m de acest adev\u0103r implacabil reprezint\u0103 nucleul ideatic al lucr\u0103rii. Scena la care se face referire \u00een lucrare este monopolizat\u0103 de aparentul banal carusel. Acesta este decorat cu scene picturale ce &hellip; <\/p>\n<p class=\"link-more\"><a href=\"http:\/\/www.teofilioanstiop.ro\/en\/entropic-delight\/\" class=\"more-link\">Continue reading<span class=\"screen-reader-text\"> &#8222;Entropic Delight&#8221;<\/span><\/a><\/p>","protected":false},"author":3,"featured_media":0,"parent":0,"menu_order":0,"comment_status":"closed","ping_status":"closed","template":"","meta":[],"_links":{"self":[{"href":"http:\/\/www.teofilioanstiop.ro\/en\/wp-json\/wp\/v2\/pages\/612"}],"collection":[{"href":"http:\/\/www.teofilioanstiop.ro\/en\/wp-json\/wp\/v2\/pages"}],"about":[{"href":"http:\/\/www.teofilioanstiop.ro\/en\/wp-json\/wp\/v2\/types\/page"}],"author":[{"embeddable":true,"href":"http:\/\/www.teofilioanstiop.ro\/en\/wp-json\/wp\/v2\/users\/3"}],"replies":[{"embeddable":true,"href":"http:\/\/www.teofilioanstiop.ro\/en\/wp-json\/wp\/v2\/comments?post=612"}],"version-history":[{"count":4,"href":"http:\/\/www.teofilioanstiop.ro\/en\/wp-json\/wp\/v2\/pages\/612\/revisions"}],"predecessor-version":[{"id":742,"href":"http:\/\/www.teofilioanstiop.ro\/en\/wp-json\/wp\/v2\/pages\/612\/revisions\/742"}],"wp:attachment":[{"href":"http:\/\/www.teofilioanstiop.ro\/en\/wp-json\/wp\/v2\/media?parent=612"}],"curies":[{"name":"wp","href":"https:\/\/api.w.org\/{rel}","templated":true}]}}