{"id":660,"date":"2020-05-24T11:41:29","date_gmt":"2020-05-24T11:41:29","guid":{"rendered":"http:\/\/www.teofilioanstiop.ro\/?page_id=660"},"modified":"2020-05-24T11:41:29","modified_gmt":"2020-05-24T11:41:29","slug":"seductie-xii","status":"publish","type":"page","link":"http:\/\/www.teofilioanstiop.ro\/en\/seductie-xii\/","title":{"rendered":"Seductie XII"},"content":{"rendered":"<figure class=\"wp-block-image size-large is-style-zoooom\"><a href=\"http:\/\/www.teofilioanstiop.ro\/wp-content\/uploads\/2020\/05\/seductie-12.jpg\" data-rel=\"lightbox-image-0\" data-rl_title=\"\" data-rl_caption=\"\" title=\"\"><img decoding=\"async\" loading=\"lazy\" width=\"1011\" height=\"1024\" src=\"http:\/\/www.teofilioanstiop.ro\/wp-content\/uploads\/2020\/05\/seductie-12-1011x1024.jpg\" alt=\"\" class=\"wp-image-557\" srcset=\"http:\/\/www.teofilioanstiop.ro\/wp-content\/uploads\/2020\/05\/seductie-12-1011x1024.jpg 1011w, http:\/\/www.teofilioanstiop.ro\/wp-content\/uploads\/2020\/05\/seductie-12-296x300.jpg 296w, http:\/\/www.teofilioanstiop.ro\/wp-content\/uploads\/2020\/05\/seductie-12-768x778.jpg 768w, http:\/\/www.teofilioanstiop.ro\/wp-content\/uploads\/2020\/05\/seductie-12-1517x1536.jpg 1517w, http:\/\/www.teofilioanstiop.ro\/wp-content\/uploads\/2020\/05\/seductie-12-100x100.jpg 100w, http:\/\/www.teofilioanstiop.ro\/wp-content\/uploads\/2020\/05\/seductie-12.jpg 1912w\" sizes=\"(max-width: 706px) 89vw, (max-width: 767px) 82vw, 740px\" \/><\/a><\/figure>\n\n\n\n<p class=\"has-text-align-right\">150&#215;150 cm tempera, colaj, spray, acrilic \u0219i alchidic pe p\u00e2nz\u0103, 1999-2000<br><a href=\"http:\/\/www.teofilioanstiop.ro\/en\/contact\/\">Contact the artist for additional information.<\/a><\/p>","protected":false},"excerpt":{"rendered":"<p>150&#215;150 cm tempera, colaj, spray, acrilic \u0219i alchidic pe p\u00e2nz\u0103, 1999-2000Contacteaz\u0103 artistul pentru informa\u0163ii suplimentare.<\/p>","protected":false},"author":3,"featured_media":0,"parent":0,"menu_order":0,"comment_status":"closed","ping_status":"closed","template":"","meta":[],"_links":{"self":[{"href":"http:\/\/www.teofilioanstiop.ro\/en\/wp-json\/wp\/v2\/pages\/660"}],"collection":[{"href":"http:\/\/www.teofilioanstiop.ro\/en\/wp-json\/wp\/v2\/pages"}],"about":[{"href":"http:\/\/www.teofilioanstiop.ro\/en\/wp-json\/wp\/v2\/types\/page"}],"author":[{"embeddable":true,"href":"http:\/\/www.teofilioanstiop.ro\/en\/wp-json\/wp\/v2\/users\/3"}],"replies":[{"embeddable":true,"href":"http:\/\/www.teofilioanstiop.ro\/en\/wp-json\/wp\/v2\/comments?post=660"}],"version-history":[{"count":1,"href":"http:\/\/www.teofilioanstiop.ro\/en\/wp-json\/wp\/v2\/pages\/660\/revisions"}],"predecessor-version":[{"id":661,"href":"http:\/\/www.teofilioanstiop.ro\/en\/wp-json\/wp\/v2\/pages\/660\/revisions\/661"}],"wp:attachment":[{"href":"http:\/\/www.teofilioanstiop.ro\/en\/wp-json\/wp\/v2\/media?parent=660"}],"curies":[{"name":"wp","href":"https:\/\/api.w.org\/{rel}","templated":true}]}}