{"id":680,"date":"2020-05-24T12:14:36","date_gmt":"2020-05-24T12:14:36","guid":{"rendered":"http:\/\/www.teofilioanstiop.ro\/?page_id=680"},"modified":"2020-05-24T12:20:18","modified_gmt":"2020-05-24T12:20:18","slug":"topografii-2004","status":"publish","type":"page","link":"http:\/\/www.teofilioanstiop.ro\/en\/topografii-2004\/","title":{"rendered":"Topografii (2004)"},"content":{"rendered":"<p class=\"has-text-align-right\">Punctul de plecare al seriei Topografii \u00eel reprezint\u0103 genul peisajului v\u0103zut de sus. \u00cen cadrul compozi\u021biilor se accentueaz\u0103 bidimensionalitatea abstract\u0103 \u0219i schematic\u0103 de macro plan. Ea este secondat\u0103 de o aluzie, at\u00e2t prin cromatic\u0103 c\u00e2t \u0219i prin dispunerea diferitelor structuri plastice, la registrul biologic, al proximit\u0103\u021bii carnale de micro plan.&nbsp;<\/p>\n\n\n\n<figure class=\"wp-block-image size-large is-style-zoooom\"><a href=\"http:\/\/www.teofilioanstiop.ro\/en\/topografie-i\/\"><img decoding=\"async\" loading=\"lazy\" width=\"1014\" height=\"1024\" src=\"http:\/\/www.teofilioanstiop.ro\/wp-content\/uploads\/2020\/05\/Topografie-1-1014x1024.jpg\" alt=\"\" class=\"wp-image-566\" srcset=\"http:\/\/www.teofilioanstiop.ro\/wp-content\/uploads\/2020\/05\/Topografie-1-1014x1024.jpg 1014w, http:\/\/www.teofilioanstiop.ro\/wp-content\/uploads\/2020\/05\/Topografie-1-297x300.jpg 297w, http:\/\/www.teofilioanstiop.ro\/wp-content\/uploads\/2020\/05\/Topografie-1-150x150.jpg 150w, http:\/\/www.teofilioanstiop.ro\/wp-content\/uploads\/2020\/05\/Topografie-1-768x776.jpg 768w, http:\/\/www.teofilioanstiop.ro\/wp-content\/uploads\/2020\/05\/Topografie-1-1521x1536.jpg 1521w, http:\/\/www.teofilioanstiop.ro\/wp-content\/uploads\/2020\/05\/Topografie-1-2028x2048.jpg 2028w, http:\/\/www.teofilioanstiop.ro\/wp-content\/uploads\/2020\/05\/Topografie-1-100x100.jpg 100w\" sizes=\"(max-width: 706px) 89vw, (max-width: 767px) 82vw, 740px\" \/><\/a><figcaption>Topografie 1<\/figcaption><\/figure>\n\n\n\n<figure class=\"wp-block-image size-large is-style-zoooom\"><a href=\"http:\/\/www.teofilioanstiop.ro\/en\/topografie-iii\/\"><img decoding=\"async\" loading=\"lazy\" width=\"1012\" height=\"1024\" src=\"http:\/\/www.teofilioanstiop.ro\/wp-content\/uploads\/2020\/05\/Topografie-3-1012x1024.jpg\" alt=\"\" class=\"wp-image-567\" srcset=\"http:\/\/www.teofilioanstiop.ro\/wp-content\/uploads\/2020\/05\/Topografie-3-1012x1024.jpg 1012w, http:\/\/www.teofilioanstiop.ro\/wp-content\/uploads\/2020\/05\/Topografie-3-297x300.jpg 297w, http:\/\/www.teofilioanstiop.ro\/wp-content\/uploads\/2020\/05\/Topografie-3-768x777.jpg 768w, http:\/\/www.teofilioanstiop.ro\/wp-content\/uploads\/2020\/05\/Topografie-3-1518x1536.jpg 1518w, http:\/\/www.teofilioanstiop.ro\/wp-content\/uploads\/2020\/05\/Topografie-3-2024x2048.jpg 2024w, http:\/\/www.teofilioanstiop.ro\/wp-content\/uploads\/2020\/05\/Topografie-3-100x100.jpg 100w\" sizes=\"(max-width: 706px) 89vw, (max-width: 767px) 82vw, 740px\" \/><\/a><figcaption>Topografie 3<\/figcaption><\/figure>\n\n\n\n<figure class=\"wp-block-image size-large is-style-zoooom\"><a href=\"http:\/\/www.teofilioanstiop.ro\/en\/topografie-iv\/\"><img decoding=\"async\" loading=\"lazy\" width=\"1014\" height=\"1024\" src=\"http:\/\/www.teofilioanstiop.ro\/wp-content\/uploads\/2020\/05\/Topografie-4-1014x1024.jpg\" alt=\"\" class=\"wp-image-568\" srcset=\"http:\/\/www.teofilioanstiop.ro\/wp-content\/uploads\/2020\/05\/Topografie-4-1014x1024.jpg 1014w, http:\/\/www.teofilioanstiop.ro\/wp-content\/uploads\/2020\/05\/Topografie-4-297x300.jpg 297w, http:\/\/www.teofilioanstiop.ro\/wp-content\/uploads\/2020\/05\/Topografie-4-150x150.jpg 150w, http:\/\/www.teofilioanstiop.ro\/wp-content\/uploads\/2020\/05\/Topografie-4-768x776.jpg 768w, http:\/\/www.teofilioanstiop.ro\/wp-content\/uploads\/2020\/05\/Topografie-4-1521x1536.jpg 1521w, http:\/\/www.teofilioanstiop.ro\/wp-content\/uploads\/2020\/05\/Topografie-4-2028x2048.jpg 2028w, http:\/\/www.teofilioanstiop.ro\/wp-content\/uploads\/2020\/05\/Topografie-4-100x100.jpg 100w\" sizes=\"(max-width: 706px) 89vw, (max-width: 767px) 82vw, 740px\" \/><\/a><figcaption>Topografie 4<\/figcaption><\/figure>\n\n\n\n<figure class=\"wp-block-image size-large is-style-zoooom\"><a href=\"http:\/\/www.teofilioanstiop.ro\/en\/topografie-v\/\"><img decoding=\"async\" loading=\"lazy\" width=\"1019\" height=\"1024\" src=\"http:\/\/www.teofilioanstiop.ro\/wp-content\/uploads\/2020\/05\/Topografie-5-1019x1024.jpg\" alt=\"\" class=\"wp-image-569\" srcset=\"http:\/\/www.teofilioanstiop.ro\/wp-content\/uploads\/2020\/05\/Topografie-5-1019x1024.jpg 1019w, http:\/\/www.teofilioanstiop.ro\/wp-content\/uploads\/2020\/05\/Topografie-5-300x300.jpg 300w, http:\/\/www.teofilioanstiop.ro\/wp-content\/uploads\/2020\/05\/Topografie-5-150x150.jpg 150w, http:\/\/www.teofilioanstiop.ro\/wp-content\/uploads\/2020\/05\/Topografie-5-768x772.jpg 768w, http:\/\/www.teofilioanstiop.ro\/wp-content\/uploads\/2020\/05\/Topografie-5-1528x1536.jpg 1528w, http:\/\/www.teofilioanstiop.ro\/wp-content\/uploads\/2020\/05\/Topografie-5-2038x2048.jpg 2038w, http:\/\/www.teofilioanstiop.ro\/wp-content\/uploads\/2020\/05\/Topografie-5-100x100.jpg 100w\" sizes=\"(max-width: 706px) 89vw, (max-width: 767px) 82vw, 740px\" \/><\/a><figcaption>Topografie 5<\/figcaption><\/figure>","protected":false},"excerpt":{"rendered":"<p>Punctul de plecare al seriei Topografii \u00eel reprezint\u0103 genul peisajului v\u0103zut de sus. \u00cen cadrul compozi\u021biilor se accentueaz\u0103 bidimensionalitatea abstract\u0103 \u0219i schematic\u0103 de macro plan. Ea este secondat\u0103 de o aluzie, at\u00e2t prin cromatic\u0103 c\u00e2t \u0219i prin dispunerea diferitelor structuri plastice, la registrul biologic, al proximit\u0103\u021bii carnale de micro plan.&nbsp;<\/p>","protected":false},"author":3,"featured_media":0,"parent":0,"menu_order":0,"comment_status":"closed","ping_status":"closed","template":"","meta":[],"_links":{"self":[{"href":"http:\/\/www.teofilioanstiop.ro\/en\/wp-json\/wp\/v2\/pages\/680"}],"collection":[{"href":"http:\/\/www.teofilioanstiop.ro\/en\/wp-json\/wp\/v2\/pages"}],"about":[{"href":"http:\/\/www.teofilioanstiop.ro\/en\/wp-json\/wp\/v2\/types\/page"}],"author":[{"embeddable":true,"href":"http:\/\/www.teofilioanstiop.ro\/en\/wp-json\/wp\/v2\/users\/3"}],"replies":[{"embeddable":true,"href":"http:\/\/www.teofilioanstiop.ro\/en\/wp-json\/wp\/v2\/comments?post=680"}],"version-history":[{"count":5,"href":"http:\/\/www.teofilioanstiop.ro\/en\/wp-json\/wp\/v2\/pages\/680\/revisions"}],"predecessor-version":[{"id":695,"href":"http:\/\/www.teofilioanstiop.ro\/en\/wp-json\/wp\/v2\/pages\/680\/revisions\/695"}],"wp:attachment":[{"href":"http:\/\/www.teofilioanstiop.ro\/en\/wp-json\/wp\/v2\/media?parent=680"}],"curies":[{"name":"wp","href":"https:\/\/api.w.org\/{rel}","templated":true}]}}