{"id":709,"date":"2020-05-24T12:32:31","date_gmt":"2020-05-24T12:32:31","guid":{"rendered":"http:\/\/www.teofilioanstiop.ro\/?page_id=709"},"modified":"2020-05-24T12:32:31","modified_gmt":"2020-05-24T12:32:31","slug":"gradina-inchipuita-6","status":"publish","type":"page","link":"http:\/\/www.teofilioanstiop.ro\/en\/gradina-inchipuita-6\/","title":{"rendered":"Gradin\u0103 \u00eenchipuit\u0103 6"},"content":{"rendered":"<figure class=\"wp-block-image size-large is-style-zoooom\"><a href=\"http:\/\/www.teofilioanstiop.ro\/wp-content\/uploads\/2020\/05\/Gradinina-inchipuita-6-scaled.jpg\" data-rel=\"lightbox-image-0\" data-rl_title=\"\" data-rl_caption=\"\" title=\"\"><img decoding=\"async\" loading=\"lazy\" width=\"1024\" height=\"964\" src=\"http:\/\/www.teofilioanstiop.ro\/wp-content\/uploads\/2020\/05\/Gradinina-inchipuita-6-1024x964.jpg\" alt=\"\" class=\"wp-image-575\" srcset=\"http:\/\/www.teofilioanstiop.ro\/wp-content\/uploads\/2020\/05\/Gradinina-inchipuita-6-1024x964.jpg 1024w, http:\/\/www.teofilioanstiop.ro\/wp-content\/uploads\/2020\/05\/Gradinina-inchipuita-6-300x282.jpg 300w, http:\/\/www.teofilioanstiop.ro\/wp-content\/uploads\/2020\/05\/Gradinina-inchipuita-6-768x723.jpg 768w, http:\/\/www.teofilioanstiop.ro\/wp-content\/uploads\/2020\/05\/Gradinina-inchipuita-6-1536x1446.jpg 1536w, http:\/\/www.teofilioanstiop.ro\/wp-content\/uploads\/2020\/05\/Gradinina-inchipuita-6-2048x1928.jpg 2048w\" sizes=\"(max-width: 706px) 89vw, (max-width: 767px) 82vw, 740px\" \/><\/a><\/figure>\n\n\n\n<p class=\"has-text-align-right\">8,5&#215;78,5 cm, acrilic, tempera \u0219i c\u0103rbune pe p\u00e2nz\u0103, 2007<br><a href=\"http:\/\/www.teofilioanstiop.ro\/en\/contact\/\">Contact the artist for additional information.<\/a><\/p>","protected":false},"excerpt":{"rendered":"<p>8,5&#215;78,5 cm, acrilic, tempera \u0219i c\u0103rbune pe p\u00e2nz\u0103, 2007Contacteaz\u0103 artistul pentru informa\u0163ii suplimentare.<\/p>","protected":false},"author":3,"featured_media":0,"parent":0,"menu_order":0,"comment_status":"closed","ping_status":"closed","template":"","meta":[],"_links":{"self":[{"href":"http:\/\/www.teofilioanstiop.ro\/en\/wp-json\/wp\/v2\/pages\/709"}],"collection":[{"href":"http:\/\/www.teofilioanstiop.ro\/en\/wp-json\/wp\/v2\/pages"}],"about":[{"href":"http:\/\/www.teofilioanstiop.ro\/en\/wp-json\/wp\/v2\/types\/page"}],"author":[{"embeddable":true,"href":"http:\/\/www.teofilioanstiop.ro\/en\/wp-json\/wp\/v2\/users\/3"}],"replies":[{"embeddable":true,"href":"http:\/\/www.teofilioanstiop.ro\/en\/wp-json\/wp\/v2\/comments?post=709"}],"version-history":[{"count":1,"href":"http:\/\/www.teofilioanstiop.ro\/en\/wp-json\/wp\/v2\/pages\/709\/revisions"}],"predecessor-version":[{"id":710,"href":"http:\/\/www.teofilioanstiop.ro\/en\/wp-json\/wp\/v2\/pages\/709\/revisions\/710"}],"wp:attachment":[{"href":"http:\/\/www.teofilioanstiop.ro\/en\/wp-json\/wp\/v2\/media?parent=709"}],"curies":[{"name":"wp","href":"https:\/\/api.w.org\/{rel}","templated":true}]}}