{"id":822,"date":"2023-04-14T14:37:39","date_gmt":"2023-04-14T14:37:39","guid":{"rendered":"http:\/\/www.teofilioanstiop.ro\/?page_id=822"},"modified":"2023-04-17T07:34:56","modified_gmt":"2023-04-17T07:34:56","slug":"bombex","status":"publish","type":"page","link":"http:\/\/www.teofilioanstiop.ro\/en\/bombex\/","title":{"rendered":"BombEx"},"content":{"rendered":"<figure class=\"wp-block-image size-large is-style-zoooom\"><img decoding=\"async\" loading=\"lazy\" width=\"1024\" height=\"686\" src=\"http:\/\/www.teofilioanstiop.ro\/wp-content\/uploads\/2023\/04\/BombEx-1024x686.jpg\" alt=\"\" class=\"wp-image-816\" srcset=\"http:\/\/www.teofilioanstiop.ro\/wp-content\/uploads\/2023\/04\/BombEx-1024x686.jpg 1024w, http:\/\/www.teofilioanstiop.ro\/wp-content\/uploads\/2023\/04\/BombEx-300x201.jpg 300w, http:\/\/www.teofilioanstiop.ro\/wp-content\/uploads\/2023\/04\/BombEx-768x515.jpg 768w, http:\/\/www.teofilioanstiop.ro\/wp-content\/uploads\/2023\/04\/BombEx-1536x1030.jpg 1536w, http:\/\/www.teofilioanstiop.ro\/wp-content\/uploads\/2023\/04\/BombEx-2048x1373.jpg 2048w, http:\/\/www.teofilioanstiop.ro\/wp-content\/uploads\/2023\/04\/BombEx-18x12.jpg 18w\" sizes=\"(max-width: 706px) 89vw, (max-width: 767px) 82vw, 740px\" \/><\/figure>\n\n\n\n<p class=\"has-text-align-right\">120x160 cm, oil on canvas, 2018<br><a href=\"http:\/\/www.teofilioanstiop.ro\/en\/contact\/\">Contact the artist for additional information.<\/a><\/p>\n\n\n\n<p class=\"has-text-align-right\">Two Cocks were fighting over a sea mine. The direct meaning refers to violence, danger but also to the mediatic show. The indirect meaning alludes to the famous brand of erotic toys of the same name and, in this way, by virtue of the context, raises a worrying parodic alarm signal, and urges to stop the stimulating simulation.<\/p>","protected":false},"excerpt":{"rendered":"<p>120&#215;160 cm, ulei pe p\u00e2nz\u0103, 2018Contacteaz\u0103 artistul pentru informa\u0163ii suplimentare. Doi coco\u015fi se lupta deasupra unei mine marine. \u00cen\u0163elesul direct face referire la violen\u0163\u0103, pericol dar \u015fi la spectacol mediatic. \u00cen\u0163elesul indirect face aluzie la celebra marc\u0103 de juc\u0103rii erotice cu acela\u015fi nume \u015fi, pe aceast\u0103 cale, \u00een virtutea contextului, trage un semnal de alarm\u0103 &hellip; <\/p>\n<p class=\"link-more\"><a href=\"http:\/\/www.teofilioanstiop.ro\/en\/bombex\/\" class=\"more-link\">Continue reading<span class=\"screen-reader-text\"> &#8222;BombEx&#8221;<\/span><\/a><\/p>","protected":false},"author":3,"featured_media":0,"parent":0,"menu_order":0,"comment_status":"closed","ping_status":"closed","template":"","meta":[],"_links":{"self":[{"href":"http:\/\/www.teofilioanstiop.ro\/en\/wp-json\/wp\/v2\/pages\/822"}],"collection":[{"href":"http:\/\/www.teofilioanstiop.ro\/en\/wp-json\/wp\/v2\/pages"}],"about":[{"href":"http:\/\/www.teofilioanstiop.ro\/en\/wp-json\/wp\/v2\/types\/page"}],"author":[{"embeddable":true,"href":"http:\/\/www.teofilioanstiop.ro\/en\/wp-json\/wp\/v2\/users\/3"}],"replies":[{"embeddable":true,"href":"http:\/\/www.teofilioanstiop.ro\/en\/wp-json\/wp\/v2\/comments?post=822"}],"version-history":[{"count":3,"href":"http:\/\/www.teofilioanstiop.ro\/en\/wp-json\/wp\/v2\/pages\/822\/revisions"}],"predecessor-version":[{"id":826,"href":"http:\/\/www.teofilioanstiop.ro\/en\/wp-json\/wp\/v2\/pages\/822\/revisions\/826"}],"wp:attachment":[{"href":"http:\/\/www.teofilioanstiop.ro\/en\/wp-json\/wp\/v2\/media?parent=822"}],"curies":[{"name":"wp","href":"https:\/\/api.w.org\/{rel}","templated":true}]}}