{"id":829,"date":"2023-04-17T07:44:47","date_gmt":"2023-04-17T07:44:47","guid":{"rendered":"http:\/\/www.teofilioanstiop.ro\/?page_id=829"},"modified":"2023-04-19T10:12:21","modified_gmt":"2023-04-19T10:12:21","slug":"last-stand-ii","status":"publish","type":"page","link":"http:\/\/www.teofilioanstiop.ro\/en\/last-stand-ii\/","title":{"rendered":"Last Stand II"},"content":{"rendered":"<figure class=\"wp-block-image size-large is-style-zoooom\"><a href=\"http:\/\/www.teofilioanstiop.ro\/wp-content\/uploads\/2023\/04\/Last-stand-II-scaled.jpg\" data-rel=\"lightbox-image-0\" data-rl_title=\"\" data-rl_caption=\"\" title=\"\"><img decoding=\"async\" loading=\"lazy\" width=\"1024\" height=\"671\" src=\"http:\/\/www.teofilioanstiop.ro\/wp-content\/uploads\/2023\/04\/Last-stand-II-1024x671.jpg\" alt=\"\" class=\"wp-image-810\" srcset=\"http:\/\/www.teofilioanstiop.ro\/wp-content\/uploads\/2023\/04\/Last-stand-II-1024x671.jpg 1024w, http:\/\/www.teofilioanstiop.ro\/wp-content\/uploads\/2023\/04\/Last-stand-II-300x197.jpg 300w, http:\/\/www.teofilioanstiop.ro\/wp-content\/uploads\/2023\/04\/Last-stand-II-768x503.jpg 768w, http:\/\/www.teofilioanstiop.ro\/wp-content\/uploads\/2023\/04\/Last-stand-II-1536x1007.jpg 1536w, http:\/\/www.teofilioanstiop.ro\/wp-content\/uploads\/2023\/04\/Last-stand-II-2048x1342.jpg 2048w, http:\/\/www.teofilioanstiop.ro\/wp-content\/uploads\/2023\/04\/Last-stand-II-18x12.jpg 18w\" sizes=\"(max-width: 706px) 89vw, (max-width: 767px) 82vw, 740px\" \/><\/a><\/figure>\n\n\n\n<p class=\"has-text-align-right\"><em>199,5x129,5 cm, oil on canvas, 2020<\/em><br><a href=\"http:\/\/www.teofilioanstiop.ro\/en\/contact\/\"><em>Contact the artist for additional information.<\/em><\/a><\/p>\n\n\n\n<p class=\"has-text-align-right\">The continuation of the last redoubt evokes both the idea of \u200b\u200bpersistence and pathos. This fact transforms the starting point, which becomes an autonomous work into a diptych, where the shield is installed like a cloud above the head, and later, a triptych, where the cloud looms in the form of a sack, like a burden.\nThe name of the three film sequences casts an ironic note on the whole process. The last redoubt can no longer be the last one but rather a first form of resistance. &nbsp;<\/p>\n\n\n\n<p class=\"has-text-align-right\">Denumirea celor trei secven\u021be filmice arunc\u0103 o not\u0103 ironic\u0103 asupra \u00eentregului demers. Ultima redut\u0103 nu mai poate fi o ultima redut\u0103 ci mai degrab\u0103 o prim\u0103 form\u0103 de rezisten\u021b\u0103.<\/p>\n\n\n\n<p class=\"has-text-align-right\">Progresie:<br><\/p>\n\n\n<div class=\"wp-block-image\">\n<figure class=\"alignright size-large\"><img decoding=\"async\" loading=\"lazy\" width=\"1024\" height=\"724\" src=\"http:\/\/www.teofilioanstiop.ro\/wp-content\/uploads\/2023\/04\/Last-Stand-II-Progresie-1024x724.jpg\" alt=\"\" class=\"wp-image-850\" srcset=\"http:\/\/www.teofilioanstiop.ro\/wp-content\/uploads\/2023\/04\/Last-Stand-II-Progresie-1024x724.jpg 1024w, http:\/\/www.teofilioanstiop.ro\/wp-content\/uploads\/2023\/04\/Last-Stand-II-Progresie-300x212.jpg 300w, http:\/\/www.teofilioanstiop.ro\/wp-content\/uploads\/2023\/04\/Last-Stand-II-Progresie-768x543.jpg 768w, http:\/\/www.teofilioanstiop.ro\/wp-content\/uploads\/2023\/04\/Last-Stand-II-Progresie-1536x1086.jpg 1536w, http:\/\/www.teofilioanstiop.ro\/wp-content\/uploads\/2023\/04\/Last-Stand-II-Progresie-2048x1448.jpg 2048w, http:\/\/www.teofilioanstiop.ro\/wp-content\/uploads\/2023\/04\/Last-Stand-II-Progresie-18x12.jpg 18w\" sizes=\"(max-width: 706px) 89vw, (max-width: 767px) 82vw, 740px\" \/><\/figure><\/div>","protected":false},"excerpt":{"rendered":"<p>199,5&#215;129,5 cm, ulei pe p\u00e2nz\u0103, 2020Contacteaz\u0103 artistul pentru informa\u0163ii suplimentare. Continuarea ultimei redute evoc\u0103 at\u00e2t ideea de persisten\u021b\u0103 c\u00e2t \u0219i de patetism. Acest fapt transform\u0103 punctul de plecare care devine din lucrare autonom\u0103 un diptic, unde scutul se instaleaz\u0103 ca un nor deasupra capului, iar ulterior, un triptic, unde norul se profileaz\u0103 sub form\u0103 de &hellip; <\/p>\n<p class=\"link-more\"><a href=\"http:\/\/www.teofilioanstiop.ro\/en\/last-stand-ii\/\" class=\"more-link\">Continue reading<span class=\"screen-reader-text\"> &#8222;Last Stand II&#8221;<\/span><\/a><\/p>","protected":false},"author":3,"featured_media":0,"parent":0,"menu_order":0,"comment_status":"closed","ping_status":"closed","template":"","meta":[],"_links":{"self":[{"href":"http:\/\/www.teofilioanstiop.ro\/en\/wp-json\/wp\/v2\/pages\/829"}],"collection":[{"href":"http:\/\/www.teofilioanstiop.ro\/en\/wp-json\/wp\/v2\/pages"}],"about":[{"href":"http:\/\/www.teofilioanstiop.ro\/en\/wp-json\/wp\/v2\/types\/page"}],"author":[{"embeddable":true,"href":"http:\/\/www.teofilioanstiop.ro\/en\/wp-json\/wp\/v2\/users\/3"}],"replies":[{"embeddable":true,"href":"http:\/\/www.teofilioanstiop.ro\/en\/wp-json\/wp\/v2\/comments?post=829"}],"version-history":[{"count":3,"href":"http:\/\/www.teofilioanstiop.ro\/en\/wp-json\/wp\/v2\/pages\/829\/revisions"}],"predecessor-version":[{"id":880,"href":"http:\/\/www.teofilioanstiop.ro\/en\/wp-json\/wp\/v2\/pages\/829\/revisions\/880"}],"wp:attachment":[{"href":"http:\/\/www.teofilioanstiop.ro\/en\/wp-json\/wp\/v2\/media?parent=829"}],"curies":[{"name":"wp","href":"https:\/\/api.w.org\/{rel}","templated":true}]}}