{"id":831,"date":"2023-04-17T07:48:29","date_gmt":"2023-04-17T07:48:29","guid":{"rendered":"http:\/\/www.teofilioanstiop.ro\/?page_id=831"},"modified":"2023-04-19T10:11:23","modified_gmt":"2023-04-19T10:11:23","slug":"last-stand-iii","status":"publish","type":"page","link":"http:\/\/www.teofilioanstiop.ro\/en\/last-stand-iii\/","title":{"rendered":"Last Stand III"},"content":{"rendered":"<figure class=\"wp-block-image size-large is-style-zoooom\"><a href=\"http:\/\/www.teofilioanstiop.ro\/wp-content\/uploads\/2023\/04\/Last-stand-II-scaled.jpg\" data-rel=\"lightbox-image-0\" data-rl_title=\"\" data-rl_caption=\"\" title=\"\"><img decoding=\"async\" loading=\"lazy\" width=\"1024\" height=\"671\" src=\"http:\/\/www.teofilioanstiop.ro\/wp-content\/uploads\/2023\/04\/Last-stand-II-1024x671.jpg\" alt=\"\" class=\"wp-image-810\" srcset=\"http:\/\/www.teofilioanstiop.ro\/wp-content\/uploads\/2023\/04\/Last-stand-II-1024x671.jpg 1024w, http:\/\/www.teofilioanstiop.ro\/wp-content\/uploads\/2023\/04\/Last-stand-II-300x197.jpg 300w, http:\/\/www.teofilioanstiop.ro\/wp-content\/uploads\/2023\/04\/Last-stand-II-768x503.jpg 768w, http:\/\/www.teofilioanstiop.ro\/wp-content\/uploads\/2023\/04\/Last-stand-II-1536x1007.jpg 1536w, http:\/\/www.teofilioanstiop.ro\/wp-content\/uploads\/2023\/04\/Last-stand-II-2048x1342.jpg 2048w, http:\/\/www.teofilioanstiop.ro\/wp-content\/uploads\/2023\/04\/Last-stand-II-18x12.jpg 18w\" sizes=\"(max-width: 706px) 89vw, (max-width: 767px) 82vw, 740px\" \/><\/a><\/figure>\n\n\n\n<p class=\"has-text-align-right\">199,5x129,5 cm, oil on canvas, 2021<br><a href=\"http:\/\/www.teofilioanstiop.ro\/en\/contact\/\"><em>Contact the artist for additional information.<\/em><\/a><\/p>\n\n\n\n<p class=\"has-text-align-right\">Passed into the third stage of his resistance, the character merges more and more with the context of which he is already a part, a closed but colorful universe in which he gradually dissolves. If in the first redoubt the starting point is marked by a vertical perceived at the beginning as a simple pole, in the third level, the arrival is marked by a second vertical which, in addition to announcing the ending of the race, gives another connotation to both verticals illuminated from the background as well as the entire confetti-ravaged space that now reconfigures itself from the open space into a cage.<\/p>\n\n\n\n<p class=\"has-text-align-right\">Progresie:<br><\/p>\n\n\n\n<figure class=\"wp-block-image size-large\"><img decoding=\"async\" loading=\"lazy\" width=\"1024\" height=\"724\" src=\"http:\/\/www.teofilioanstiop.ro\/wp-content\/uploads\/2023\/04\/Last-Stand-III-Progresie-1024x724.jpg\" alt=\"\" class=\"wp-image-847\" srcset=\"http:\/\/www.teofilioanstiop.ro\/wp-content\/uploads\/2023\/04\/Last-Stand-III-Progresie-1024x724.jpg 1024w, http:\/\/www.teofilioanstiop.ro\/wp-content\/uploads\/2023\/04\/Last-Stand-III-Progresie-300x212.jpg 300w, http:\/\/www.teofilioanstiop.ro\/wp-content\/uploads\/2023\/04\/Last-Stand-III-Progresie-768x543.jpg 768w, http:\/\/www.teofilioanstiop.ro\/wp-content\/uploads\/2023\/04\/Last-Stand-III-Progresie-1536x1086.jpg 1536w, http:\/\/www.teofilioanstiop.ro\/wp-content\/uploads\/2023\/04\/Last-Stand-III-Progresie-2048x1448.jpg 2048w, http:\/\/www.teofilioanstiop.ro\/wp-content\/uploads\/2023\/04\/Last-Stand-III-Progresie-18x12.jpg 18w\" sizes=\"(max-width: 706px) 89vw, (max-width: 767px) 82vw, 740px\" \/><\/figure>","protected":false},"excerpt":{"rendered":"<p>199,5&#215;129,5 cm, ulei pe p\u00e2nz\u0103, 2021Contacteaz\u0103 artistul pentru informa\u0163ii suplimentare. Trecut \u00een cel de al treilea stadiu al rezisten\u021bei sale, personajul se contope\u0219te tot mai mult cu contextul din care deja face parte, un univers \u00eenchis dar colorat \u00een care se dizolv\u0103 treptat. Dac\u0103 \u00een prima redut\u0103 punctul de plecare este marcat o vertical\u0103 perceput\u0103 &hellip; <\/p>\n<p class=\"link-more\"><a href=\"http:\/\/www.teofilioanstiop.ro\/en\/last-stand-iii\/\" class=\"more-link\">Continue reading<span class=\"screen-reader-text\"> &#8222;Last Stand III&#8221;<\/span><\/a><\/p>","protected":false},"author":3,"featured_media":0,"parent":0,"menu_order":0,"comment_status":"closed","ping_status":"closed","template":"","meta":[],"_links":{"self":[{"href":"http:\/\/www.teofilioanstiop.ro\/en\/wp-json\/wp\/v2\/pages\/831"}],"collection":[{"href":"http:\/\/www.teofilioanstiop.ro\/en\/wp-json\/wp\/v2\/pages"}],"about":[{"href":"http:\/\/www.teofilioanstiop.ro\/en\/wp-json\/wp\/v2\/types\/page"}],"author":[{"embeddable":true,"href":"http:\/\/www.teofilioanstiop.ro\/en\/wp-json\/wp\/v2\/users\/3"}],"replies":[{"embeddable":true,"href":"http:\/\/www.teofilioanstiop.ro\/en\/wp-json\/wp\/v2\/comments?post=831"}],"version-history":[{"count":3,"href":"http:\/\/www.teofilioanstiop.ro\/en\/wp-json\/wp\/v2\/pages\/831\/revisions"}],"predecessor-version":[{"id":879,"href":"http:\/\/www.teofilioanstiop.ro\/en\/wp-json\/wp\/v2\/pages\/831\/revisions\/879"}],"wp:attachment":[{"href":"http:\/\/www.teofilioanstiop.ro\/en\/wp-json\/wp\/v2\/media?parent=831"}],"curies":[{"name":"wp","href":"https:\/\/api.w.org\/{rel}","templated":true}]}}