{"id":833,"date":"2023-04-17T07:50:35","date_gmt":"2023-04-17T07:50:35","guid":{"rendered":"http:\/\/www.teofilioanstiop.ro\/?page_id=833"},"modified":"2023-04-19T10:12:59","modified_gmt":"2023-04-19T10:12:59","slug":"glitch","status":"publish","type":"page","link":"http:\/\/www.teofilioanstiop.ro\/en\/glitch\/","title":{"rendered":"Glitch"},"content":{"rendered":"<figure class=\"wp-block-image size-large is-style-zoooom\"><a href=\"http:\/\/www.teofilioanstiop.ro\/wp-content\/uploads\/2023\/04\/Glitch-1024x577.jpg\" data-rel=\"lightbox-image-0\" data-rl_title=\"\" data-rl_caption=\"\" title=\"\"><img decoding=\"async\" loading=\"lazy\" width=\"1024\" height=\"577\" src=\"http:\/\/www.teofilioanstiop.ro\/wp-content\/uploads\/2023\/04\/Glitch-1024x577.jpg\" alt=\"\" class=\"wp-image-811\" srcset=\"http:\/\/www.teofilioanstiop.ro\/wp-content\/uploads\/2023\/04\/Glitch-1024x577.jpg 1024w, http:\/\/www.teofilioanstiop.ro\/wp-content\/uploads\/2023\/04\/Glitch-300x169.jpg 300w, http:\/\/www.teofilioanstiop.ro\/wp-content\/uploads\/2023\/04\/Glitch-768x433.jpg 768w, http:\/\/www.teofilioanstiop.ro\/wp-content\/uploads\/2023\/04\/Glitch-1536x865.jpg 1536w, http:\/\/www.teofilioanstiop.ro\/wp-content\/uploads\/2023\/04\/Glitch-2048x1154.jpg 2048w, http:\/\/www.teofilioanstiop.ro\/wp-content\/uploads\/2023\/04\/Glitch-18x10.jpg 18w\" sizes=\"(max-width: 706px) 89vw, (max-width: 767px) 82vw, 740px\" \/><\/a><\/figure>\n\n\n\n<p class=\"has-text-align-right\">199,5x129,5 cm, oil on canvas, 2022<br><em><a href=\"http:\/\/www.teofilioanstiop.ro\/en\/contact\/\">Contact the artist for additional information<\/a><\/em><\/p>\n\n\n\n<p class=\"has-text-align-right translation-block\">The work represents a pictorial transposition of a TV signal error. The frozen sequence poses characters with masks on their faces, a fact that alludes to the recent pandemic period. The junction between the technical failure of the broadcast media signal and the chaotic way of managing the pandemic is identified here in the form of jamming. This, intentionally and\/or accidentally, involves the recovery of the error and its transposition into the medium of the painting by means of a readymade inverted from digital to analog. The goal of conversion is to escape from the register of unpredictable information and return to the contemplative register of aesthetic language.<\/p>\n\n\n\n<p class=\"has-text-align-right\">Progresie:<br><\/p>\n\n\n<div class=\"wp-block-image\">\n<figure class=\"alignright size-large\"><img decoding=\"async\" loading=\"lazy\" width=\"1024\" height=\"724\" src=\"http:\/\/www.teofilioanstiop.ro\/wp-content\/uploads\/2023\/04\/Glitch-Progresie-1024x724.jpg\" alt=\"\" class=\"wp-image-845\" srcset=\"http:\/\/www.teofilioanstiop.ro\/wp-content\/uploads\/2023\/04\/Glitch-Progresie-1024x724.jpg 1024w, http:\/\/www.teofilioanstiop.ro\/wp-content\/uploads\/2023\/04\/Glitch-Progresie-300x212.jpg 300w, http:\/\/www.teofilioanstiop.ro\/wp-content\/uploads\/2023\/04\/Glitch-Progresie-768x543.jpg 768w, http:\/\/www.teofilioanstiop.ro\/wp-content\/uploads\/2023\/04\/Glitch-Progresie-1536x1086.jpg 1536w, http:\/\/www.teofilioanstiop.ro\/wp-content\/uploads\/2023\/04\/Glitch-Progresie-2048x1448.jpg 2048w, http:\/\/www.teofilioanstiop.ro\/wp-content\/uploads\/2023\/04\/Glitch-Progresie-18x12.jpg 18w\" sizes=\"(max-width: 706px) 89vw, (max-width: 767px) 82vw, 740px\" \/><\/figure><\/div>","protected":false},"excerpt":{"rendered":"<p>199,5&#215;129,5 cm, ulei pe p\u00e2nz\u0103, 2022Contacteaz\u0103 artistul pentru informa\u0163ii suplimentare Lucrarea reprezint\u0103 o transpunere \u00een mediu pictural a unei erori de semnal TV. Secven\u021ba \u00eenghe\u021bat\u0103 ipostaziaz\u0103 personaje cu m\u0103\u0219ti pe fa\u021b\u0103 fapt ce face aluzie la recenta perioad\u0103 de pandemie. Jonc\u021biunea dintre defec\u021biunea tehnic\u0103 a semnalului mediatic emis \u0219i modul haotic de administrare al pandemiei &hellip; <\/p>\n<p class=\"link-more\"><a href=\"http:\/\/www.teofilioanstiop.ro\/en\/glitch\/\" class=\"more-link\">Continue reading<span class=\"screen-reader-text\"> &#8222;Glitch&#8221;<\/span><\/a><\/p>","protected":false},"author":3,"featured_media":0,"parent":0,"menu_order":0,"comment_status":"closed","ping_status":"closed","template":"","meta":[],"_links":{"self":[{"href":"http:\/\/www.teofilioanstiop.ro\/en\/wp-json\/wp\/v2\/pages\/833"}],"collection":[{"href":"http:\/\/www.teofilioanstiop.ro\/en\/wp-json\/wp\/v2\/pages"}],"about":[{"href":"http:\/\/www.teofilioanstiop.ro\/en\/wp-json\/wp\/v2\/types\/page"}],"author":[{"embeddable":true,"href":"http:\/\/www.teofilioanstiop.ro\/en\/wp-json\/wp\/v2\/users\/3"}],"replies":[{"embeddable":true,"href":"http:\/\/www.teofilioanstiop.ro\/en\/wp-json\/wp\/v2\/comments?post=833"}],"version-history":[{"count":3,"href":"http:\/\/www.teofilioanstiop.ro\/en\/wp-json\/wp\/v2\/pages\/833\/revisions"}],"predecessor-version":[{"id":881,"href":"http:\/\/www.teofilioanstiop.ro\/en\/wp-json\/wp\/v2\/pages\/833\/revisions\/881"}],"wp:attachment":[{"href":"http:\/\/www.teofilioanstiop.ro\/en\/wp-json\/wp\/v2\/media?parent=833"}],"curies":[{"name":"wp","href":"https:\/\/api.w.org\/{rel}","templated":true}]}}