{"id":837,"date":"2023-04-17T07:57:24","date_gmt":"2023-04-17T07:57:24","guid":{"rendered":"http:\/\/www.teofilioanstiop.ro\/?page_id=837"},"modified":"2023-04-17T08:30:26","modified_gmt":"2023-04-17T08:30:26","slug":"cortina-repetitie-generala","status":"publish","type":"page","link":"http:\/\/www.teofilioanstiop.ro\/en\/cortina-repetitie-generala\/","title":{"rendered":"The Curtain.  Dress Rehearsal"},"content":{"rendered":"<figure class=\"wp-block-image size-large is-style-zoooom\"><img decoding=\"async\" loading=\"lazy\" width=\"1024\" height=\"433\" src=\"http:\/\/www.teofilioanstiop.ro\/wp-content\/uploads\/2023\/04\/Cortina-Repetitie-generala-1024x433.jpg\" alt=\"\" class=\"wp-image-799\" srcset=\"http:\/\/www.teofilioanstiop.ro\/wp-content\/uploads\/2023\/04\/Cortina-Repetitie-generala-1024x433.jpg 1024w, http:\/\/www.teofilioanstiop.ro\/wp-content\/uploads\/2023\/04\/Cortina-Repetitie-generala-300x127.jpg 300w, http:\/\/www.teofilioanstiop.ro\/wp-content\/uploads\/2023\/04\/Cortina-Repetitie-generala-768x324.jpg 768w, http:\/\/www.teofilioanstiop.ro\/wp-content\/uploads\/2023\/04\/Cortina-Repetitie-generala-1536x649.jpg 1536w, http:\/\/www.teofilioanstiop.ro\/wp-content\/uploads\/2023\/04\/Cortina-Repetitie-generala-2048x865.jpg 2048w, http:\/\/www.teofilioanstiop.ro\/wp-content\/uploads\/2023\/04\/Cortina-Repetitie-generala-18x8.jpg 18w\" sizes=\"(max-width: 706px) 89vw, (max-width: 767px) 82vw, 740px\" \/><\/figure>\n\n\n\n<p class=\"has-text-align-right\">100x129,5 cm x 199,5x129,5 cm, oil on canvas, 2022<br><a href=\"http:\/\/www.teofilioanstiop.ro\/en\/contact\/\">Contact the artist for additional information<\/a><\/p>\n\n\n\n<p class=\"has-text-align-right translation-block\">Being a diptych, the artwork is composed of two parts, The Curtain and Dress Rehearsal, works separated as surfaces but which, however, form a whole. The first part poses a female character sweeping. The character is a spectral one, a stereoscopic mirage present and, at the same time, immaterial. The character merges with the curtain itself that it personifies and the status of a sweeper that it illustrates contrasts with its sophisticated appearance.<\/p>\n\n\n\n<p class=\"has-text-align-right translation-block\">Imported from the theater world, the sintagm \u201cdress rehearsal\u201d denotes the last performance before the premiere of a play. In other words, the work invites us into the backstage of an act that is preparing to be released. The presence of the rhino costume debunks the allusion to the rhinocerization described by Eugene Ionesco. The reaffirming of violence and conformity, essential characteristics of the brute force criticized in the Rhinoceros play, is perceived as a threat and is met with a disapproving gesture.<\/p>\n\n\n\n<p class=\"has-text-align-right\">Progresie:<\/p>\n\n\n<div class=\"wp-block-image\">\n<figure class=\"alignright size-large\"><img decoding=\"async\" loading=\"lazy\" width=\"1024\" height=\"724\" src=\"http:\/\/www.teofilioanstiop.ro\/wp-content\/uploads\/2023\/04\/Repetitie-generala-Progresie-1024x724.jpg\" alt=\"\" class=\"wp-image-853\" srcset=\"http:\/\/www.teofilioanstiop.ro\/wp-content\/uploads\/2023\/04\/Repetitie-generala-Progresie-1024x724.jpg 1024w, http:\/\/www.teofilioanstiop.ro\/wp-content\/uploads\/2023\/04\/Repetitie-generala-Progresie-300x212.jpg 300w, http:\/\/www.teofilioanstiop.ro\/wp-content\/uploads\/2023\/04\/Repetitie-generala-Progresie-768x543.jpg 768w, http:\/\/www.teofilioanstiop.ro\/wp-content\/uploads\/2023\/04\/Repetitie-generala-Progresie-1536x1086.jpg 1536w, http:\/\/www.teofilioanstiop.ro\/wp-content\/uploads\/2023\/04\/Repetitie-generala-Progresie-2048x1448.jpg 2048w, http:\/\/www.teofilioanstiop.ro\/wp-content\/uploads\/2023\/04\/Repetitie-generala-Progresie-18x12.jpg 18w\" sizes=\"(max-width: 706px) 89vw, (max-width: 767px) 82vw, 740px\" \/><\/figure><\/div>","protected":false},"excerpt":{"rendered":"<p>100&#215;129,5 cm x 199,5&#215;129,5 cm, ulei pe p\u00e2nz\u0103, 2022Contacteaz\u0103 artistul pentru informa\u0163ii suplimentare Fiind un diptic, lucrarea este compus\u0103 din dou\u0103 p\u0103r\u0163i Cortina \u015fi Repeti\u0163ie general\u0103, lucr\u0103ri separate ca suprafe\u0163e dar care, totu\u015fi, formeaz\u0103 un \u00eentreg. Prima parte, ipostaziaz\u0103 un personaj feminin care m\u0103tur\u0103. Personajul este unul spectral, o n\u0103luc\u0103 stereoscopic\u0103 prezent\u0103 \u015fi, deopotriv\u0103 imaterial\u0103. &hellip; <\/p>\n<p class=\"link-more\"><a href=\"http:\/\/www.teofilioanstiop.ro\/en\/cortina-repetitie-generala\/\" class=\"more-link\">Continue reading<span class=\"screen-reader-text\"> &#8222;Cortina.Repeti\u021bie general\u0103&#8221;<\/span><\/a><\/p>","protected":false},"author":3,"featured_media":0,"parent":0,"menu_order":0,"comment_status":"closed","ping_status":"closed","template":"","meta":[],"_links":{"self":[{"href":"http:\/\/www.teofilioanstiop.ro\/en\/wp-json\/wp\/v2\/pages\/837"}],"collection":[{"href":"http:\/\/www.teofilioanstiop.ro\/en\/wp-json\/wp\/v2\/pages"}],"about":[{"href":"http:\/\/www.teofilioanstiop.ro\/en\/wp-json\/wp\/v2\/types\/page"}],"author":[{"embeddable":true,"href":"http:\/\/www.teofilioanstiop.ro\/en\/wp-json\/wp\/v2\/users\/3"}],"replies":[{"embeddable":true,"href":"http:\/\/www.teofilioanstiop.ro\/en\/wp-json\/wp\/v2\/comments?post=837"}],"version-history":[{"count":2,"href":"http:\/\/www.teofilioanstiop.ro\/en\/wp-json\/wp\/v2\/pages\/837\/revisions"}],"predecessor-version":[{"id":854,"href":"http:\/\/www.teofilioanstiop.ro\/en\/wp-json\/wp\/v2\/pages\/837\/revisions\/854"}],"wp:attachment":[{"href":"http:\/\/www.teofilioanstiop.ro\/en\/wp-json\/wp\/v2\/media?parent=837"}],"curies":[{"name":"wp","href":"https:\/\/api.w.org\/{rel}","templated":true}]}}