{"id":187,"date":"2019-08-08T08:16:04","date_gmt":"2019-08-08T08:16:04","guid":{"rendered":"http:\/\/www.teofilioanstiop.ro\/?page_id=187"},"modified":"2020-05-25T16:29:56","modified_gmt":"2020-05-25T16:29:56","slug":"leviathan-2","status":"publish","type":"page","link":"http:\/\/www.teofilioanstiop.ro\/ro\/leviathan-2\/","title":{"rendered":"Leviathan"},"content":{"rendered":"\n<figure class=\"wp-block-image is-style-zoooom\"><a href=\"http:\/\/www.teofilioanstiop.ro\/wp-content\/uploads\/2019\/08\/Leviathan.jpg\" data-rel=\"lightbox-image-0\" data-rl_title=\"\" data-rl_caption=\"\" title=\"\"><img decoding=\"async\" loading=\"lazy\" width=\"1024\" height=\"574\" src=\"http:\/\/www.teofilioanstiop.ro\/wp-content\/uploads\/2019\/08\/Leviathan-1024x574.jpg\" alt=\"Leviathan\" class=\"wp-image-41\" srcset=\"http:\/\/www.teofilioanstiop.ro\/wp-content\/uploads\/2019\/08\/Leviathan-1024x574.jpg 1024w, http:\/\/www.teofilioanstiop.ro\/wp-content\/uploads\/2019\/08\/Leviathan-300x168.jpg 300w, http:\/\/www.teofilioanstiop.ro\/wp-content\/uploads\/2019\/08\/Leviathan-768x430.jpg 768w, http:\/\/www.teofilioanstiop.ro\/wp-content\/uploads\/2019\/08\/Leviathan-500x280.jpg 500w, http:\/\/www.teofilioanstiop.ro\/wp-content\/uploads\/2019\/08\/Leviathan-800x448.jpg 800w, http:\/\/www.teofilioanstiop.ro\/wp-content\/uploads\/2019\/08\/Leviathan-1280x717.jpg 1280w, http:\/\/www.teofilioanstiop.ro\/wp-content\/uploads\/2019\/08\/Leviathan-1920x1076.jpg 1920w\" sizes=\"(max-width: 706px) 89vw, (max-width: 767px) 82vw, 740px\" \/><\/a><\/figure>\n\n\n\n<p class=\"has-text-align-right\"><strong>Leviathan<\/strong>, 270&#215;150 cm, ulei pe p\u00e2nz\u0103, 2017<strong>, Lucrare aflat \u00een colec\u0163ia de art\u0103 a parlamentul din Polonia. Lucrarea face parte din proiectul premiat la Trienala Carpatic\u0103 P\u0103tratul de Argint \u00een 2018 cu premiul special al juriului \u201c<em>Special Triennial Award for Outstanding Artistic Personality<\/em>\u201d<\/strong><\/p>\n\n\n\n<p class=\"has-text-align-right\">Navigarea lini\u0219tit\u0103 a b\u0103rcu\u021belor de h\u00e2rtie pe oceanul de ziare este spulberat\u0103 de o bestie marin\u0103 aterizat\u0103, de ce nu, din ra\u021bionamentele lui Thomas Hobbes. Alegoria st\u0103 sub semnul unei imersiuni ce ipostaziaz\u0103 o rela\u021bie de putere, \u00een care se demasc\u0103 \u00een mod patetic aspectul naiv al dimensiunii ludice \u00een raport cu luciditatea rapace a ochiului rece, care erupe \u0219i cere tribut.<\/p>\n\n\n\n<p class=\"has-text-align-right\">Leviathan, progresie:<\/p>\n\n\n\n<figure class=\"wp-block-image size-large is-style-zoooom\"><a href=\"blob:http:\/\/www.teofilioanstiop.ro\/c898fe47-e8a0-40ba-88b9-659a8430b868\"><img decoding=\"async\" loading=\"lazy\" width=\"1024\" height=\"724\" src=\"http:\/\/www.teofilioanstiop.ro\/wp-content\/uploads\/2020\/05\/Leviathan-Progresie-1024x724.jpg\" alt=\"\" class=\"wp-image-749\" srcset=\"http:\/\/www.teofilioanstiop.ro\/wp-content\/uploads\/2020\/05\/Leviathan-Progresie-1024x724.jpg 1024w, http:\/\/www.teofilioanstiop.ro\/wp-content\/uploads\/2020\/05\/Leviathan-Progresie-300x212.jpg 300w, http:\/\/www.teofilioanstiop.ro\/wp-content\/uploads\/2020\/05\/Leviathan-Progresie-768x543.jpg 768w, http:\/\/www.teofilioanstiop.ro\/wp-content\/uploads\/2020\/05\/Leviathan-Progresie-1536x1086.jpg 1536w, http:\/\/www.teofilioanstiop.ro\/wp-content\/uploads\/2020\/05\/Leviathan-Progresie-2048x1448.jpg 2048w\" sizes=\"(max-width: 706px) 89vw, (max-width: 767px) 82vw, 740px\" \/><\/a><\/figure>\n","protected":false},"excerpt":{"rendered":"<p>Leviathan, 270&#215;150 cm, ulei pe p\u00e2nz\u0103, 2017, Lucrare aflat \u00een colec\u0163ia de art\u0103 a parlamentul din Polonia. Lucrarea face parte din proiectul premiat la Trienala Carpatic\u0103 P\u0103tratul de Argint \u00een 2018 cu premiul special al juriului \u201cSpecial Triennial Award for Outstanding Artistic Personality\u201d Navigarea lini\u0219tit\u0103 a b\u0103rcu\u021belor de h\u00e2rtie pe oceanul de ziare este spulberat\u0103 &hellip; <\/p>\n<p class=\"link-more\"><a href=\"http:\/\/www.teofilioanstiop.ro\/ro\/leviathan-2\/\" class=\"more-link\">Continu\u0103 lectura<span class=\"screen-reader-text\"> \u201eLeviathan\u201d<\/span><\/a><\/p>\n","protected":false},"author":1,"featured_media":0,"parent":0,"menu_order":0,"comment_status":"closed","ping_status":"closed","template":"","meta":[],"_links":{"self":[{"href":"http:\/\/www.teofilioanstiop.ro\/ro\/wp-json\/wp\/v2\/pages\/187"}],"collection":[{"href":"http:\/\/www.teofilioanstiop.ro\/ro\/wp-json\/wp\/v2\/pages"}],"about":[{"href":"http:\/\/www.teofilioanstiop.ro\/ro\/wp-json\/wp\/v2\/types\/page"}],"author":[{"embeddable":true,"href":"http:\/\/www.teofilioanstiop.ro\/ro\/wp-json\/wp\/v2\/users\/1"}],"replies":[{"embeddable":true,"href":"http:\/\/www.teofilioanstiop.ro\/ro\/wp-json\/wp\/v2\/comments?post=187"}],"version-history":[{"count":4,"href":"http:\/\/www.teofilioanstiop.ro\/ro\/wp-json\/wp\/v2\/pages\/187\/revisions"}],"predecessor-version":[{"id":750,"href":"http:\/\/www.teofilioanstiop.ro\/ro\/wp-json\/wp\/v2\/pages\/187\/revisions\/750"}],"wp:attachment":[{"href":"http:\/\/www.teofilioanstiop.ro\/ro\/wp-json\/wp\/v2\/media?parent=187"}],"curies":[{"name":"wp","href":"https:\/\/api.w.org\/{rel}","templated":true}]}}