{"id":208,"date":"2019-08-08T09:34:22","date_gmt":"2019-08-08T09:34:22","guid":{"rendered":"http:\/\/www.teofilioanstiop.ro\/?page_id=208"},"modified":"2020-05-25T16:33:23","modified_gmt":"2020-05-25T16:33:23","slug":"palantir-2","status":"publish","type":"page","link":"http:\/\/www.teofilioanstiop.ro\/ro\/palantir-2\/","title":{"rendered":"Palantir"},"content":{"rendered":"\n<figure class=\"wp-block-image is-style-zoooom\"><a href=\"http:\/\/www.teofilioanstiop.ro\/wp-content\/uploads\/2019\/08\/Palantir-e1565247008578.jpg\" data-rel=\"lightbox-image-0\" data-rl_title=\"\" data-rl_caption=\"\" title=\"\"><img decoding=\"async\" loading=\"lazy\" width=\"1800\" height=\"1357\" src=\"http:\/\/www.teofilioanstiop.ro\/wp-content\/uploads\/2019\/08\/Palantir-e1565247008578.jpg\" alt=\"\" class=\"wp-image-32\"\/><\/a><\/figure>\n\n\n\n<p class=\"has-text-align-right\"><strong>Palantir<\/strong>, 120&#215;160 cm, ulei pe p\u00e2nz\u0103, 2017<br><a href=\"http:\/\/www.teofilioanstiop.ro\/ro\/contact\/\">Contacteaz\u0103 artistul pentru informa\u0163ii suplimentare.<\/a><\/p>\n\n\n\n<p class=\"has-text-align-right\">La extragerea biletelor de papagal din vraful de h\u00e2rtii rupte particip\u0103 doar papagali construi\u021bi din origami. Urm\u00e2ndu-\u0219i propria lor natur\u0103 ei imit\u0103 exact ceea ce extrag, adic\u0103 fr\u00e2nturi de text, din care nu \u00een\u021beleg nimic. Cu toate acestea extragerea prezice viitorul, ea scoate la iveal\u0103 globul magic al divina\u021biei, Palantirul din universul lui Tolkien, aici \u00een varianta \u00eembun\u0103t\u0103\u021bit\u0103 de min\u0103 marin\u0103. Astfel, aici se face aluzie, at\u00e2t la universul online \u00een care actul mimetic \u00ee\u015fi g\u0103se\u015fte noi forme de \u00eemplinire prin navigare c\u00e2t \u015fi la varianta conspira\u0163ionist\u0103, de pia\u0163\u0103, a firmei americane de software specializat\u0103 \u00een combaterea terorismului, Palantir Technologies Inc.<\/p>\n\n\n\n<p class=\"has-text-align-right\">Palantir, progresie:<\/p>\n\n\n\n<div class=\"wp-block-image is-style-zoooom\"><figure class=\"alignright size-large\"><a href=\"blob:http:\/\/www.teofilioanstiop.ro\/2efe038d-1a2f-456c-9826-2de471d2a5c0\"><img decoding=\"async\" loading=\"lazy\" width=\"1024\" height=\"724\" src=\"http:\/\/www.teofilioanstiop.ro\/wp-content\/uploads\/2020\/05\/Palantir-Progresie-1024x724.jpg\" alt=\"\" class=\"wp-image-754\" srcset=\"http:\/\/www.teofilioanstiop.ro\/wp-content\/uploads\/2020\/05\/Palantir-Progresie-1024x724.jpg 1024w, http:\/\/www.teofilioanstiop.ro\/wp-content\/uploads\/2020\/05\/Palantir-Progresie-300x212.jpg 300w, http:\/\/www.teofilioanstiop.ro\/wp-content\/uploads\/2020\/05\/Palantir-Progresie-768x543.jpg 768w, http:\/\/www.teofilioanstiop.ro\/wp-content\/uploads\/2020\/05\/Palantir-Progresie-1536x1086.jpg 1536w, http:\/\/www.teofilioanstiop.ro\/wp-content\/uploads\/2020\/05\/Palantir-Progresie-2048x1448.jpg 2048w\" sizes=\"(max-width: 706px) 89vw, (max-width: 767px) 82vw, 740px\" \/><\/a><\/figure><\/div>\n","protected":false},"excerpt":{"rendered":"<p>Palantir, 120&#215;160 cm, ulei pe p\u00e2nz\u0103, 2017Contacteaz\u0103 artistul pentru informa\u0163ii suplimentare. La extragerea biletelor de papagal din vraful de h\u00e2rtii rupte particip\u0103 doar papagali construi\u021bi din origami. Urm\u00e2ndu-\u0219i propria lor natur\u0103 ei imit\u0103 exact ceea ce extrag, adic\u0103 fr\u00e2nturi de text, din care nu \u00een\u021beleg nimic. Cu toate acestea extragerea prezice viitorul, ea scoate la &hellip; <\/p>\n<p class=\"link-more\"><a href=\"http:\/\/www.teofilioanstiop.ro\/ro\/palantir-2\/\" class=\"more-link\">Continu\u0103 lectura<span class=\"screen-reader-text\"> \u201ePalantir\u201d<\/span><\/a><\/p>\n","protected":false},"author":1,"featured_media":0,"parent":0,"menu_order":0,"comment_status":"closed","ping_status":"closed","template":"","meta":[],"_links":{"self":[{"href":"http:\/\/www.teofilioanstiop.ro\/ro\/wp-json\/wp\/v2\/pages\/208"}],"collection":[{"href":"http:\/\/www.teofilioanstiop.ro\/ro\/wp-json\/wp\/v2\/pages"}],"about":[{"href":"http:\/\/www.teofilioanstiop.ro\/ro\/wp-json\/wp\/v2\/types\/page"}],"author":[{"embeddable":true,"href":"http:\/\/www.teofilioanstiop.ro\/ro\/wp-json\/wp\/v2\/users\/1"}],"replies":[{"embeddable":true,"href":"http:\/\/www.teofilioanstiop.ro\/ro\/wp-json\/wp\/v2\/comments?post=208"}],"version-history":[{"count":7,"href":"http:\/\/www.teofilioanstiop.ro\/ro\/wp-json\/wp\/v2\/pages\/208\/revisions"}],"predecessor-version":[{"id":755,"href":"http:\/\/www.teofilioanstiop.ro\/ro\/wp-json\/wp\/v2\/pages\/208\/revisions\/755"}],"wp:attachment":[{"href":"http:\/\/www.teofilioanstiop.ro\/ro\/wp-json\/wp\/v2\/media?parent=208"}],"curies":[{"name":"wp","href":"https:\/\/api.w.org\/{rel}","templated":true}]}}