{"id":228,"date":"2019-08-08T09:50:37","date_gmt":"2019-08-08T09:50:37","guid":{"rendered":"http:\/\/www.teofilioanstiop.ro\/?page_id=228"},"modified":"2020-05-25T16:20:05","modified_gmt":"2020-05-25T16:20:05","slug":"happy-end-2","status":"publish","type":"page","link":"http:\/\/www.teofilioanstiop.ro\/ro\/happy-end-2\/","title":{"rendered":"Happy End"},"content":{"rendered":"\n<figure class=\"wp-block-image is-style-zoooom\"><a href=\"http:\/\/www.teofilioanstiop.ro\/wp-content\/uploads\/2019\/08\/Happy-End.jpg\" data-rel=\"lightbox-image-0\" data-rl_title=\"\" data-rl_caption=\"\" title=\"\"><img decoding=\"async\" loading=\"lazy\" width=\"1024\" height=\"699\" src=\"http:\/\/www.teofilioanstiop.ro\/wp-content\/uploads\/2019\/08\/Happy-End-1024x699.jpg\" alt=\"\" class=\"wp-image-36\" srcset=\"http:\/\/www.teofilioanstiop.ro\/wp-content\/uploads\/2019\/08\/Happy-End-1024x699.jpg 1024w, http:\/\/www.teofilioanstiop.ro\/wp-content\/uploads\/2019\/08\/Happy-End-300x205.jpg 300w, http:\/\/www.teofilioanstiop.ro\/wp-content\/uploads\/2019\/08\/Happy-End-768x525.jpg 768w, http:\/\/www.teofilioanstiop.ro\/wp-content\/uploads\/2019\/08\/Happy-End-500x341.jpg 500w, http:\/\/www.teofilioanstiop.ro\/wp-content\/uploads\/2019\/08\/Happy-End-800x546.jpg 800w, http:\/\/www.teofilioanstiop.ro\/wp-content\/uploads\/2019\/08\/Happy-End-1280x874.jpg 1280w, http:\/\/www.teofilioanstiop.ro\/wp-content\/uploads\/2019\/08\/Happy-End-1920x1311.jpg 1920w\" sizes=\"(max-width: 706px) 89vw, (max-width: 767px) 82vw, 740px\" \/><\/a><figcaption><br><\/figcaption><\/figure>\n\n\n\n<p class=\"has-text-align-right\"><strong>Happy End<\/strong>, 220&#215;150 cm, ulei pe p\u00e2nz\u0103, 2019<br><a href=\"http:\/\/www.teofilioanstiop.ro\/ro\/contact\/\">Contacteaz\u0103 artistul pentru informa\u0163ii suplimentare.<\/a><br><\/p>\n\n\n\n<p class=\"has-text-align-right\">Pornind de la cli\u015feul-ul hollywoodian <em>happy end<\/em>, pictura ipostaziaz\u0103 scena unui teatru ce produce o explozie de confetti. Amplificat\u0103 cantitativ, ea evoc\u0103 un paroxism de magnitudini cataclismice, ce transform\u0103 spa\u021biul \u00eentr-o ruin\u0103 prin intermediul c\u0103reia se formuleaz\u0103 o antitez\u0103 \u00een raport cu enun\u021bul ini\u021bial.<\/p>\n\n\n\n<p class=\"has-text-align-right\">Happy End, progresie:<\/p>\n\n\n\n<div class=\"wp-block-image is-style-zoooom\"><figure class=\"alignright size-large\"><a href=\"blob:http:\/\/www.teofilioanstiop.ro\/78b6147b-8865-412d-a463-2f3c4c856c2e\"><img decoding=\"async\" loading=\"lazy\" width=\"1024\" height=\"724\" src=\"http:\/\/www.teofilioanstiop.ro\/wp-content\/uploads\/2020\/05\/Happy-End-Progresie-1024x724.jpg\" alt=\"\" class=\"wp-image-623\" srcset=\"http:\/\/www.teofilioanstiop.ro\/wp-content\/uploads\/2020\/05\/Happy-End-Progresie-1024x724.jpg 1024w, http:\/\/www.teofilioanstiop.ro\/wp-content\/uploads\/2020\/05\/Happy-End-Progresie-300x212.jpg 300w, http:\/\/www.teofilioanstiop.ro\/wp-content\/uploads\/2020\/05\/Happy-End-Progresie-768x543.jpg 768w, http:\/\/www.teofilioanstiop.ro\/wp-content\/uploads\/2020\/05\/Happy-End-Progresie-1536x1086.jpg 1536w, http:\/\/www.teofilioanstiop.ro\/wp-content\/uploads\/2020\/05\/Happy-End-Progresie-2048x1448.jpg 2048w\" sizes=\"(max-width: 706px) 89vw, (max-width: 767px) 82vw, 740px\" \/><\/a><\/figure><\/div>\n","protected":false},"excerpt":{"rendered":"<p>Happy End, 220&#215;150 cm, ulei pe p\u00e2nz\u0103, 2019Contacteaz\u0103 artistul pentru informa\u0163ii suplimentare. Pornind de la cli\u015feul-ul hollywoodian happy end, pictura ipostaziaz\u0103 scena unui teatru ce produce o explozie de confetti. Amplificat\u0103 cantitativ, ea evoc\u0103 un paroxism de magnitudini cataclismice, ce transform\u0103 spa\u021biul \u00eentr-o ruin\u0103 prin intermediul c\u0103reia se formuleaz\u0103 o antitez\u0103 \u00een raport cu enun\u021bul &hellip; <\/p>\n<p class=\"link-more\"><a href=\"http:\/\/www.teofilioanstiop.ro\/ro\/happy-end-2\/\" class=\"more-link\">Continu\u0103 lectura<span class=\"screen-reader-text\"> \u201eHappy End\u201d<\/span><\/a><\/p>\n","protected":false},"author":1,"featured_media":0,"parent":0,"menu_order":0,"comment_status":"closed","ping_status":"closed","template":"","meta":[],"_links":{"self":[{"href":"http:\/\/www.teofilioanstiop.ro\/ro\/wp-json\/wp\/v2\/pages\/228"}],"collection":[{"href":"http:\/\/www.teofilioanstiop.ro\/ro\/wp-json\/wp\/v2\/pages"}],"about":[{"href":"http:\/\/www.teofilioanstiop.ro\/ro\/wp-json\/wp\/v2\/types\/page"}],"author":[{"embeddable":true,"href":"http:\/\/www.teofilioanstiop.ro\/ro\/wp-json\/wp\/v2\/users\/1"}],"replies":[{"embeddable":true,"href":"http:\/\/www.teofilioanstiop.ro\/ro\/wp-json\/wp\/v2\/comments?post=228"}],"version-history":[{"count":6,"href":"http:\/\/www.teofilioanstiop.ro\/ro\/wp-json\/wp\/v2\/pages\/228\/revisions"}],"predecessor-version":[{"id":739,"href":"http:\/\/www.teofilioanstiop.ro\/ro\/wp-json\/wp\/v2\/pages\/228\/revisions\/739"}],"wp:attachment":[{"href":"http:\/\/www.teofilioanstiop.ro\/ro\/wp-json\/wp\/v2\/media?parent=228"}],"curies":[{"name":"wp","href":"https:\/\/api.w.org\/{rel}","templated":true}]}}