{"id":232,"date":"2019-08-08T09:54:23","date_gmt":"2019-08-08T09:54:23","guid":{"rendered":"http:\/\/www.teofilioanstiop.ro\/?page_id=232"},"modified":"2020-05-25T16:26:13","modified_gmt":"2020-05-25T16:26:13","slug":"melancholia-2","status":"publish","type":"page","link":"http:\/\/www.teofilioanstiop.ro\/ro\/melancholia-2\/","title":{"rendered":"Melancholia"},"content":{"rendered":"\n<figure class=\"wp-block-image is-style-zoooom\"><a href=\"http:\/\/www.teofilioanstiop.ro\/wp-content\/uploads\/2019\/08\/Melancholia.jpg\" data-rel=\"lightbox-image-0\" data-rl_title=\"\" data-rl_caption=\"\" title=\"\"><img decoding=\"async\" loading=\"lazy\" width=\"1024\" height=\"845\" src=\"http:\/\/www.teofilioanstiop.ro\/wp-content\/uploads\/2019\/08\/Melancholia-1024x845.jpg\" alt=\"\" class=\"wp-image-42\" srcset=\"http:\/\/www.teofilioanstiop.ro\/wp-content\/uploads\/2019\/08\/Melancholia-1024x845.jpg 1024w, http:\/\/www.teofilioanstiop.ro\/wp-content\/uploads\/2019\/08\/Melancholia-300x247.jpg 300w, http:\/\/www.teofilioanstiop.ro\/wp-content\/uploads\/2019\/08\/Melancholia-768x634.jpg 768w, http:\/\/www.teofilioanstiop.ro\/wp-content\/uploads\/2019\/08\/Melancholia-500x412.jpg 500w, http:\/\/www.teofilioanstiop.ro\/wp-content\/uploads\/2019\/08\/Melancholia-800x660.jpg 800w, http:\/\/www.teofilioanstiop.ro\/wp-content\/uploads\/2019\/08\/Melancholia-1280x1056.jpg 1280w, http:\/\/www.teofilioanstiop.ro\/wp-content\/uploads\/2019\/08\/Melancholia-1920x1584.jpg 1920w\" sizes=\"(max-width: 706px) 89vw, (max-width: 767px) 82vw, 740px\" \/><\/a><\/figure>\n\n\n\n<p class=\"has-text-align-right\"><strong><em>Melancholia<\/em><\/strong>, 183&#215;130 cm, tempera, acrilic \u0219i c\u0103rbune pe p\u00e2nz\u0103, 2013<br><a href=\"http:\/\/www.teofilioanstiop.ro\/ro\/contact\/\">Contacteaz\u0103 artistul pentru informa\u0163ii suplimentare.<\/a><\/p>\n\n\n\n<p class=\"has-text-align-right\"><em>Melancholia<\/em> este prima lucrare din seriile de picturi \u00een care, pornind de la reprezentarea obiectelor realit\u0103\u021bii imediate adunate \u00een diverse gr\u0103mezi, mai mult sau mai pu\u021bin haotice, se sugereaz\u0103 problematici socio-culturale specifice lumii contemporane. \u00cen acest caz, aducerea \u00een discu\u021bie a mormanului de ferestre ridic\u0103 \u00eentreb\u0103ri legate de calitatea \u0219i natura comunic\u0103rii umane, fereastra fiind prin excelen\u021b\u0103 un simbol al deschiderii, al interfe\u021bei dintre interior \u0219i exterior. Asocierea acestei simbolistici cu forma fantomatic\u0103 a trunchiului de poliedru extras din gravura <em>Melancholia I<\/em> a lui D\u00fcrer, interpretat\u0103 de multe ori ca o expresie plastic\u0103 a limitelor cunoa\u0219terii umane, amplific\u0103 sensul ini\u021bial al gr\u0103mezii de ferestre, dar ofer\u0103 \u0219i o posibil\u0103 cheie de interpretare a picturii.&nbsp;<\/p>\n","protected":false},"excerpt":{"rendered":"<p>Melancholia, 183&#215;130 cm, tempera, acrilic \u0219i c\u0103rbune pe p\u00e2nz\u0103, 2013Contacteaz\u0103 artistul pentru informa\u0163ii suplimentare. Melancholia este prima lucrare din seriile de picturi \u00een care, pornind de la reprezentarea obiectelor realit\u0103\u021bii imediate adunate \u00een diverse gr\u0103mezi, mai mult sau mai pu\u021bin haotice, se sugereaz\u0103 problematici socio-culturale specifice lumii contemporane. \u00cen acest caz, aducerea \u00een discu\u021bie a &hellip; <\/p>\n<p class=\"link-more\"><a href=\"http:\/\/www.teofilioanstiop.ro\/ro\/melancholia-2\/\" class=\"more-link\">Continu\u0103 lectura<span class=\"screen-reader-text\"> \u201eMelancholia\u201d<\/span><\/a><\/p>\n","protected":false},"author":1,"featured_media":0,"parent":0,"menu_order":0,"comment_status":"closed","ping_status":"closed","template":"","meta":[],"_links":{"self":[{"href":"http:\/\/www.teofilioanstiop.ro\/ro\/wp-json\/wp\/v2\/pages\/232"}],"collection":[{"href":"http:\/\/www.teofilioanstiop.ro\/ro\/wp-json\/wp\/v2\/pages"}],"about":[{"href":"http:\/\/www.teofilioanstiop.ro\/ro\/wp-json\/wp\/v2\/types\/page"}],"author":[{"embeddable":true,"href":"http:\/\/www.teofilioanstiop.ro\/ro\/wp-json\/wp\/v2\/users\/1"}],"replies":[{"embeddable":true,"href":"http:\/\/www.teofilioanstiop.ro\/ro\/wp-json\/wp\/v2\/comments?post=232"}],"version-history":[{"count":21,"href":"http:\/\/www.teofilioanstiop.ro\/ro\/wp-json\/wp\/v2\/pages\/232\/revisions"}],"predecessor-version":[{"id":746,"href":"http:\/\/www.teofilioanstiop.ro\/ro\/wp-json\/wp\/v2\/pages\/232\/revisions\/746"}],"wp:attachment":[{"href":"http:\/\/www.teofilioanstiop.ro\/ro\/wp-json\/wp\/v2\/media?parent=232"}],"curies":[{"name":"wp","href":"https:\/\/api.w.org\/{rel}","templated":true}]}}