{"id":325,"date":"2019-10-23T09:04:48","date_gmt":"2019-10-23T09:04:48","guid":{"rendered":"http:\/\/www.teofilioanstiop.ro\/?page_id=325"},"modified":"2023-04-19T10:15:54","modified_gmt":"2023-04-19T10:15:54","slug":"archive-i","status":"publish","type":"page","link":"http:\/\/www.teofilioanstiop.ro\/ro\/archive-i\/","title":{"rendered":"Archive I"},"content":{"rendered":"\n<figure class=\"wp-block-image is-style-zoooom\"><a href=\"http:\/\/www.teofilioanstiop.ro\/wp-content\/uploads\/2019\/10\/Archive-1021x1024.jpg\" data-rel=\"lightbox-image-0\" data-rl_title=\"\" data-rl_caption=\"\" title=\"\"><img decoding=\"async\" loading=\"lazy\" width=\"1021\" height=\"1024\" src=\"http:\/\/www.teofilioanstiop.ro\/wp-content\/uploads\/2019\/10\/Archive-1021x1024.jpg\" alt=\"\" class=\"wp-image-318\" srcset=\"http:\/\/www.teofilioanstiop.ro\/wp-content\/uploads\/2019\/10\/Archive-1021x1024.jpg 1021w, http:\/\/www.teofilioanstiop.ro\/wp-content\/uploads\/2019\/10\/Archive-150x150.jpg 150w, http:\/\/www.teofilioanstiop.ro\/wp-content\/uploads\/2019\/10\/Archive-300x300.jpg 300w, http:\/\/www.teofilioanstiop.ro\/wp-content\/uploads\/2019\/10\/Archive-768x770.jpg 768w, http:\/\/www.teofilioanstiop.ro\/wp-content\/uploads\/2019\/10\/Archive-100x100.jpg 100w\" sizes=\"(max-width: 706px) 89vw, (max-width: 767px) 82vw, 740px\" \/><\/a><\/figure>\n\n\n\n<p class=\"has-text-align-right\"><strong>Archive I<\/strong><br>(100&#215;100 cm, tempera pe h\u00e2rtie maruflat\u0103 pe p\u00e2nz\u0103, 2014<br><a href=\"http:\/\/www.teofilioanstiop.ro\/ro\/contact\/\">Contacteaz\u0103 artistul pentru informa\u0163ii suplimentare.<\/a><\/p>\n\n\n\n<p class=\"has-text-align-right\">Lucrarea a fost premiat\u0103 la Trienala Carpatic\u0103 P\u0103tratul de Argint \u00een 2018 cu premul \u201d<em>Men\u021biunea de Onoare a juriului\u201d<\/em> <\/p>\n\n\n\n<p class=\"has-text-align-right\">Subiectul lucr\u0103rii este un depozit cu un mald\u0103r de picturi. \u00cenc\u0103 de la o prim\u0103 lecturare putem u\u0219or sesiza faptul c\u0103 este vorba de crea\u021bii recente. Conceptul se bazeaz\u0103 pe observa\u021bia conform c\u0103reia ritmul tot mai accelerat de producere \u0219i distribuire a unei cantit\u0103\u021bi imense de imagini fulgurante nu las\u0103 loc diger\u0103rii corespunz\u0103toare a lor, mai mult, acest act devenind chiar indezirabil. Faptul \u00een discu\u021bie pune sub semnul \u00eentreb\u0103rii necesitatea unei atare arhiv\u0103ri a acestora \u0219i indic\u0103 o not\u0103 autoironic\u0103 legat\u0103 de legitimitatea propriului act pictural, care contribuie oarecum la aceast\u0103 produc\u021bie.<\/p>\n","protected":false},"excerpt":{"rendered":"<p>Archive I(100&#215;100 cm, tempera pe h\u00e2rtie maruflat\u0103 pe p\u00e2nz\u0103, 2014Contacteaz\u0103 artistul pentru informa\u0163ii suplimentare. Lucrarea a fost premiat\u0103 la Trienala Carpatic\u0103 P\u0103tratul de Argint \u00een 2018 cu premul \u201dMen\u021biunea de Onoare a juriului\u201d Subiectul lucr\u0103rii este un depozit cu un mald\u0103r de picturi. \u00cenc\u0103 de la o prim\u0103 lecturare putem u\u0219or sesiza faptul c\u0103 este &hellip; <\/p>\n<p class=\"link-more\"><a href=\"http:\/\/www.teofilioanstiop.ro\/ro\/archive-i\/\" class=\"more-link\">Continu\u0103 lectura<span class=\"screen-reader-text\"> \u201eArchive I\u201d<\/span><\/a><\/p>\n","protected":false},"author":1,"featured_media":0,"parent":0,"menu_order":0,"comment_status":"closed","ping_status":"closed","template":"","meta":[],"_links":{"self":[{"href":"http:\/\/www.teofilioanstiop.ro\/ro\/wp-json\/wp\/v2\/pages\/325"}],"collection":[{"href":"http:\/\/www.teofilioanstiop.ro\/ro\/wp-json\/wp\/v2\/pages"}],"about":[{"href":"http:\/\/www.teofilioanstiop.ro\/ro\/wp-json\/wp\/v2\/types\/page"}],"author":[{"embeddable":true,"href":"http:\/\/www.teofilioanstiop.ro\/ro\/wp-json\/wp\/v2\/users\/1"}],"replies":[{"embeddable":true,"href":"http:\/\/www.teofilioanstiop.ro\/ro\/wp-json\/wp\/v2\/comments?post=325"}],"version-history":[{"count":4,"href":"http:\/\/www.teofilioanstiop.ro\/ro\/wp-json\/wp\/v2\/pages\/325\/revisions"}],"predecessor-version":[{"id":884,"href":"http:\/\/www.teofilioanstiop.ro\/ro\/wp-json\/wp\/v2\/pages\/325\/revisions\/884"}],"wp:attachment":[{"href":"http:\/\/www.teofilioanstiop.ro\/ro\/wp-json\/wp\/v2\/media?parent=325"}],"curies":[{"name":"wp","href":"https:\/\/api.w.org\/{rel}","templated":true}]}}