{"id":331,"date":"2019-10-23T09:07:17","date_gmt":"2019-10-23T09:07:17","guid":{"rendered":"http:\/\/www.teofilioanstiop.ro\/?page_id=331"},"modified":"2020-05-25T16:41:15","modified_gmt":"2020-05-25T16:41:15","slug":"navigator","status":"publish","type":"page","link":"http:\/\/www.teofilioanstiop.ro\/ro\/navigator\/","title":{"rendered":"Navigator"},"content":{"rendered":"\n<figure class=\"wp-block-image is-style-zoooom\"><a href=\"http:\/\/www.teofilioanstiop.ro\/wp-content\/uploads\/2019\/10\/Navigator.jpg\" data-rel=\"lightbox-image-0\" data-rl_title=\"\" data-rl_caption=\"\" title=\"\"><img decoding=\"async\" loading=\"lazy\" width=\"1024\" height=\"611\" src=\"http:\/\/www.teofilioanstiop.ro\/wp-content\/uploads\/2019\/10\/Navigator-1024x611.jpg\" alt=\"\" class=\"wp-image-324\" srcset=\"http:\/\/www.teofilioanstiop.ro\/wp-content\/uploads\/2019\/10\/Navigator-1024x611.jpg 1024w, http:\/\/www.teofilioanstiop.ro\/wp-content\/uploads\/2019\/10\/Navigator-300x179.jpg 300w, http:\/\/www.teofilioanstiop.ro\/wp-content\/uploads\/2019\/10\/Navigator-768x458.jpg 768w\" sizes=\"(max-width: 706px) 89vw, (max-width: 767px) 82vw, 740px\" \/><\/a><\/figure>\n\n\n\n<p class=\"has-text-align-right\"><strong>Navigator<\/strong>, 250&#215;150 cm, ulei pe p\u00e2nz\u0103, 2015)<br><a href=\"http:\/\/www.teofilioanstiop.ro\/ro\/contact\/\">Contacteaz\u0103 artistul pentru informa\u0163ii suplimentare.<\/a><br><\/p>\n\n\n\n<p class=\"has-text-align-right\">Atrac\u021bia turistic\u0103, relicva ciudat\u0103 a epavei <em>Persuta<\/em>, este \u00eempotmolit\u0103 \u00eentr-o mare de ferestre. Acest fapt arat\u0103 c\u0103 \u201etrip\u201d-ul nu este unul real, deci fizic, ci unul suprareal, de domeniul visului, sau mai degrab\u0103 digital, ca \u00eentr-o navigare internaut\u0103. Aici se propune o medita\u021bie asupra ideii de navigare, dar \u0219i de naufragiu \u00een \u201eepoca <em>Windows<\/em>\u201d.<\/p>\n","protected":false},"excerpt":{"rendered":"<p>Navigator, 250&#215;150 cm, ulei pe p\u00e2nz\u0103, 2015)Contacteaz\u0103 artistul pentru informa\u0163ii suplimentare. Atrac\u021bia turistic\u0103, relicva ciudat\u0103 a epavei Persuta, este \u00eempotmolit\u0103 \u00eentr-o mare de ferestre. Acest fapt arat\u0103 c\u0103 \u201etrip\u201d-ul nu este unul real, deci fizic, ci unul suprareal, de domeniul visului, sau mai degrab\u0103 digital, ca \u00eentr-o navigare internaut\u0103. Aici se propune o medita\u021bie asupra &hellip; <\/p>\n<p class=\"link-more\"><a href=\"http:\/\/www.teofilioanstiop.ro\/ro\/navigator\/\" class=\"more-link\">Continu\u0103 lectura<span class=\"screen-reader-text\"> \u201eNavigator\u201d<\/span><\/a><\/p>\n","protected":false},"author":1,"featured_media":0,"parent":0,"menu_order":0,"comment_status":"closed","ping_status":"closed","template":"","meta":[],"_links":{"self":[{"href":"http:\/\/www.teofilioanstiop.ro\/ro\/wp-json\/wp\/v2\/pages\/331"}],"collection":[{"href":"http:\/\/www.teofilioanstiop.ro\/ro\/wp-json\/wp\/v2\/pages"}],"about":[{"href":"http:\/\/www.teofilioanstiop.ro\/ro\/wp-json\/wp\/v2\/types\/page"}],"author":[{"embeddable":true,"href":"http:\/\/www.teofilioanstiop.ro\/ro\/wp-json\/wp\/v2\/users\/1"}],"replies":[{"embeddable":true,"href":"http:\/\/www.teofilioanstiop.ro\/ro\/wp-json\/wp\/v2\/comments?post=331"}],"version-history":[{"count":3,"href":"http:\/\/www.teofilioanstiop.ro\/ro\/wp-json\/wp\/v2\/pages\/331\/revisions"}],"predecessor-version":[{"id":767,"href":"http:\/\/www.teofilioanstiop.ro\/ro\/wp-json\/wp\/v2\/pages\/331\/revisions\/767"}],"wp:attachment":[{"href":"http:\/\/www.teofilioanstiop.ro\/ro\/wp-json\/wp\/v2\/media?parent=331"}],"curies":[{"name":"wp","href":"https:\/\/api.w.org\/{rel}","templated":true}]}}