{"id":335,"date":"2019-10-23T09:08:20","date_gmt":"2019-10-23T09:08:20","guid":{"rendered":"http:\/\/www.teofilioanstiop.ro\/?page_id=335"},"modified":"2020-05-25T16:28:41","modified_gmt":"2020-05-25T16:28:41","slug":"wireless","status":"publish","type":"page","link":"http:\/\/www.teofilioanstiop.ro\/ro\/wireless\/","title":{"rendered":"Wireless"},"content":{"rendered":"\n<figure class=\"wp-block-image is-style-zoooom\"><a href=\"http:\/\/www.teofilioanstiop.ro\/wp-content\/uploads\/2019\/10\/Wireless.jpg\" data-rel=\"lightbox-image-0\" data-rl_title=\"\" data-rl_caption=\"\" title=\"\"><img decoding=\"async\" loading=\"lazy\" width=\"1024\" height=\"669\" src=\"http:\/\/www.teofilioanstiop.ro\/wp-content\/uploads\/2019\/10\/Wireless-1024x669.jpg\" alt=\"\" class=\"wp-image-319\" srcset=\"http:\/\/www.teofilioanstiop.ro\/wp-content\/uploads\/2019\/10\/Wireless-1024x669.jpg 1024w, http:\/\/www.teofilioanstiop.ro\/wp-content\/uploads\/2019\/10\/Wireless-300x196.jpg 300w, http:\/\/www.teofilioanstiop.ro\/wp-content\/uploads\/2019\/10\/Wireless-768x502.jpg 768w\" sizes=\"(max-width: 706px) 89vw, (max-width: 767px) 82vw, 740px\" \/><\/a><\/figure>\n\n\n\n<p class=\"has-text-align-right\"><strong>Wireless<\/strong>, 199,5&#215;120,5 cm, ulei pe p\u00e2nz\u0103, 2016<br><a href=\"http:\/\/www.teofilioanstiop.ro\/ro\/contact\/\">Contacteaz\u0103 artistul pentru informa\u0163ii suplimentare.<\/a><br><br>\u00cen <em>Wireless<\/em> se propune, sub form\u0103 alegoric\u0103, o invazie a unei turme de oi \u00eentr-o bibliotec\u0103, ce poate fi citit\u0103 deopotriv\u0103 \u0219i ca arhiv\u0103 de dosare. Pictura propune un joc de cuvinte \u0219i \u00een acela\u0219i timp un joc al semnifica\u021biilor, ce graviteaz\u0103 \u00een jurul cartografierii spiritului gregar. Pe de o parte, se arat\u0103 explicit c\u0103 rostirea fonetic\u0103 a englezescului \u201ewireless\u201d, ce denume\u0219te diferite tipuri de re\u021bele f\u0103r\u0103 fir, con\u021bine rom\u00e2nescul \u201eoaie\u201d \u0219i trimite c\u0103tre un u\u0219or exerci\u021biu umoristic de detectare a \u201eromglezei\u201d. Pe de alt\u0103 parte, se sugereaz\u0103 implicit o rela\u021bie dintre re\u021belele de socializare, posibile la scar\u0103 larg\u0103 prin intermediul infrastructurii wireless, cu jocul de copii <em>telefonul f\u0103r\u0103 fir.<\/em> Aici, primul juc\u0103tor roste\u0219te la urechea altuia un cuv\u00e2nt, pe care acesta \u00eel d\u0103 mai departe, p\u00e2n\u0103 c\u00e2nd ultimul expune tuturor ceea ce a ajuns p\u00e2n\u0103 la el. Rezultatele <em>share<\/em>-uirilor din jocul <em>telefonului f\u0103r\u0103 fir<\/em> sunt de cele mai multe ori ilare prin eviden\u021ba neconformit\u0103\u021bii inputului informa\u021biei cu outputul, acesta fiind, cel mai probabil, \u00eensu\u0219i scopul jocului.<\/p>\n\n\n\n<p>Wireless, progresie:<\/p>\n\n\n\n<figure class=\"wp-block-image size-large is-style-zoooom\"><a href=\"blob:http:\/\/www.teofilioanstiop.ro\/cb9c7934-aec3-42e5-855f-888c3789bde4\"><img decoding=\"async\" loading=\"lazy\" width=\"1024\" height=\"724\" src=\"http:\/\/www.teofilioanstiop.ro\/wp-content\/uploads\/2020\/05\/Wireless-Progresie-1024x724.jpg\" alt=\"\" class=\"wp-image-747\" srcset=\"http:\/\/www.teofilioanstiop.ro\/wp-content\/uploads\/2020\/05\/Wireless-Progresie-1024x724.jpg 1024w, http:\/\/www.teofilioanstiop.ro\/wp-content\/uploads\/2020\/05\/Wireless-Progresie-300x212.jpg 300w, http:\/\/www.teofilioanstiop.ro\/wp-content\/uploads\/2020\/05\/Wireless-Progresie-768x543.jpg 768w, http:\/\/www.teofilioanstiop.ro\/wp-content\/uploads\/2020\/05\/Wireless-Progresie-1536x1086.jpg 1536w, http:\/\/www.teofilioanstiop.ro\/wp-content\/uploads\/2020\/05\/Wireless-Progresie-2048x1448.jpg 2048w\" sizes=\"(max-width: 706px) 89vw, (max-width: 767px) 82vw, 740px\" \/><\/a><\/figure>\n","protected":false},"excerpt":{"rendered":"<p>Wireless, 199,5&#215;120,5 cm, ulei pe p\u00e2nz\u0103, 2016Contacteaz\u0103 artistul pentru informa\u0163ii suplimentare. \u00cen Wireless se propune, sub form\u0103 alegoric\u0103, o invazie a unei turme de oi \u00eentr-o bibliotec\u0103, ce poate fi citit\u0103 deopotriv\u0103 \u0219i ca arhiv\u0103 de dosare. Pictura propune un joc de cuvinte \u0219i \u00een acela\u0219i timp un joc al semnifica\u021biilor, ce graviteaz\u0103 \u00een jurul &hellip; <\/p>\n<p class=\"link-more\"><a href=\"http:\/\/www.teofilioanstiop.ro\/ro\/wireless\/\" class=\"more-link\">Continu\u0103 lectura<span class=\"screen-reader-text\"> \u201eWireless\u201d<\/span><\/a><\/p>\n","protected":false},"author":1,"featured_media":0,"parent":0,"menu_order":0,"comment_status":"closed","ping_status":"closed","template":"","meta":[],"_links":{"self":[{"href":"http:\/\/www.teofilioanstiop.ro\/ro\/wp-json\/wp\/v2\/pages\/335"}],"collection":[{"href":"http:\/\/www.teofilioanstiop.ro\/ro\/wp-json\/wp\/v2\/pages"}],"about":[{"href":"http:\/\/www.teofilioanstiop.ro\/ro\/wp-json\/wp\/v2\/types\/page"}],"author":[{"embeddable":true,"href":"http:\/\/www.teofilioanstiop.ro\/ro\/wp-json\/wp\/v2\/users\/1"}],"replies":[{"embeddable":true,"href":"http:\/\/www.teofilioanstiop.ro\/ro\/wp-json\/wp\/v2\/comments?post=335"}],"version-history":[{"count":3,"href":"http:\/\/www.teofilioanstiop.ro\/ro\/wp-json\/wp\/v2\/pages\/335\/revisions"}],"predecessor-version":[{"id":748,"href":"http:\/\/www.teofilioanstiop.ro\/ro\/wp-json\/wp\/v2\/pages\/335\/revisions\/748"}],"wp:attachment":[{"href":"http:\/\/www.teofilioanstiop.ro\/ro\/wp-json\/wp\/v2\/media?parent=335"}],"curies":[{"name":"wp","href":"https:\/\/api.w.org\/{rel}","templated":true}]}}