{"id":339,"date":"2019-10-23T09:09:27","date_gmt":"2019-10-23T09:09:27","guid":{"rendered":"http:\/\/www.teofilioanstiop.ro\/?page_id=339"},"modified":"2020-05-25T16:36:09","modified_gmt":"2020-05-25T16:36:09","slug":"activism","status":"publish","type":"page","link":"http:\/\/www.teofilioanstiop.ro\/ro\/activism\/","title":{"rendered":"Activism"},"content":{"rendered":"\n<figure class=\"wp-block-image is-style-zoooom\"><a href=\"http:\/\/www.teofilioanstiop.ro\/wp-content\/uploads\/2019\/10\/Activism.jpg\" data-rel=\"lightbox-image-0\" data-rl_title=\"\" data-rl_caption=\"\" title=\"\"><img decoding=\"async\" loading=\"lazy\" width=\"1024\" height=\"763\" src=\"http:\/\/www.teofilioanstiop.ro\/wp-content\/uploads\/2019\/10\/Activism-1024x763.jpg\" alt=\"\" class=\"wp-image-320\" srcset=\"http:\/\/www.teofilioanstiop.ro\/wp-content\/uploads\/2019\/10\/Activism-1024x763.jpg 1024w, http:\/\/www.teofilioanstiop.ro\/wp-content\/uploads\/2019\/10\/Activism-300x224.jpg 300w, http:\/\/www.teofilioanstiop.ro\/wp-content\/uploads\/2019\/10\/Activism-768x572.jpg 768w\" sizes=\"(max-width: 706px) 89vw, (max-width: 767px) 82vw, 740px\" \/><\/a><\/figure>\n\n\n\n<p class=\"has-text-align-right\"><strong>Activism<\/strong>, 120&#215;160 cm, ulei pe p\u00e2nz\u0103, 2018<br><a href=\"http:\/\/www.teofilioanstiop.ro\/ro\/contact\/\">Contacteaz\u0103 artistul pentru informa\u0163ii suplimentare.<\/a><br><br>Polarizarea p\u00e2n\u0103 la paroxism a indivizilor din interiorul unei societ\u0103\u021bi prin intermediul introducerii \u0219i aliment\u0103rii unor teme false, de diversiune, transform\u0103 mediul virtual, \u00een spe\u021b\u0103 prin intermediul re\u021belelor de socializare, \u00eentr-un c\u00e2mp de lupt\u0103. Luptele celor mai tari coco\u0219i \u00een duelul informa\u021biilor reprezint\u0103 noile forme de amuzament ale omului contemporan. <\/p>\n\n\n\n<p class=\"has-text-align-right\">Activism, progresie:<\/p>\n\n\n\n<div class=\"wp-block-image is-style-zoooom\"><figure class=\"alignright size-large\"><img decoding=\"async\" loading=\"lazy\" width=\"1024\" height=\"724\" src=\"http:\/\/www.teofilioanstiop.ro\/wp-content\/uploads\/2020\/05\/Activism-Progresie-1024x724.jpg\" alt=\"\" class=\"wp-image-758\" srcset=\"http:\/\/www.teofilioanstiop.ro\/wp-content\/uploads\/2020\/05\/Activism-Progresie-1024x724.jpg 1024w, http:\/\/www.teofilioanstiop.ro\/wp-content\/uploads\/2020\/05\/Activism-Progresie-300x212.jpg 300w, http:\/\/www.teofilioanstiop.ro\/wp-content\/uploads\/2020\/05\/Activism-Progresie-768x543.jpg 768w, http:\/\/www.teofilioanstiop.ro\/wp-content\/uploads\/2020\/05\/Activism-Progresie-1536x1086.jpg 1536w, http:\/\/www.teofilioanstiop.ro\/wp-content\/uploads\/2020\/05\/Activism-Progresie-2048x1448.jpg 2048w\" sizes=\"(max-width: 706px) 89vw, (max-width: 767px) 82vw, 740px\" \/><\/figure><\/div>\n","protected":false},"excerpt":{"rendered":"<p>Activism, 120&#215;160 cm, ulei pe p\u00e2nz\u0103, 2018Contacteaz\u0103 artistul pentru informa\u0163ii suplimentare. Polarizarea p\u00e2n\u0103 la paroxism a indivizilor din interiorul unei societ\u0103\u021bi prin intermediul introducerii \u0219i aliment\u0103rii unor teme false, de diversiune, transform\u0103 mediul virtual, \u00een spe\u021b\u0103 prin intermediul re\u021belelor de socializare, \u00eentr-un c\u00e2mp de lupt\u0103. Luptele celor mai tari coco\u0219i \u00een duelul informa\u021biilor reprezint\u0103 noile &hellip; <\/p>\n<p class=\"link-more\"><a href=\"http:\/\/www.teofilioanstiop.ro\/ro\/activism\/\" class=\"more-link\">Continu\u0103 lectura<span class=\"screen-reader-text\"> \u201eActivism\u201d<\/span><\/a><\/p>\n","protected":false},"author":1,"featured_media":0,"parent":0,"menu_order":0,"comment_status":"closed","ping_status":"closed","template":"","meta":[],"_links":{"self":[{"href":"http:\/\/www.teofilioanstiop.ro\/ro\/wp-json\/wp\/v2\/pages\/339"}],"collection":[{"href":"http:\/\/www.teofilioanstiop.ro\/ro\/wp-json\/wp\/v2\/pages"}],"about":[{"href":"http:\/\/www.teofilioanstiop.ro\/ro\/wp-json\/wp\/v2\/types\/page"}],"author":[{"embeddable":true,"href":"http:\/\/www.teofilioanstiop.ro\/ro\/wp-json\/wp\/v2\/users\/1"}],"replies":[{"embeddable":true,"href":"http:\/\/www.teofilioanstiop.ro\/ro\/wp-json\/wp\/v2\/comments?post=339"}],"version-history":[{"count":4,"href":"http:\/\/www.teofilioanstiop.ro\/ro\/wp-json\/wp\/v2\/pages\/339\/revisions"}],"predecessor-version":[{"id":759,"href":"http:\/\/www.teofilioanstiop.ro\/ro\/wp-json\/wp\/v2\/pages\/339\/revisions\/759"}],"wp:attachment":[{"href":"http:\/\/www.teofilioanstiop.ro\/ro\/wp-json\/wp\/v2\/media?parent=339"}],"curies":[{"name":"wp","href":"https:\/\/api.w.org\/{rel}","templated":true}]}}