{"id":354,"date":"2019-10-23T14:37:27","date_gmt":"2019-10-23T14:37:27","guid":{"rendered":"http:\/\/www.teofilioanstiop.ro\/?page_id=354"},"modified":"2020-05-25T15:28:12","modified_gmt":"2020-05-25T15:28:12","slug":"frame","status":"publish","type":"page","link":"http:\/\/www.teofilioanstiop.ro\/ro\/frame\/","title":{"rendered":"fRAMe"},"content":{"rendered":"\n<p class=\"has-text-align-right\">\u00cen seria de picturi intitulat\u0103 <em>fRAMe<\/em>, aten\u021bia este direc\u021bionat\u0103 c\u0103tre o serie de obiecte ale realit\u0103\u021bii contingente, ce sunt reprezentate prin no\u021biunea de cadru. \u00cen acest sens, rama sau \u0219asiul p\u00e2nzei, fereastra sau rafturile de bibliotec\u0103 reprezint\u0103 laitmotive ce se conjug\u0103 cu subiecte g\u00e2ndite ca simboluri ale trecerii \u2013 aici prin cadru \u2013 precum corabia, moara de v\u00e2nt, cartea sau tabloul. Scoase din uz, debarasate \u0219i depozitate, obiectele seriei, \u00een jonc\u021biunea lor cu subiectul, \u00ee\u0219i schimb\u0103 caracterul semantic, produc\u00e2nd noi relicve ale prezentului. Astfel, mormanul de ferestre, mald\u0103rul de picturi ori vraful de c\u0103r\u021bi invit\u0103 privitorul s\u0103 lectureze sensuri ce dep\u0103\u0219esc limita obiectelor reprezentate \u0219i deplaseaz\u0103 accentul dinspre acestea c\u0103tre noul lor context, definit tot mai evident prin parametrii lumii digitale.<\/p>\n\n\n\n<figure class=\"wp-block-image is-resized\"><a href=\"http:\/\/www.teofilioanstiop.ro\/ro\/melancholia-2\/\"><img decoding=\"async\" loading=\"lazy\" src=\"http:\/\/www.teofilioanstiop.ro\/wp-content\/uploads\/2019\/08\/Melancholia-1024x845.jpg\" alt=\"\" class=\"wp-image-42\" width=\"1024\" height=\"845\" srcset=\"http:\/\/www.teofilioanstiop.ro\/wp-content\/uploads\/2019\/08\/Melancholia-1024x845.jpg 1024w, http:\/\/www.teofilioanstiop.ro\/wp-content\/uploads\/2019\/08\/Melancholia-300x247.jpg 300w, http:\/\/www.teofilioanstiop.ro\/wp-content\/uploads\/2019\/08\/Melancholia-768x634.jpg 768w, http:\/\/www.teofilioanstiop.ro\/wp-content\/uploads\/2019\/08\/Melancholia-500x412.jpg 500w, http:\/\/www.teofilioanstiop.ro\/wp-content\/uploads\/2019\/08\/Melancholia-800x660.jpg 800w, http:\/\/www.teofilioanstiop.ro\/wp-content\/uploads\/2019\/08\/Melancholia-1280x1056.jpg 1280w, http:\/\/www.teofilioanstiop.ro\/wp-content\/uploads\/2019\/08\/Melancholia-1920x1584.jpg 1920w\" sizes=\"(max-width: 706px) 89vw, (max-width: 767px) 82vw, 740px\" \/><\/a><figcaption>Melancholia<\/figcaption><\/figure>\n\n\n\n<figure class=\"wp-block-image is-resized\"><a href=\"http:\/\/www.teofilioanstiop.ro\/ro\/windows\/\"><img decoding=\"async\" loading=\"lazy\" src=\"http:\/\/www.teofilioanstiop.ro\/wp-content\/uploads\/2019\/08\/Windows-1-1024x723.jpg\" alt=\"\" class=\"wp-image-30\" width=\"1024\" height=\"723\" srcset=\"http:\/\/www.teofilioanstiop.ro\/wp-content\/uploads\/2019\/08\/Windows-1-1024x723.jpg 1024w, http:\/\/www.teofilioanstiop.ro\/wp-content\/uploads\/2019\/08\/Windows-1-300x212.jpg 300w, http:\/\/www.teofilioanstiop.ro\/wp-content\/uploads\/2019\/08\/Windows-1-768x542.jpg 768w, http:\/\/www.teofilioanstiop.ro\/wp-content\/uploads\/2019\/08\/Windows-1-500x353.jpg 500w, http:\/\/www.teofilioanstiop.ro\/wp-content\/uploads\/2019\/08\/Windows-1-800x565.jpg 800w, http:\/\/www.teofilioanstiop.ro\/wp-content\/uploads\/2019\/08\/Windows-1-1280x903.jpg 1280w, http:\/\/www.teofilioanstiop.ro\/wp-content\/uploads\/2019\/08\/Windows-1-1920x1355.jpg 1920w\" sizes=\"(max-width: 706px) 89vw, (max-width: 767px) 82vw, 740px\" \/><\/a><figcaption>Windows<\/figcaption><\/figure>\n\n\n\n<figure class=\"wp-block-image is-resized\"><a href=\"http:\/\/www.teofilioanstiop.ro\/ro\/archive-i\/\"><img decoding=\"async\" loading=\"lazy\" src=\"http:\/\/www.teofilioanstiop.ro\/wp-content\/uploads\/2019\/08\/Archive-1021x1024.jpg\" alt=\"\" class=\"wp-image-69\" width=\"1021\" height=\"1024\" srcset=\"http:\/\/www.teofilioanstiop.ro\/wp-content\/uploads\/2019\/08\/Archive-1021x1024.jpg 1021w, http:\/\/www.teofilioanstiop.ro\/wp-content\/uploads\/2019\/08\/Archive-150x150.jpg 150w, http:\/\/www.teofilioanstiop.ro\/wp-content\/uploads\/2019\/08\/Archive-300x300.jpg 300w, http:\/\/www.teofilioanstiop.ro\/wp-content\/uploads\/2019\/08\/Archive-768x770.jpg 768w, http:\/\/www.teofilioanstiop.ro\/wp-content\/uploads\/2019\/08\/Archive-100x100.jpg 100w\" sizes=\"(max-width: 706px) 89vw, (max-width: 767px) 82vw, 740px\" \/><\/a><figcaption>Archive I<\/figcaption><\/figure>\n\n\n\n<figure class=\"wp-block-image is-resized\"><a href=\"http:\/\/www.teofilioanstiop.ro\/ro\/windows-ii\/\"><img decoding=\"async\" loading=\"lazy\" src=\"http:\/\/www.teofilioanstiop.ro\/wp-content\/uploads\/2019\/08\/Windows-II-1024x846.jpg\" alt=\"\" class=\"wp-image-74\" width=\"1024\" height=\"846\" srcset=\"http:\/\/www.teofilioanstiop.ro\/wp-content\/uploads\/2019\/08\/Windows-II-1024x846.jpg 1024w, http:\/\/www.teofilioanstiop.ro\/wp-content\/uploads\/2019\/08\/Windows-II-300x248.jpg 300w, http:\/\/www.teofilioanstiop.ro\/wp-content\/uploads\/2019\/08\/Windows-II-768x634.jpg 768w\" sizes=\"(max-width: 706px) 89vw, (max-width: 767px) 82vw, 740px\" \/><\/a><figcaption>Windows II<\/figcaption><\/figure>\n\n\n\n<figure class=\"wp-block-image is-resized\"><a href=\"http:\/\/www.teofilioanstiop.ro\/ro\/archive-ii\/\"><img decoding=\"async\" loading=\"lazy\" src=\"http:\/\/www.teofilioanstiop.ro\/wp-content\/uploads\/2019\/08\/Archive-II-1024x724.jpg\" alt=\"\" class=\"wp-image-72\" width=\"1024\" height=\"724\" srcset=\"http:\/\/www.teofilioanstiop.ro\/wp-content\/uploads\/2019\/08\/Archive-II-1024x724.jpg 1024w, http:\/\/www.teofilioanstiop.ro\/wp-content\/uploads\/2019\/08\/Archive-II-300x212.jpg 300w, http:\/\/www.teofilioanstiop.ro\/wp-content\/uploads\/2019\/08\/Archive-II-768x543.jpg 768w\" sizes=\"(max-width: 706px) 89vw, (max-width: 767px) 82vw, 740px\" \/><\/a><figcaption>Archive II<\/figcaption><\/figure>\n\n\n\n<figure class=\"wp-block-image is-resized\"><a href=\"http:\/\/www.teofilioanstiop.ro\/ro\/navigator\/\"><img decoding=\"async\" loading=\"lazy\" src=\"http:\/\/www.teofilioanstiop.ro\/wp-content\/uploads\/2019\/08\/Navigator-1024x611.jpg\" alt=\"\" class=\"wp-image-75\" width=\"1024\" height=\"611\" srcset=\"http:\/\/www.teofilioanstiop.ro\/wp-content\/uploads\/2019\/08\/Navigator-1024x611.jpg 1024w, http:\/\/www.teofilioanstiop.ro\/wp-content\/uploads\/2019\/08\/Navigator-300x179.jpg 300w, http:\/\/www.teofilioanstiop.ro\/wp-content\/uploads\/2019\/08\/Navigator-768x458.jpg 768w\" sizes=\"(max-width: 706px) 89vw, (max-width: 767px) 82vw, 740px\" \/><\/a><figcaption>Navigator<\/figcaption><\/figure>\n\n\n\n<figure class=\"wp-block-image is-resized\"><a href=\"http:\/\/www.teofilioanstiop.ro\/ro\/anti-virus-guard-2\/\"><img decoding=\"async\" loading=\"lazy\" src=\"http:\/\/www.teofilioanstiop.ro\/wp-content\/uploads\/2019\/08\/Anti-Virus-Guard-735x1024.jpg\" alt=\"\" class=\"wp-image-31\" width=\"735\" height=\"1024\" srcset=\"http:\/\/www.teofilioanstiop.ro\/wp-content\/uploads\/2019\/08\/Anti-Virus-Guard-735x1024.jpg 735w, http:\/\/www.teofilioanstiop.ro\/wp-content\/uploads\/2019\/08\/Anti-Virus-Guard-215x300.jpg 215w, http:\/\/www.teofilioanstiop.ro\/wp-content\/uploads\/2019\/08\/Anti-Virus-Guard-768x1070.jpg 768w, http:\/\/www.teofilioanstiop.ro\/wp-content\/uploads\/2019\/08\/Anti-Virus-Guard-500x697.jpg 500w, http:\/\/www.teofilioanstiop.ro\/wp-content\/uploads\/2019\/08\/Anti-Virus-Guard-800x1115.jpg 800w, http:\/\/www.teofilioanstiop.ro\/wp-content\/uploads\/2019\/08\/Anti-Virus-Guard-1280x1783.jpg 1280w, http:\/\/www.teofilioanstiop.ro\/wp-content\/uploads\/2019\/08\/Anti-Virus-Guard-1920x2675.jpg 1920w\" sizes=\"(max-width: 735px) 100vw, 735px\" \/><\/a><figcaption>Anti Virus Guard<\/figcaption><\/figure>\n\n\n\n<figure class=\"wp-block-image is-resized\"><a href=\"http:\/\/www.teofilioanstiop.ro\/ro\/library\/\"><img decoding=\"async\" loading=\"lazy\" src=\"http:\/\/www.teofilioanstiop.ro\/wp-content\/uploads\/2019\/08\/Library-1024x722.jpg\" alt=\"\" class=\"wp-image-73\" width=\"1024\" height=\"722\" srcset=\"http:\/\/www.teofilioanstiop.ro\/wp-content\/uploads\/2019\/08\/Library-1024x722.jpg 1024w, http:\/\/www.teofilioanstiop.ro\/wp-content\/uploads\/2019\/08\/Library-300x212.jpg 300w, http:\/\/www.teofilioanstiop.ro\/wp-content\/uploads\/2019\/08\/Library-768x542.jpg 768w\" sizes=\"(max-width: 706px) 89vw, (max-width: 767px) 82vw, 740px\" \/><\/a><figcaption>Library<\/figcaption><\/figure>\n","protected":false},"excerpt":{"rendered":"<p>\u00cen seria de picturi intitulat\u0103 fRAMe, aten\u021bia este direc\u021bionat\u0103 c\u0103tre o serie de obiecte ale realit\u0103\u021bii contingente, ce sunt reprezentate prin no\u021biunea de cadru. \u00cen acest sens, rama sau \u0219asiul p\u00e2nzei, fereastra sau rafturile de bibliotec\u0103 reprezint\u0103 laitmotive ce se conjug\u0103 cu subiecte g\u00e2ndite ca simboluri ale trecerii \u2013 aici prin cadru \u2013 precum corabia, &hellip; <\/p>\n<p class=\"link-more\"><a href=\"http:\/\/www.teofilioanstiop.ro\/ro\/frame\/\" class=\"more-link\">Continu\u0103 lectura<span class=\"screen-reader-text\"> \u201efRAMe\u201d<\/span><\/a><\/p>\n","protected":false},"author":1,"featured_media":0,"parent":0,"menu_order":0,"comment_status":"closed","ping_status":"closed","template":"","meta":[],"_links":{"self":[{"href":"http:\/\/www.teofilioanstiop.ro\/ro\/wp-json\/wp\/v2\/pages\/354"}],"collection":[{"href":"http:\/\/www.teofilioanstiop.ro\/ro\/wp-json\/wp\/v2\/pages"}],"about":[{"href":"http:\/\/www.teofilioanstiop.ro\/ro\/wp-json\/wp\/v2\/types\/page"}],"author":[{"embeddable":true,"href":"http:\/\/www.teofilioanstiop.ro\/ro\/wp-json\/wp\/v2\/users\/1"}],"replies":[{"embeddable":true,"href":"http:\/\/www.teofilioanstiop.ro\/ro\/wp-json\/wp\/v2\/comments?post=354"}],"version-history":[{"count":6,"href":"http:\/\/www.teofilioanstiop.ro\/ro\/wp-json\/wp\/v2\/pages\/354\/revisions"}],"predecessor-version":[{"id":726,"href":"http:\/\/www.teofilioanstiop.ro\/ro\/wp-json\/wp\/v2\/pages\/354\/revisions\/726"}],"wp:attachment":[{"href":"http:\/\/www.teofilioanstiop.ro\/ro\/wp-json\/wp\/v2\/media?parent=354"}],"curies":[{"name":"wp","href":"https:\/\/api.w.org\/{rel}","templated":true}]}}