{"id":628,"date":"2020-05-24T11:21:46","date_gmt":"2020-05-24T11:21:46","guid":{"rendered":"http:\/\/www.teofilioanstiop.ro\/?page_id=628"},"modified":"2020-05-24T11:29:52","modified_gmt":"2020-05-24T11:29:52","slug":"megamix","status":"publish","type":"page","link":"http:\/\/www.teofilioanstiop.ro\/ro\/megamix\/","title":{"rendered":"Megamix"},"content":{"rendered":"\n<p class=\"has-text-align-right\">Seria <em>Megamix<\/em> grupeaz\u0103 preocup\u0103ri legate de instaurarea unui dialog cu tradi\u021bia istoriei imaginii. Lucr\u0103rile presupun o remodelare a unor pasaje iconice care se convertesc pe aceast\u0103 cale, din cli\u0219eu cultural \u00een poveste personal\u0103. Punctele de plecare sunt diverse, la fel ca tehnicile \u0219i modurile de abordare, fie c\u0103 vorbim doar de citarea unor pasaje ori de reinterpretarea stilistic\u0103 a unei \u00eentregi lucr\u0103ri. Reperul cel mai \u00eendep\u0103rtat al seriei este grupul statuar antic <em>Laocoon<\/em> iar cel mai apropiat este lucrarea lui Picasso din perioada albastr\u0103, <em>La Vie<\/em>. \u00cen cadrul seriei, imaginile alese reprezint\u0103 borne spa\u021bio-temporale ale istoriei artei occidentale care aici sunt reinventate \u0219i aduse \u00een acela\u0219i plan al realit\u0103\u021bii, pentru a spune o nou\u0103 poveste.<\/p>\n\n\n\n<figure class=\"wp-block-image size-large is-style-zoooom\"><a href=\"http:\/\/www.teofilioanstiop.ro\/laocoon-megamix\/\"><img decoding=\"async\" loading=\"lazy\" width=\"692\" height=\"1024\" src=\"http:\/\/www.teofilioanstiop.ro\/wp-content\/uploads\/2020\/05\/Laocoon-Megamix-3-692x1024.jpg\" alt=\"\" class=\"wp-image-548\" srcset=\"http:\/\/www.teofilioanstiop.ro\/wp-content\/uploads\/2020\/05\/Laocoon-Megamix-3-692x1024.jpg 692w, http:\/\/www.teofilioanstiop.ro\/wp-content\/uploads\/2020\/05\/Laocoon-Megamix-3-203x300.jpg 203w, http:\/\/www.teofilioanstiop.ro\/wp-content\/uploads\/2020\/05\/Laocoon-Megamix-3-768x1137.jpg 768w, http:\/\/www.teofilioanstiop.ro\/wp-content\/uploads\/2020\/05\/Laocoon-Megamix-3.jpg 808w\" sizes=\"(max-width: 692px) 100vw, 692px\" \/><\/a><figcaption>Laocoon Megamix<\/figcaption><\/figure>\n\n\n\n<figure class=\"wp-block-image size-large is-style-zoooom\"><a href=\"http:\/\/www.teofilioanstiop.ro\/ro\/picasso-megamix-i\/\"><img decoding=\"async\" loading=\"lazy\" width=\"1024\" height=\"996\" src=\"http:\/\/www.teofilioanstiop.ro\/wp-content\/uploads\/2020\/05\/Picasso-Megamix-1-1024x996.jpg\" alt=\"\" class=\"wp-image-546\" srcset=\"http:\/\/www.teofilioanstiop.ro\/wp-content\/uploads\/2020\/05\/Picasso-Megamix-1-1024x996.jpg 1024w, http:\/\/www.teofilioanstiop.ro\/wp-content\/uploads\/2020\/05\/Picasso-Megamix-1-300x292.jpg 300w, http:\/\/www.teofilioanstiop.ro\/wp-content\/uploads\/2020\/05\/Picasso-Megamix-1-768x747.jpg 768w, http:\/\/www.teofilioanstiop.ro\/wp-content\/uploads\/2020\/05\/Picasso-Megamix-1-1536x1494.jpg 1536w, http:\/\/www.teofilioanstiop.ro\/wp-content\/uploads\/2020\/05\/Picasso-Megamix-1-2048x1992.jpg 2048w\" sizes=\"(max-width: 706px) 89vw, (max-width: 767px) 82vw, 740px\" \/><\/a><figcaption>Picasso Megamix 1<\/figcaption><\/figure>\n\n\n\n<figure class=\"wp-block-image size-large is-style-zoooom\"><a href=\"http:\/\/www.teofilioanstiop.ro\/picasso-megamix-ii\/\"><img decoding=\"async\" loading=\"lazy\" width=\"763\" height=\"1024\" src=\"http:\/\/www.teofilioanstiop.ro\/wp-content\/uploads\/2020\/05\/Picasso-Megamix-2-763x1024.jpg\" alt=\"\" class=\"wp-image-547\" srcset=\"http:\/\/www.teofilioanstiop.ro\/wp-content\/uploads\/2020\/05\/Picasso-Megamix-2-763x1024.jpg 763w, http:\/\/www.teofilioanstiop.ro\/wp-content\/uploads\/2020\/05\/Picasso-Megamix-2-224x300.jpg 224w, http:\/\/www.teofilioanstiop.ro\/wp-content\/uploads\/2020\/05\/Picasso-Megamix-2-768x1031.jpg 768w, http:\/\/www.teofilioanstiop.ro\/wp-content\/uploads\/2020\/05\/Picasso-Megamix-2.jpg 862w\" sizes=\"(max-width: 706px) 89vw, (max-width: 767px) 82vw, 740px\" \/><\/a><figcaption>Picasso Megamix 2<\/figcaption><\/figure>\n","protected":false},"excerpt":{"rendered":"<p>Seria Megamix grupeaz\u0103 preocup\u0103ri legate de instaurarea unui dialog cu tradi\u021bia istoriei imaginii. Lucr\u0103rile presupun o remodelare a unor pasaje iconice care se convertesc pe aceast\u0103 cale, din cli\u0219eu cultural \u00een poveste personal\u0103. Punctele de plecare sunt diverse, la fel ca tehnicile \u0219i modurile de abordare, fie c\u0103 vorbim doar de citarea unor pasaje ori &hellip; <\/p>\n<p class=\"link-more\"><a href=\"http:\/\/www.teofilioanstiop.ro\/ro\/megamix\/\" class=\"more-link\">Continu\u0103 lectura<span class=\"screen-reader-text\"> \u201eMegamix\u201d<\/span><\/a><\/p>\n","protected":false},"author":3,"featured_media":0,"parent":0,"menu_order":0,"comment_status":"closed","ping_status":"closed","template":"","meta":[],"_links":{"self":[{"href":"http:\/\/www.teofilioanstiop.ro\/ro\/wp-json\/wp\/v2\/pages\/628"}],"collection":[{"href":"http:\/\/www.teofilioanstiop.ro\/ro\/wp-json\/wp\/v2\/pages"}],"about":[{"href":"http:\/\/www.teofilioanstiop.ro\/ro\/wp-json\/wp\/v2\/types\/page"}],"author":[{"embeddable":true,"href":"http:\/\/www.teofilioanstiop.ro\/ro\/wp-json\/wp\/v2\/users\/3"}],"replies":[{"embeddable":true,"href":"http:\/\/www.teofilioanstiop.ro\/ro\/wp-json\/wp\/v2\/comments?post=628"}],"version-history":[{"count":4,"href":"http:\/\/www.teofilioanstiop.ro\/ro\/wp-json\/wp\/v2\/pages\/628\/revisions"}],"predecessor-version":[{"id":643,"href":"http:\/\/www.teofilioanstiop.ro\/ro\/wp-json\/wp\/v2\/pages\/628\/revisions\/643"}],"wp:attachment":[{"href":"http:\/\/www.teofilioanstiop.ro\/ro\/wp-json\/wp\/v2\/media?parent=628"}],"curies":[{"name":"wp","href":"https:\/\/api.w.org\/{rel}","templated":true}]}}