{"id":645,"date":"2020-05-24T11:34:04","date_gmt":"2020-05-24T11:34:04","guid":{"rendered":"http:\/\/www.teofilioanstiop.ro\/?page_id=645"},"modified":"2020-05-24T11:47:49","modified_gmt":"2020-05-24T11:47:49","slug":"seductie-1999-2000","status":"publish","type":"page","link":"http:\/\/www.teofilioanstiop.ro\/ro\/seductie-1999-2000\/","title":{"rendered":"Seduc\u021bie (1999-2000)"},"content":{"rendered":"\n<p class=\"has-text-align-right\">Proiectul se constuie\u0219te \u00een jurul dihotomiei masculin\/feminin. Rela\u021bia este reprezentat\u0103 aici sub form\u0103 de semne, asemeni conven\u021biilor imagistice ale indicatoarelor rutiere, ceea ce atrage aten\u021bia asupra faptului c\u0103, accentul nu cade pe personaje ci pe desf\u0103\u0219urarea itinerariului. Seria con\u0163ine dou\u0103sprezece lucr\u0103ri ce prezint\u0103 o desf\u0103\u0219urare secven\u021bial\u0103, filmic\u0103, a unui proces ciclic. Leit-motivul proiectului \u00eel constituie personajul masculin, semn care reapare identic \u00een fiecare lucrare, \u00een contexte diferite, croite pe canavaua unei broderii compuse din figuri feminine multiplicate, asem\u0103n\u0103toare unei p\u00e2nze de p\u0103ianjen. Dup\u0103 consumarea \u015fi decantarea fiec\u0103rei etape, personajul masculin \u00ee\u0219i atinge apogeul unit\u0103\u0163ii sale erotice. \u00cen m\u0103sura \u00een care privitorul decide s\u0103 lectureze de la \u00eenceput seria, \u00eendemnat fiind de structura sub form\u0103 de cerc a proiectului, el plonjaz\u0103 din nou, \u00eempreun\u0103 cu personajul principal \u00een multiplicitate, relu\u00e2nd astfel ciclul karmic al istoriei sale. Cu alte cuvinte, structura proiectului este una circular\u0103, ultima lucrare put\u00e2nd fi deopotriv\u0103 \u015fi prima, adic\u0103 punctul de plecare al \u00eentregii epopei picturale.&nbsp;<\/p>\n\n\n\n<figure class=\"wp-block-image size-large is-style-zoooom\"><a href=\"http:\/\/www.teofilioanstiop.ro\/seductie-1\/\"><img decoding=\"async\" loading=\"lazy\" width=\"1009\" height=\"1024\" src=\"http:\/\/www.teofilioanstiop.ro\/wp-content\/uploads\/2020\/05\/Seductie-1-1009x1024.jpg\" alt=\"\" class=\"wp-image-554\" srcset=\"http:\/\/www.teofilioanstiop.ro\/wp-content\/uploads\/2020\/05\/Seductie-1-1009x1024.jpg 1009w, http:\/\/www.teofilioanstiop.ro\/wp-content\/uploads\/2020\/05\/Seductie-1-296x300.jpg 296w, http:\/\/www.teofilioanstiop.ro\/wp-content\/uploads\/2020\/05\/Seductie-1-768x780.jpg 768w, http:\/\/www.teofilioanstiop.ro\/wp-content\/uploads\/2020\/05\/Seductie-1-100x100.jpg 100w, http:\/\/www.teofilioanstiop.ro\/wp-content\/uploads\/2020\/05\/Seductie-1.jpg 1332w\" sizes=\"(max-width: 706px) 89vw, (max-width: 767px) 82vw, 740px\" \/><\/a><figcaption>Seductie I<\/figcaption><\/figure>\n\n\n\n<figure class=\"wp-block-image size-large is-style-zoooom\"><a href=\"http:\/\/www.teofilioanstiop.ro\/seductie-2\/\"><img decoding=\"async\" loading=\"lazy\" width=\"1024\" height=\"1021\" src=\"http:\/\/www.teofilioanstiop.ro\/wp-content\/uploads\/2020\/05\/Seductie-2-1024x1021.jpg\" alt=\"\" class=\"wp-image-555\" srcset=\"http:\/\/www.teofilioanstiop.ro\/wp-content\/uploads\/2020\/05\/Seductie-2-1024x1021.jpg 1024w, http:\/\/www.teofilioanstiop.ro\/wp-content\/uploads\/2020\/05\/Seductie-2-300x300.jpg 300w, http:\/\/www.teofilioanstiop.ro\/wp-content\/uploads\/2020\/05\/Seductie-2-150x150.jpg 150w, http:\/\/www.teofilioanstiop.ro\/wp-content\/uploads\/2020\/05\/Seductie-2-768x766.jpg 768w, http:\/\/www.teofilioanstiop.ro\/wp-content\/uploads\/2020\/05\/Seductie-2-100x100.jpg 100w, http:\/\/www.teofilioanstiop.ro\/wp-content\/uploads\/2020\/05\/Seductie-2.jpg 1366w\" sizes=\"(max-width: 706px) 89vw, (max-width: 767px) 82vw, 740px\" \/><\/a><figcaption>Seductie II<\/figcaption><\/figure>\n\n\n\n<figure class=\"wp-block-image size-large is-style-zoooom\"><a href=\"http:\/\/www.teofilioanstiop.ro\/ro\/seductie-3\/\"><img decoding=\"async\" loading=\"lazy\" width=\"1024\" height=\"988\" src=\"http:\/\/www.teofilioanstiop.ro\/wp-content\/uploads\/2020\/05\/Seductie-3-1024x988.jpg\" alt=\"\" class=\"wp-image-556\" srcset=\"http:\/\/www.teofilioanstiop.ro\/wp-content\/uploads\/2020\/05\/Seductie-3-1024x988.jpg 1024w, http:\/\/www.teofilioanstiop.ro\/wp-content\/uploads\/2020\/05\/Seductie-3-300x289.jpg 300w, http:\/\/www.teofilioanstiop.ro\/wp-content\/uploads\/2020\/05\/Seductie-3-768x741.jpg 768w, http:\/\/www.teofilioanstiop.ro\/wp-content\/uploads\/2020\/05\/Seductie-3.jpg 1358w\" sizes=\"(max-width: 706px) 89vw, (max-width: 767px) 82vw, 740px\" \/><\/a><figcaption>Seductie III<\/figcaption><\/figure>\n\n\n\n<figure class=\"wp-block-image size-large is-style-zoooom\"><a href=\"http:\/\/www.teofilioanstiop.ro\/seductie-xii\/\"><img decoding=\"async\" loading=\"lazy\" width=\"1011\" height=\"1024\" src=\"http:\/\/www.teofilioanstiop.ro\/wp-content\/uploads\/2020\/05\/seductie-12-1011x1024.jpg\" alt=\"\" class=\"wp-image-557\" srcset=\"http:\/\/www.teofilioanstiop.ro\/wp-content\/uploads\/2020\/05\/seductie-12-1011x1024.jpg 1011w, http:\/\/www.teofilioanstiop.ro\/wp-content\/uploads\/2020\/05\/seductie-12-296x300.jpg 296w, http:\/\/www.teofilioanstiop.ro\/wp-content\/uploads\/2020\/05\/seductie-12-768x778.jpg 768w, http:\/\/www.teofilioanstiop.ro\/wp-content\/uploads\/2020\/05\/seductie-12-1517x1536.jpg 1517w, http:\/\/www.teofilioanstiop.ro\/wp-content\/uploads\/2020\/05\/seductie-12-100x100.jpg 100w, http:\/\/www.teofilioanstiop.ro\/wp-content\/uploads\/2020\/05\/seductie-12.jpg 1912w\" sizes=\"(max-width: 706px) 89vw, (max-width: 767px) 82vw, 740px\" \/><\/a><figcaption>Seductie XII<\/figcaption><\/figure>\n","protected":false},"excerpt":{"rendered":"<p>Proiectul se constuie\u0219te \u00een jurul dihotomiei masculin\/feminin. Rela\u021bia este reprezentat\u0103 aici sub form\u0103 de semne, asemeni conven\u021biilor imagistice ale indicatoarelor rutiere, ceea ce atrage aten\u021bia asupra faptului c\u0103, accentul nu cade pe personaje ci pe desf\u0103\u0219urarea itinerariului. Seria con\u0163ine dou\u0103sprezece lucr\u0103ri ce prezint\u0103 o desf\u0103\u0219urare secven\u021bial\u0103, filmic\u0103, a unui proces ciclic. Leit-motivul proiectului \u00eel constituie &hellip; <\/p>\n<p class=\"link-more\"><a href=\"http:\/\/www.teofilioanstiop.ro\/ro\/seductie-1999-2000\/\" class=\"more-link\">Continu\u0103 lectura<span class=\"screen-reader-text\"> \u201eSeduc\u021bie (1999-2000)\u201d<\/span><\/a><\/p>\n","protected":false},"author":3,"featured_media":0,"parent":0,"menu_order":0,"comment_status":"closed","ping_status":"closed","template":"","meta":[],"_links":{"self":[{"href":"http:\/\/www.teofilioanstiop.ro\/ro\/wp-json\/wp\/v2\/pages\/645"}],"collection":[{"href":"http:\/\/www.teofilioanstiop.ro\/ro\/wp-json\/wp\/v2\/pages"}],"about":[{"href":"http:\/\/www.teofilioanstiop.ro\/ro\/wp-json\/wp\/v2\/types\/page"}],"author":[{"embeddable":true,"href":"http:\/\/www.teofilioanstiop.ro\/ro\/wp-json\/wp\/v2\/users\/3"}],"replies":[{"embeddable":true,"href":"http:\/\/www.teofilioanstiop.ro\/ro\/wp-json\/wp\/v2\/comments?post=645"}],"version-history":[{"count":5,"href":"http:\/\/www.teofilioanstiop.ro\/ro\/wp-json\/wp\/v2\/pages\/645\/revisions"}],"predecessor-version":[{"id":664,"href":"http:\/\/www.teofilioanstiop.ro\/ro\/wp-json\/wp\/v2\/pages\/645\/revisions\/664"}],"wp:attachment":[{"href":"http:\/\/www.teofilioanstiop.ro\/ro\/wp-json\/wp\/v2\/media?parent=645"}],"curies":[{"name":"wp","href":"https:\/\/api.w.org\/{rel}","templated":true}]}}