{"id":648,"date":"2020-05-24T11:36:07","date_gmt":"2020-05-24T11:36:07","guid":{"rendered":"http:\/\/www.teofilioanstiop.ro\/?page_id=648"},"modified":"2020-05-24T11:36:07","modified_gmt":"2020-05-24T11:36:07","slug":"seductie-1","status":"publish","type":"page","link":"http:\/\/www.teofilioanstiop.ro\/ro\/seductie-1\/","title":{"rendered":"Seductie 1"},"content":{"rendered":"\n<figure class=\"wp-block-image size-large is-style-zoooom\"><a href=\"http:\/\/www.teofilioanstiop.ro\/wp-content\/uploads\/2020\/05\/Seductie-1.jpg\" data-rel=\"lightbox-image-0\" data-rl_title=\"\" data-rl_caption=\"\" title=\"\"><img decoding=\"async\" loading=\"lazy\" width=\"1009\" height=\"1024\" src=\"http:\/\/www.teofilioanstiop.ro\/wp-content\/uploads\/2020\/05\/Seductie-1-1009x1024.jpg\" alt=\"\" class=\"wp-image-554\" srcset=\"http:\/\/www.teofilioanstiop.ro\/wp-content\/uploads\/2020\/05\/Seductie-1-1009x1024.jpg 1009w, http:\/\/www.teofilioanstiop.ro\/wp-content\/uploads\/2020\/05\/Seductie-1-296x300.jpg 296w, http:\/\/www.teofilioanstiop.ro\/wp-content\/uploads\/2020\/05\/Seductie-1-768x780.jpg 768w, http:\/\/www.teofilioanstiop.ro\/wp-content\/uploads\/2020\/05\/Seductie-1-100x100.jpg 100w, http:\/\/www.teofilioanstiop.ro\/wp-content\/uploads\/2020\/05\/Seductie-1.jpg 1332w\" sizes=\"(max-width: 706px) 89vw, (max-width: 767px) 82vw, 740px\" \/><\/a><\/figure>\n\n\n\n<p class=\"has-text-align-right\">150&#215;150 cm tempera, colaj, spray, acrilic \u0219i alchidic pe p\u00e2nz\u0103, 1999-2000.<br><a href=\"http:\/\/www.teofilioanstiop.ro\/ro\/contact\/\">Contacteaz\u0103 artistul pentru informa\u0163ii suplimentare<\/a><\/p>\n","protected":false},"excerpt":{"rendered":"<p>150&#215;150 cm tempera, colaj, spray, acrilic \u0219i alchidic pe p\u00e2nz\u0103, 1999-2000.Contacteaz\u0103 artistul pentru informa\u0163ii suplimentare<\/p>\n","protected":false},"author":3,"featured_media":0,"parent":0,"menu_order":0,"comment_status":"closed","ping_status":"closed","template":"","meta":[],"_links":{"self":[{"href":"http:\/\/www.teofilioanstiop.ro\/ro\/wp-json\/wp\/v2\/pages\/648"}],"collection":[{"href":"http:\/\/www.teofilioanstiop.ro\/ro\/wp-json\/wp\/v2\/pages"}],"about":[{"href":"http:\/\/www.teofilioanstiop.ro\/ro\/wp-json\/wp\/v2\/types\/page"}],"author":[{"embeddable":true,"href":"http:\/\/www.teofilioanstiop.ro\/ro\/wp-json\/wp\/v2\/users\/3"}],"replies":[{"embeddable":true,"href":"http:\/\/www.teofilioanstiop.ro\/ro\/wp-json\/wp\/v2\/comments?post=648"}],"version-history":[{"count":1,"href":"http:\/\/www.teofilioanstiop.ro\/ro\/wp-json\/wp\/v2\/pages\/648\/revisions"}],"predecessor-version":[{"id":649,"href":"http:\/\/www.teofilioanstiop.ro\/ro\/wp-json\/wp\/v2\/pages\/648\/revisions\/649"}],"wp:attachment":[{"href":"http:\/\/www.teofilioanstiop.ro\/ro\/wp-json\/wp\/v2\/media?parent=648"}],"curies":[{"name":"wp","href":"https:\/\/api.w.org\/{rel}","templated":true}]}}