{"id":650,"date":"2020-05-24T11:37:18","date_gmt":"2020-05-24T11:37:18","guid":{"rendered":"http:\/\/www.teofilioanstiop.ro\/?page_id=650"},"modified":"2020-05-24T11:37:42","modified_gmt":"2020-05-24T11:37:42","slug":"seductie-2","status":"publish","type":"page","link":"http:\/\/www.teofilioanstiop.ro\/ro\/seductie-2\/","title":{"rendered":"Seductie 2"},"content":{"rendered":"\n<figure class=\"wp-block-image size-large is-style-zoooom\"><a href=\"http:\/\/www.teofilioanstiop.ro\/wp-content\/uploads\/2020\/05\/Seductie-2.jpg\" data-rel=\"lightbox-image-0\" data-rl_title=\"\" data-rl_caption=\"\" title=\"\"><img decoding=\"async\" loading=\"lazy\" width=\"1024\" height=\"1021\" src=\"http:\/\/www.teofilioanstiop.ro\/wp-content\/uploads\/2020\/05\/Seductie-2-1024x1021.jpg\" alt=\"\" class=\"wp-image-555\" srcset=\"http:\/\/www.teofilioanstiop.ro\/wp-content\/uploads\/2020\/05\/Seductie-2-1024x1021.jpg 1024w, http:\/\/www.teofilioanstiop.ro\/wp-content\/uploads\/2020\/05\/Seductie-2-300x300.jpg 300w, http:\/\/www.teofilioanstiop.ro\/wp-content\/uploads\/2020\/05\/Seductie-2-150x150.jpg 150w, http:\/\/www.teofilioanstiop.ro\/wp-content\/uploads\/2020\/05\/Seductie-2-768x766.jpg 768w, http:\/\/www.teofilioanstiop.ro\/wp-content\/uploads\/2020\/05\/Seductie-2-100x100.jpg 100w, http:\/\/www.teofilioanstiop.ro\/wp-content\/uploads\/2020\/05\/Seductie-2.jpg 1366w\" sizes=\"(max-width: 706px) 89vw, (max-width: 767px) 82vw, 740px\" \/><\/a><\/figure>\n\n\n\n<p class=\"has-text-align-right\">150&#215;150 cm tempera, colaj, spray, acrilic \u0219i alchidic pe p\u00e2nz\u0103, 1999-2000.<br><a href=\"http:\/\/www.teofilioanstiop.ro\/ro\/contact\/\">Contacteaz\u0103 artistul pentru informa\u0163ii suplimentare<\/a><\/p>\n","protected":false},"excerpt":{"rendered":"<p>150&#215;150 cm tempera, colaj, spray, acrilic \u0219i alchidic pe p\u00e2nz\u0103, 1999-2000.Contacteaz\u0103 artistul pentru informa\u0163ii suplimentare<\/p>\n","protected":false},"author":3,"featured_media":0,"parent":0,"menu_order":0,"comment_status":"closed","ping_status":"closed","template":"","meta":[],"_links":{"self":[{"href":"http:\/\/www.teofilioanstiop.ro\/ro\/wp-json\/wp\/v2\/pages\/650"}],"collection":[{"href":"http:\/\/www.teofilioanstiop.ro\/ro\/wp-json\/wp\/v2\/pages"}],"about":[{"href":"http:\/\/www.teofilioanstiop.ro\/ro\/wp-json\/wp\/v2\/types\/page"}],"author":[{"embeddable":true,"href":"http:\/\/www.teofilioanstiop.ro\/ro\/wp-json\/wp\/v2\/users\/3"}],"replies":[{"embeddable":true,"href":"http:\/\/www.teofilioanstiop.ro\/ro\/wp-json\/wp\/v2\/comments?post=650"}],"version-history":[{"count":2,"href":"http:\/\/www.teofilioanstiop.ro\/ro\/wp-json\/wp\/v2\/pages\/650\/revisions"}],"predecessor-version":[{"id":654,"href":"http:\/\/www.teofilioanstiop.ro\/ro\/wp-json\/wp\/v2\/pages\/650\/revisions\/654"}],"wp:attachment":[{"href":"http:\/\/www.teofilioanstiop.ro\/ro\/wp-json\/wp\/v2\/media?parent=650"}],"curies":[{"name":"wp","href":"https:\/\/api.w.org\/{rel}","templated":true}]}}