{"id":655,"date":"2020-05-24T11:38:25","date_gmt":"2020-05-24T11:38:25","guid":{"rendered":"http:\/\/www.teofilioanstiop.ro\/?page_id=655"},"modified":"2020-05-24T11:40:28","modified_gmt":"2020-05-24T11:40:28","slug":"seductie-3","status":"publish","type":"page","link":"http:\/\/www.teofilioanstiop.ro\/ro\/seductie-3\/","title":{"rendered":"Seductie 3"},"content":{"rendered":"\n<figure class=\"wp-block-image size-large is-style-zoooom\"><a href=\"http:\/\/www.teofilioanstiop.ro\/wp-content\/uploads\/2020\/05\/Seductie-3.jpg\" data-rel=\"lightbox-image-0\" data-rl_title=\"\" data-rl_caption=\"\" title=\"\"><img decoding=\"async\" loading=\"lazy\" width=\"1024\" height=\"988\" src=\"http:\/\/www.teofilioanstiop.ro\/wp-content\/uploads\/2020\/05\/Seductie-3-1024x988.jpg\" alt=\"\" class=\"wp-image-556\" srcset=\"http:\/\/www.teofilioanstiop.ro\/wp-content\/uploads\/2020\/05\/Seductie-3-1024x988.jpg 1024w, http:\/\/www.teofilioanstiop.ro\/wp-content\/uploads\/2020\/05\/Seductie-3-300x289.jpg 300w, http:\/\/www.teofilioanstiop.ro\/wp-content\/uploads\/2020\/05\/Seductie-3-768x741.jpg 768w, http:\/\/www.teofilioanstiop.ro\/wp-content\/uploads\/2020\/05\/Seductie-3.jpg 1358w\" sizes=\"(max-width: 706px) 89vw, (max-width: 767px) 82vw, 740px\" \/><\/a><\/figure>\n\n\n\n<p class=\"has-text-align-right\">150&#215;150 cm tempera, colaj, spray, acrilic \u0219i alchidic pe p\u00e2nz\u0103, 1999-2000<br><a href=\"http:\/\/www.teofilioanstiop.ro\/ro\/contact\/\">Contacteaz\u0103 artistul pentru informa\u0163ii suplimentare.<\/a><\/p>\n","protected":false},"excerpt":{"rendered":"<p>150&#215;150 cm tempera, colaj, spray, acrilic \u0219i alchidic pe p\u00e2nz\u0103, 1999-2000Contacteaz\u0103 artistul pentru informa\u0163ii suplimentare.<\/p>\n","protected":false},"author":3,"featured_media":0,"parent":0,"menu_order":0,"comment_status":"closed","ping_status":"closed","template":"","meta":[],"_links":{"self":[{"href":"http:\/\/www.teofilioanstiop.ro\/ro\/wp-json\/wp\/v2\/pages\/655"}],"collection":[{"href":"http:\/\/www.teofilioanstiop.ro\/ro\/wp-json\/wp\/v2\/pages"}],"about":[{"href":"http:\/\/www.teofilioanstiop.ro\/ro\/wp-json\/wp\/v2\/types\/page"}],"author":[{"embeddable":true,"href":"http:\/\/www.teofilioanstiop.ro\/ro\/wp-json\/wp\/v2\/users\/3"}],"replies":[{"embeddable":true,"href":"http:\/\/www.teofilioanstiop.ro\/ro\/wp-json\/wp\/v2\/comments?post=655"}],"version-history":[{"count":3,"href":"http:\/\/www.teofilioanstiop.ro\/ro\/wp-json\/wp\/v2\/pages\/655\/revisions"}],"predecessor-version":[{"id":659,"href":"http:\/\/www.teofilioanstiop.ro\/ro\/wp-json\/wp\/v2\/pages\/655\/revisions\/659"}],"wp:attachment":[{"href":"http:\/\/www.teofilioanstiop.ro\/ro\/wp-json\/wp\/v2\/media?parent=655"}],"curies":[{"name":"wp","href":"https:\/\/api.w.org\/{rel}","templated":true}]}}