{"id":669,"date":"2020-05-24T12:09:11","date_gmt":"2020-05-24T12:09:11","guid":{"rendered":"http:\/\/www.teofilioanstiop.ro\/?page_id=669"},"modified":"2020-05-24T12:09:11","modified_gmt":"2020-05-24T12:09:11","slug":"caleidoscopul-himeric-2","status":"publish","type":"page","link":"http:\/\/www.teofilioanstiop.ro\/ro\/caleidoscopul-himeric-2\/","title":{"rendered":"Caleidoscopul himeric 2"},"content":{"rendered":"\n<figure class=\"wp-block-image size-large is-style-zoooom\"><a href=\"http:\/\/www.teofilioanstiop.ro\/wp-content\/uploads\/2020\/05\/Caleidoscopul-himeric-2.jpg\" data-rel=\"lightbox-image-0\" data-rl_title=\"\" data-rl_caption=\"\" title=\"\"><img decoding=\"async\" loading=\"lazy\" width=\"1024\" height=\"843\" src=\"http:\/\/www.teofilioanstiop.ro\/wp-content\/uploads\/2020\/05\/Caleidoscopul-himeric-2-1024x843.jpg\" alt=\"\" class=\"wp-image-559\" srcset=\"http:\/\/www.teofilioanstiop.ro\/wp-content\/uploads\/2020\/05\/Caleidoscopul-himeric-2-1024x843.jpg 1024w, http:\/\/www.teofilioanstiop.ro\/wp-content\/uploads\/2020\/05\/Caleidoscopul-himeric-2-300x247.jpg 300w, http:\/\/www.teofilioanstiop.ro\/wp-content\/uploads\/2020\/05\/Caleidoscopul-himeric-2-768x632.jpg 768w, http:\/\/www.teofilioanstiop.ro\/wp-content\/uploads\/2020\/05\/Caleidoscopul-himeric-2-1536x1264.jpg 1536w, http:\/\/www.teofilioanstiop.ro\/wp-content\/uploads\/2020\/05\/Caleidoscopul-himeric-2.jpg 1561w\" sizes=\"(max-width: 706px) 89vw, (max-width: 767px) 82vw, 740px\" \/><\/a><\/figure>\n\n\n\n<p class=\"has-text-align-right\">150&#215;182 cm, tempera, acrilic, alchidic, spray pe p\u00e2nz\u0103, 2002-2003.<br><a href=\"http:\/\/www.teofilioanstiop.ro\/ro\/contact\/\">Contacteaz\u0103 artistul pentru informa\u0163ii suplimentare<\/a><\/p>\n","protected":false},"excerpt":{"rendered":"<p>150&#215;182 cm, tempera, acrilic, alchidic, spray pe p\u00e2nz\u0103, 2002-2003.Contacteaz\u0103 artistul pentru informa\u0163ii suplimentare<\/p>\n","protected":false},"author":3,"featured_media":0,"parent":0,"menu_order":0,"comment_status":"closed","ping_status":"closed","template":"","meta":[],"_links":{"self":[{"href":"http:\/\/www.teofilioanstiop.ro\/ro\/wp-json\/wp\/v2\/pages\/669"}],"collection":[{"href":"http:\/\/www.teofilioanstiop.ro\/ro\/wp-json\/wp\/v2\/pages"}],"about":[{"href":"http:\/\/www.teofilioanstiop.ro\/ro\/wp-json\/wp\/v2\/types\/page"}],"author":[{"embeddable":true,"href":"http:\/\/www.teofilioanstiop.ro\/ro\/wp-json\/wp\/v2\/users\/3"}],"replies":[{"embeddable":true,"href":"http:\/\/www.teofilioanstiop.ro\/ro\/wp-json\/wp\/v2\/comments?post=669"}],"version-history":[{"count":1,"href":"http:\/\/www.teofilioanstiop.ro\/ro\/wp-json\/wp\/v2\/pages\/669\/revisions"}],"predecessor-version":[{"id":670,"href":"http:\/\/www.teofilioanstiop.ro\/ro\/wp-json\/wp\/v2\/pages\/669\/revisions\/670"}],"wp:attachment":[{"href":"http:\/\/www.teofilioanstiop.ro\/ro\/wp-json\/wp\/v2\/media?parent=669"}],"curies":[{"name":"wp","href":"https:\/\/api.w.org\/{rel}","templated":true}]}}