{"id":683,"date":"2020-05-24T12:16:27","date_gmt":"2020-05-24T12:16:27","guid":{"rendered":"http:\/\/www.teofilioanstiop.ro\/?page_id=683"},"modified":"2020-05-24T12:16:27","modified_gmt":"2020-05-24T12:16:27","slug":"topografie-i","status":"publish","type":"page","link":"http:\/\/www.teofilioanstiop.ro\/ro\/topografie-i\/","title":{"rendered":"Topografie I"},"content":{"rendered":"\n<figure class=\"wp-block-image size-large is-style-zoooom\"><a href=\"http:\/\/www.teofilioanstiop.ro\/wp-content\/uploads\/2020\/05\/Topografie-1.jpg\" data-rel=\"lightbox-image-0\" data-rl_title=\"\" data-rl_caption=\"\" title=\"\"><img decoding=\"async\" loading=\"lazy\" width=\"1014\" height=\"1024\" src=\"http:\/\/www.teofilioanstiop.ro\/wp-content\/uploads\/2020\/05\/Topografie-1-1014x1024.jpg\" alt=\"\" class=\"wp-image-566\" srcset=\"http:\/\/www.teofilioanstiop.ro\/wp-content\/uploads\/2020\/05\/Topografie-1-1014x1024.jpg 1014w, http:\/\/www.teofilioanstiop.ro\/wp-content\/uploads\/2020\/05\/Topografie-1-297x300.jpg 297w, http:\/\/www.teofilioanstiop.ro\/wp-content\/uploads\/2020\/05\/Topografie-1-150x150.jpg 150w, http:\/\/www.teofilioanstiop.ro\/wp-content\/uploads\/2020\/05\/Topografie-1-768x776.jpg 768w, http:\/\/www.teofilioanstiop.ro\/wp-content\/uploads\/2020\/05\/Topografie-1-1521x1536.jpg 1521w, http:\/\/www.teofilioanstiop.ro\/wp-content\/uploads\/2020\/05\/Topografie-1-2028x2048.jpg 2028w, http:\/\/www.teofilioanstiop.ro\/wp-content\/uploads\/2020\/05\/Topografie-1-100x100.jpg 100w\" sizes=\"(max-width: 706px) 89vw, (max-width: 767px) 82vw, 740px\" \/><\/a><\/figure>\n\n\n\n<p class=\"has-text-align-right\">100&#215;100 cm, ulei pe p\u00e2nz\u0103, 2004<br><a href=\"http:\/\/www.teofilioanstiop.ro\/ro\/contact\/\">Contacteaz\u0103 artistul pentru informa\u0163ii suplimentare.<\/a><\/p>\n","protected":false},"excerpt":{"rendered":"<p>100&#215;100 cm, ulei pe p\u00e2nz\u0103, 2004Contacteaz\u0103 artistul pentru informa\u0163ii suplimentare.<\/p>\n","protected":false},"author":3,"featured_media":0,"parent":0,"menu_order":0,"comment_status":"closed","ping_status":"closed","template":"","meta":[],"_links":{"self":[{"href":"http:\/\/www.teofilioanstiop.ro\/ro\/wp-json\/wp\/v2\/pages\/683"}],"collection":[{"href":"http:\/\/www.teofilioanstiop.ro\/ro\/wp-json\/wp\/v2\/pages"}],"about":[{"href":"http:\/\/www.teofilioanstiop.ro\/ro\/wp-json\/wp\/v2\/types\/page"}],"author":[{"embeddable":true,"href":"http:\/\/www.teofilioanstiop.ro\/ro\/wp-json\/wp\/v2\/users\/3"}],"replies":[{"embeddable":true,"href":"http:\/\/www.teofilioanstiop.ro\/ro\/wp-json\/wp\/v2\/comments?post=683"}],"version-history":[{"count":1,"href":"http:\/\/www.teofilioanstiop.ro\/ro\/wp-json\/wp\/v2\/pages\/683\/revisions"}],"predecessor-version":[{"id":684,"href":"http:\/\/www.teofilioanstiop.ro\/ro\/wp-json\/wp\/v2\/pages\/683\/revisions\/684"}],"wp:attachment":[{"href":"http:\/\/www.teofilioanstiop.ro\/ro\/wp-json\/wp\/v2\/media?parent=683"}],"curies":[{"name":"wp","href":"https:\/\/api.w.org\/{rel}","templated":true}]}}