{"id":696,"date":"2020-05-24T12:28:13","date_gmt":"2020-05-24T12:28:13","guid":{"rendered":"http:\/\/www.teofilioanstiop.ro\/?page_id=696"},"modified":"2023-04-14T14:35:47","modified_gmt":"2023-04-14T14:35:47","slug":"gradini-inchipuite","status":"publish","type":"page","link":"http:\/\/www.teofilioanstiop.ro\/ro\/gradini-inchipuite\/","title":{"rendered":"Gr\u0103dini \u00eenchipuite"},"content":{"rendered":"\n<p class=\"has-text-align-right\">Seria de lucr\u0103ri ipostaziaz\u0103 cadre plastice folosind ca subiecte elemente vegetale plasate \u00een variate cr\u00e2mpeie de natur\u0103, conturate&nbsp; mai mult sau mai pu\u021bin precis. Propun\u00e2nd formule compozi\u021bionale diverse, de la cele conven\u021bionale, proprii genului peisajului p\u00e2n\u0103 la forme&nbsp; atipice, unele abstractizate, altele doar sub form\u0103 de haiku, aici se dore\u0219te a se surprinde acele imagini mentale ad\u00e2nc amprentate \u00een memorie la care revenim de fiecare dat\u0103 \u00een momentele noastre de reverie. Imaginile picturale sunt n\u0103scute din propriile amintiri vagi \u0219i apoi reconstruite din acest motiv ele dau impresia c\u0103 ar fi suspendate, scoase din timp \u0219i mai degrab\u0103 apar\u021bin\u00e2nd unui spa\u021biu anume interior dec\u00e2t unui spa\u021biu exterior \u0219i identificabil.&nbsp;<\/p>\n\n\n\n<figure class=\"wp-block-image size-large is-style-zoooom\"><img decoding=\"async\" loading=\"lazy\" width=\"1024\" height=\"1024\" src=\"https:\/\/www.teofilioanstiop.ro\/wp-content\/uploads\/2023\/04\/Gradina-inchipuita-5-1024x1024.jpg\" alt=\"\" class=\"wp-image-814\" srcset=\"http:\/\/www.teofilioanstiop.ro\/wp-content\/uploads\/2023\/04\/Gradina-inchipuita-5-1024x1024.jpg 1024w, http:\/\/www.teofilioanstiop.ro\/wp-content\/uploads\/2023\/04\/Gradina-inchipuita-5-300x300.jpg 300w, http:\/\/www.teofilioanstiop.ro\/wp-content\/uploads\/2023\/04\/Gradina-inchipuita-5-150x150.jpg 150w, http:\/\/www.teofilioanstiop.ro\/wp-content\/uploads\/2023\/04\/Gradina-inchipuita-5-768x768.jpg 768w, http:\/\/www.teofilioanstiop.ro\/wp-content\/uploads\/2023\/04\/Gradina-inchipuita-5-1536x1536.jpg 1536w, http:\/\/www.teofilioanstiop.ro\/wp-content\/uploads\/2023\/04\/Gradina-inchipuita-5-2048x2048.jpg 2048w, http:\/\/www.teofilioanstiop.ro\/wp-content\/uploads\/2023\/04\/Gradina-inchipuita-5-12x12.jpg 12w, http:\/\/www.teofilioanstiop.ro\/wp-content\/uploads\/2023\/04\/Gradina-inchipuita-5-100x100.jpg 100w\" sizes=\"(max-width: 706px) 89vw, (max-width: 767px) 82vw, 740px\" \/><figcaption class=\"wp-element-caption\"><em>Gradina inchipuita 5<\/em><\/figcaption><\/figure>\n\n\n\n<figure class=\"wp-block-image size-large is-style-zoooom\"><a href=\"http:\/\/www.teofilioanstiop.ro\/gradina-inchipuita-1\/\"><img decoding=\"async\" loading=\"lazy\" width=\"1024\" height=\"1010\" src=\"http:\/\/www.teofilioanstiop.ro\/wp-content\/uploads\/2020\/05\/Gradinina-inchipuita-1-1024x1010.jpg\" alt=\"\" class=\"wp-image-572\" srcset=\"http:\/\/www.teofilioanstiop.ro\/wp-content\/uploads\/2020\/05\/Gradinina-inchipuita-1-1024x1010.jpg 1024w, http:\/\/www.teofilioanstiop.ro\/wp-content\/uploads\/2020\/05\/Gradinina-inchipuita-1-300x296.jpg 300w, http:\/\/www.teofilioanstiop.ro\/wp-content\/uploads\/2020\/05\/Gradinina-inchipuita-1-768x757.jpg 768w, http:\/\/www.teofilioanstiop.ro\/wp-content\/uploads\/2020\/05\/Gradinina-inchipuita-1-1536x1515.jpg 1536w, http:\/\/www.teofilioanstiop.ro\/wp-content\/uploads\/2020\/05\/Gradinina-inchipuita-1-2048x2020.jpg 2048w, http:\/\/www.teofilioanstiop.ro\/wp-content\/uploads\/2020\/05\/Gradinina-inchipuita-1-100x100.jpg 100w\" sizes=\"(max-width: 706px) 89vw, (max-width: 767px) 82vw, 740px\" \/><\/a><figcaption class=\"wp-element-caption\">Gradina inchipuita 1<\/figcaption><\/figure>\n\n\n\n<figure class=\"wp-block-image size-large is-style-zoooom\"><a href=\"http:\/\/www.teofilioanstiop.ro\/gradina-inchipuita-2\/\"><img decoding=\"async\" loading=\"lazy\" width=\"1024\" height=\"1024\" src=\"http:\/\/www.teofilioanstiop.ro\/wp-content\/uploads\/2020\/05\/Gradinina-inchipuita-2-1024x1024.jpg\" alt=\"\" class=\"wp-image-573\" srcset=\"http:\/\/www.teofilioanstiop.ro\/wp-content\/uploads\/2020\/05\/Gradinina-inchipuita-2-1024x1024.jpg 1024w, http:\/\/www.teofilioanstiop.ro\/wp-content\/uploads\/2020\/05\/Gradinina-inchipuita-2-300x300.jpg 300w, http:\/\/www.teofilioanstiop.ro\/wp-content\/uploads\/2020\/05\/Gradinina-inchipuita-2-150x150.jpg 150w, http:\/\/www.teofilioanstiop.ro\/wp-content\/uploads\/2020\/05\/Gradinina-inchipuita-2-768x768.jpg 768w, http:\/\/www.teofilioanstiop.ro\/wp-content\/uploads\/2020\/05\/Gradinina-inchipuita-2-1536x1536.jpg 1536w, http:\/\/www.teofilioanstiop.ro\/wp-content\/uploads\/2020\/05\/Gradinina-inchipuita-2-2048x2048.jpg 2048w, http:\/\/www.teofilioanstiop.ro\/wp-content\/uploads\/2020\/05\/Gradinina-inchipuita-2-100x100.jpg 100w\" sizes=\"(max-width: 706px) 89vw, (max-width: 767px) 82vw, 740px\" \/><\/a><figcaption class=\"wp-element-caption\">Gradina inchipuita 2<\/figcaption><\/figure>\n\n\n\n<figure class=\"wp-block-image size-large is-style-zoooom\"><a href=\"http:\/\/www.teofilioanstiop.ro\/gradina-inchipuita-3\/\"><img decoding=\"async\" loading=\"lazy\" width=\"1024\" height=\"1024\" src=\"http:\/\/www.teofilioanstiop.ro\/wp-content\/uploads\/2020\/05\/Gradinina-inchipuita-3-1024x1024.jpg\" alt=\"\" class=\"wp-image-574\" srcset=\"http:\/\/www.teofilioanstiop.ro\/wp-content\/uploads\/2020\/05\/Gradinina-inchipuita-3-1024x1024.jpg 1024w, http:\/\/www.teofilioanstiop.ro\/wp-content\/uploads\/2020\/05\/Gradinina-inchipuita-3-300x300.jpg 300w, http:\/\/www.teofilioanstiop.ro\/wp-content\/uploads\/2020\/05\/Gradinina-inchipuita-3-150x150.jpg 150w, http:\/\/www.teofilioanstiop.ro\/wp-content\/uploads\/2020\/05\/Gradinina-inchipuita-3-768x768.jpg 768w, http:\/\/www.teofilioanstiop.ro\/wp-content\/uploads\/2020\/05\/Gradinina-inchipuita-3-1536x1536.jpg 1536w, http:\/\/www.teofilioanstiop.ro\/wp-content\/uploads\/2020\/05\/Gradinina-inchipuita-3-2048x2048.jpg 2048w, http:\/\/www.teofilioanstiop.ro\/wp-content\/uploads\/2020\/05\/Gradinina-inchipuita-3-100x100.jpg 100w\" sizes=\"(max-width: 706px) 89vw, (max-width: 767px) 82vw, 740px\" \/><\/a><figcaption class=\"wp-element-caption\">Gradina inchipuita 3<\/figcaption><\/figure>\n\n\n\n<figure class=\"wp-block-image size-large is-style-zoooom\"><a href=\"http:\/\/www.teofilioanstiop.ro\/gradina-inchipuita-6\/\"><img decoding=\"async\" loading=\"lazy\" width=\"1024\" height=\"964\" src=\"http:\/\/www.teofilioanstiop.ro\/wp-content\/uploads\/2020\/05\/Gradinina-inchipuita-6-1024x964.jpg\" alt=\"\" class=\"wp-image-575\" srcset=\"http:\/\/www.teofilioanstiop.ro\/wp-content\/uploads\/2020\/05\/Gradinina-inchipuita-6-1024x964.jpg 1024w, http:\/\/www.teofilioanstiop.ro\/wp-content\/uploads\/2020\/05\/Gradinina-inchipuita-6-300x282.jpg 300w, http:\/\/www.teofilioanstiop.ro\/wp-content\/uploads\/2020\/05\/Gradinina-inchipuita-6-768x723.jpg 768w, http:\/\/www.teofilioanstiop.ro\/wp-content\/uploads\/2020\/05\/Gradinina-inchipuita-6-1536x1446.jpg 1536w, http:\/\/www.teofilioanstiop.ro\/wp-content\/uploads\/2020\/05\/Gradinina-inchipuita-6-2048x1928.jpg 2048w\" sizes=\"(max-width: 706px) 89vw, (max-width: 767px) 82vw, 740px\" \/><\/a><figcaption class=\"wp-element-caption\">Gradina inchipuita 6<\/figcaption><\/figure>\n\n\n\n<p><\/p>\n","protected":false},"excerpt":{"rendered":"<p>Seria de lucr\u0103ri ipostaziaz\u0103 cadre plastice folosind ca subiecte elemente vegetale plasate \u00een variate cr\u00e2mpeie de natur\u0103, conturate&nbsp; mai mult sau mai pu\u021bin precis. Propun\u00e2nd formule compozi\u021bionale diverse, de la cele conven\u021bionale, proprii genului peisajului p\u00e2n\u0103 la forme&nbsp; atipice, unele abstractizate, altele doar sub form\u0103 de haiku, aici se dore\u0219te a se surprinde acele imagini &hellip; <\/p>\n<p class=\"link-more\"><a href=\"http:\/\/www.teofilioanstiop.ro\/ro\/gradini-inchipuite\/\" class=\"more-link\">Continu\u0103 lectura<span class=\"screen-reader-text\"> \u201eGr\u0103dini \u00eenchipuite\u201d<\/span><\/a><\/p>\n","protected":false},"author":3,"featured_media":0,"parent":0,"menu_order":0,"comment_status":"closed","ping_status":"closed","template":"","meta":[],"_links":{"self":[{"href":"http:\/\/www.teofilioanstiop.ro\/ro\/wp-json\/wp\/v2\/pages\/696"}],"collection":[{"href":"http:\/\/www.teofilioanstiop.ro\/ro\/wp-json\/wp\/v2\/pages"}],"about":[{"href":"http:\/\/www.teofilioanstiop.ro\/ro\/wp-json\/wp\/v2\/types\/page"}],"author":[{"embeddable":true,"href":"http:\/\/www.teofilioanstiop.ro\/ro\/wp-json\/wp\/v2\/users\/3"}],"replies":[{"embeddable":true,"href":"http:\/\/www.teofilioanstiop.ro\/ro\/wp-json\/wp\/v2\/comments?post=696"}],"version-history":[{"count":7,"href":"http:\/\/www.teofilioanstiop.ro\/ro\/wp-json\/wp\/v2\/pages\/696\/revisions"}],"predecessor-version":[{"id":820,"href":"http:\/\/www.teofilioanstiop.ro\/ro\/wp-json\/wp\/v2\/pages\/696\/revisions\/820"}],"wp:attachment":[{"href":"http:\/\/www.teofilioanstiop.ro\/ro\/wp-json\/wp\/v2\/media?parent=696"}],"curies":[{"name":"wp","href":"https:\/\/api.w.org\/{rel}","templated":true}]}}