{"id":712,"date":"2020-05-24T12:34:59","date_gmt":"2020-05-24T12:34:59","guid":{"rendered":"http:\/\/www.teofilioanstiop.ro\/?page_id=712"},"modified":"2020-05-24T12:36:16","modified_gmt":"2020-05-24T12:36:16","slug":"ars-dantesca-combinatoria","status":"publish","type":"page","link":"http:\/\/www.teofilioanstiop.ro\/ro\/ars-dantesca-combinatoria\/","title":{"rendered":"ARS dantesca combinatoria"},"content":{"rendered":"\n<p class=\"has-text-align-right\">Proiectul are un caracter ermetic \u0219i poetic, la fel ca punctul s\u0103u de plecare, poemul Divina Comedie a lui Dante Alighieri\u00a0 \u00een care se pl\u0103smuie\u0219te sub form\u0103 alegoric\u0103 o c\u0103l\u0103torie a sufletului dup\u0103 moarte. Aici punctul de plecare este iconografia poemului dantesc, lucr\u0103rile fiind create pe baza simbolurilor \u0219i semnelor plastice care l-au ilustrat de-a lungul timpului. Elementele sunt preluate sub form\u0103 de material brut, ele fiind combinate, interpretate \u0219i recontextualizate \u00een compozi\u021bii de sine st\u0103t\u0103toare. <br><br>Proiectul a fost desf\u0103\u0219urat la Moara R\u0103s\u0103rit din Oradea, un spa\u021biu care deservea, \u00eenainte de a fi convertit \u00een spa\u021biu cultural, ca moar\u0103 de f\u0103in\u0103. El a fost prezentat sub forma unei instala\u021bii care con\u021binea trei paliere care comunicau \u00eentre ele at\u00e2t prin form\u0103 c\u00e2t \u0219i prin con\u021binut. Primul palier, prezentat la parter, era format din trei lucr\u0103ri cu dimensiunea de 120 x 200 cm realizate \u00eentr-o tehnic\u0103 \u00een care se combin\u0103, grafica digital\u0103 cu pigmentul sub form\u0103 de praf. Al doilea, intermediar, era desemnat de o proiec\u021bie video prezentat\u0103 tot la parter, dar \u00een care se ar\u0103ta un film document despre cum a fost realizat ceea ce urma s\u0103 apar\u0103 la etajul superior. Al treilea palier, prezentat la etajul I, era constituit din 18 lucr\u0103ri, dispuse pe trei r\u00e2nduri, fiecare cu dimensiunea de 102&#215;72 cm. <br><br>Maniera \u00een care au fost realizate aceste lucr\u0103ri combin\u0103 grafica digital\u0103 cu tehnica picturii cu fum, denumit\u0103 \u00een mod generic, <em>fumage<\/em>. Toate lucr\u0103rile au fost prezentate spa\u021bial, non parietal iar constitu\u021bia lor era semi-transparent\u0103, de tip camuflaj. \u00cen acest mod privitorul intr\u00e2nd \u00een c\u00e2mpul vizual al proiectului a putut interac\u021biona cu lucr\u0103rile. De asemenea, caracterul perisabil al tehnicilor folosite \u00eei putea permite privitorului \u0219i s\u0103 intervin\u0103 asupra suprafe\u021belor, nici praful colorat, nici fumul nefiind fixat, acestea put\u00e2ndu-se reconfigura sau distruge \u00een urma atingerilor succesive. <br>Astfel, baz\u00e2ndu-se pe posibila transformare a privitorului pasiv \u00een vector activ, mesajul proiectului era legat, mai departe, de transformarea unui instrument, sau a unei metode de lucru, \u00eentr-o metafor\u0103 plastic\u0103, scopul s\u0103u fiind metamorfoza unui atare <em>ars<\/em> \u00eentr-un altfel de <em>art<\/em> printr-un joc combinatoriu. \u00cen concluzie, spa\u021biul fostei mori, a devenit, pentru scurt timp, scena unui teatru \u00een care se rejuca eterna pies\u0103 a mor\u021bii \u0219i rena\u0219terii.\u00a0<\/p>\n\n\n\n<p class=\"has-text-align-right\">Proiectul fiind dezvoltat \u00een cadrul cercet\u0103rii mele doctorale, este explicat pe larg \u00een cartea mea publicat\u0103 \u00een 2016,&nbsp; <em>Imagine \u0219i transtextualitate. Incursiune \u00een iconologia dantesc\u0103<\/em>.<\/p>\n\n\n\n<p><\/p>\n\n\n\n<figure class=\"wp-block-image size-large is-style-zoooom\"><img decoding=\"async\" loading=\"lazy\" width=\"768\" height=\"1024\" src=\"http:\/\/www.teofilioanstiop.ro\/wp-content\/uploads\/2020\/05\/ARS-I-detaliu-768x1024.jpg\" alt=\"\" class=\"wp-image-577\" srcset=\"http:\/\/www.teofilioanstiop.ro\/wp-content\/uploads\/2020\/05\/ARS-I-detaliu-768x1024.jpg 768w, http:\/\/www.teofilioanstiop.ro\/wp-content\/uploads\/2020\/05\/ARS-I-detaliu-225x300.jpg 225w, http:\/\/www.teofilioanstiop.ro\/wp-content\/uploads\/2020\/05\/ARS-I-detaliu-1152x1536.jpg 1152w, http:\/\/www.teofilioanstiop.ro\/wp-content\/uploads\/2020\/05\/ARS-I-detaliu-1536x2048.jpg 1536w, http:\/\/www.teofilioanstiop.ro\/wp-content\/uploads\/2020\/05\/ARS-I-detaliu-scaled.jpg 1920w\" sizes=\"(max-width: 706px) 89vw, (max-width: 767px) 82vw, 740px\" \/><figcaption>ARS-I-detaliu<\/figcaption><\/figure>\n\n\n\n<figure class=\"wp-block-image size-large is-style-zoooom\"><img decoding=\"async\" loading=\"lazy\" width=\"1024\" height=\"613\" src=\"http:\/\/www.teofilioanstiop.ro\/wp-content\/uploads\/2020\/05\/ARS-I-fragment-1024x613.jpg\" alt=\"\" class=\"wp-image-578\" srcset=\"http:\/\/www.teofilioanstiop.ro\/wp-content\/uploads\/2020\/05\/ARS-I-fragment-1024x613.jpg 1024w, http:\/\/www.teofilioanstiop.ro\/wp-content\/uploads\/2020\/05\/ARS-I-fragment-300x180.jpg 300w, http:\/\/www.teofilioanstiop.ro\/wp-content\/uploads\/2020\/05\/ARS-I-fragment-768x460.jpg 768w, http:\/\/www.teofilioanstiop.ro\/wp-content\/uploads\/2020\/05\/ARS-I-fragment-1536x920.jpg 1536w, http:\/\/www.teofilioanstiop.ro\/wp-content\/uploads\/2020\/05\/ARS-I-fragment-2048x1226.jpg 2048w, http:\/\/www.teofilioanstiop.ro\/wp-content\/uploads\/2020\/05\/ARS-I-fragment-2000x1200.jpg 2000w\" sizes=\"(max-width: 706px) 89vw, (max-width: 767px) 82vw, 740px\" \/><figcaption>ARS-I-fragment<\/figcaption><\/figure>\n\n\n\n<figure class=\"wp-block-image size-large is-style-zoooom\"><img decoding=\"async\" loading=\"lazy\" width=\"1024\" height=\"576\" src=\"http:\/\/www.teofilioanstiop.ro\/wp-content\/uploads\/2020\/05\/ARS-II-captura-de-ecran-1024x576.jpg\" alt=\"\" class=\"wp-image-579\" srcset=\"http:\/\/www.teofilioanstiop.ro\/wp-content\/uploads\/2020\/05\/ARS-II-captura-de-ecran-1024x576.jpg 1024w, http:\/\/www.teofilioanstiop.ro\/wp-content\/uploads\/2020\/05\/ARS-II-captura-de-ecran-300x169.jpg 300w, http:\/\/www.teofilioanstiop.ro\/wp-content\/uploads\/2020\/05\/ARS-II-captura-de-ecran-768x432.jpg 768w, http:\/\/www.teofilioanstiop.ro\/wp-content\/uploads\/2020\/05\/ARS-II-captura-de-ecran-1536x864.jpg 1536w, http:\/\/www.teofilioanstiop.ro\/wp-content\/uploads\/2020\/05\/ARS-II-captura-de-ecran.jpg 1920w\" sizes=\"(max-width: 706px) 89vw, (max-width: 767px) 82vw, 740px\" \/><figcaption>ARS-II-captura-de-ecran<\/figcaption><\/figure>\n\n\n\n<figure class=\"wp-block-image size-large is-style-zoooom\"><img decoding=\"async\" loading=\"lazy\" width=\"1024\" height=\"681\" src=\"http:\/\/www.teofilioanstiop.ro\/wp-content\/uploads\/2020\/05\/ARS-III-detaliu-1024x681.jpg\" alt=\"\" class=\"wp-image-580\" srcset=\"http:\/\/www.teofilioanstiop.ro\/wp-content\/uploads\/2020\/05\/ARS-III-detaliu-1024x681.jpg 1024w, http:\/\/www.teofilioanstiop.ro\/wp-content\/uploads\/2020\/05\/ARS-III-detaliu-300x200.jpg 300w, http:\/\/www.teofilioanstiop.ro\/wp-content\/uploads\/2020\/05\/ARS-III-detaliu-768x511.jpg 768w, http:\/\/www.teofilioanstiop.ro\/wp-content\/uploads\/2020\/05\/ARS-III-detaliu-1536x1022.jpg 1536w, http:\/\/www.teofilioanstiop.ro\/wp-content\/uploads\/2020\/05\/ARS-III-detaliu-2048x1363.jpg 2048w\" sizes=\"(max-width: 706px) 89vw, (max-width: 767px) 82vw, 740px\" \/><figcaption>ARS-III-detaliu<\/figcaption><\/figure>\n\n\n\n<figure class=\"wp-block-image size-large is-style-zoooom\"><img decoding=\"async\" loading=\"lazy\" width=\"1024\" height=\"676\" src=\"http:\/\/www.teofilioanstiop.ro\/wp-content\/uploads\/2020\/05\/ARS-III-fragment-1024x676.jpg\" alt=\"\" class=\"wp-image-581\" srcset=\"http:\/\/www.teofilioanstiop.ro\/wp-content\/uploads\/2020\/05\/ARS-III-fragment-1024x676.jpg 1024w, http:\/\/www.teofilioanstiop.ro\/wp-content\/uploads\/2020\/05\/ARS-III-fragment-300x198.jpg 300w, http:\/\/www.teofilioanstiop.ro\/wp-content\/uploads\/2020\/05\/ARS-III-fragment-768x507.jpg 768w, http:\/\/www.teofilioanstiop.ro\/wp-content\/uploads\/2020\/05\/ARS-III-fragment-1536x1014.jpg 1536w, http:\/\/www.teofilioanstiop.ro\/wp-content\/uploads\/2020\/05\/ARS-III-fragment-2048x1352.jpg 2048w\" sizes=\"(max-width: 706px) 89vw, (max-width: 767px) 82vw, 740px\" \/><figcaption>ARS-III-fragment<\/figcaption><\/figure>\n\n\n\n<p><\/p>\n","protected":false},"excerpt":{"rendered":"<p>Proiectul are un caracter ermetic \u0219i poetic, la fel ca punctul s\u0103u de plecare, poemul Divina Comedie a lui Dante Alighieri\u00a0 \u00een care se pl\u0103smuie\u0219te sub form\u0103 alegoric\u0103 o c\u0103l\u0103torie a sufletului dup\u0103 moarte. Aici punctul de plecare este iconografia poemului dantesc, lucr\u0103rile fiind create pe baza simbolurilor \u0219i semnelor plastice care l-au ilustrat de-a &hellip; <\/p>\n<p class=\"link-more\"><a href=\"http:\/\/www.teofilioanstiop.ro\/ro\/ars-dantesca-combinatoria\/\" class=\"more-link\">Continu\u0103 lectura<span class=\"screen-reader-text\"> \u201eARS dantesca combinatoria\u201d<\/span><\/a><\/p>\n","protected":false},"author":3,"featured_media":0,"parent":0,"menu_order":0,"comment_status":"closed","ping_status":"closed","template":"","meta":[],"_links":{"self":[{"href":"http:\/\/www.teofilioanstiop.ro\/ro\/wp-json\/wp\/v2\/pages\/712"}],"collection":[{"href":"http:\/\/www.teofilioanstiop.ro\/ro\/wp-json\/wp\/v2\/pages"}],"about":[{"href":"http:\/\/www.teofilioanstiop.ro\/ro\/wp-json\/wp\/v2\/types\/page"}],"author":[{"embeddable":true,"href":"http:\/\/www.teofilioanstiop.ro\/ro\/wp-json\/wp\/v2\/users\/3"}],"replies":[{"embeddable":true,"href":"http:\/\/www.teofilioanstiop.ro\/ro\/wp-json\/wp\/v2\/comments?post=712"}],"version-history":[{"count":3,"href":"http:\/\/www.teofilioanstiop.ro\/ro\/wp-json\/wp\/v2\/pages\/712\/revisions"}],"predecessor-version":[{"id":716,"href":"http:\/\/www.teofilioanstiop.ro\/ro\/wp-json\/wp\/v2\/pages\/712\/revisions\/716"}],"wp:attachment":[{"href":"http:\/\/www.teofilioanstiop.ro\/ro\/wp-json\/wp\/v2\/media?parent=712"}],"curies":[{"name":"wp","href":"https:\/\/api.w.org\/{rel}","templated":true}]}}