{"id":835,"date":"2023-04-17T07:55:10","date_gmt":"2023-04-17T07:55:10","guid":{"rendered":"http:\/\/www.teofilioanstiop.ro\/?page_id=835"},"modified":"2023-04-19T10:13:57","modified_gmt":"2023-04-19T10:13:57","slug":"flower-power","status":"publish","type":"page","link":"http:\/\/www.teofilioanstiop.ro\/ro\/flower-power\/","title":{"rendered":"Flower Power\u00a0"},"content":{"rendered":"\n<figure class=\"wp-block-image size-large is-style-zoooom\"><a href=\"http:\/\/www.teofilioanstiop.ro\/wp-content\/uploads\/2023\/04\/Flower-Power-scaled.jpg\" data-rel=\"lightbox-image-0\" data-rl_title=\"\" data-rl_caption=\"\" title=\"\"><img decoding=\"async\" loading=\"lazy\" width=\"1024\" height=\"685\" src=\"http:\/\/www.teofilioanstiop.ro\/wp-content\/uploads\/2023\/04\/Flower-Power-1024x685.jpg\" alt=\"\" class=\"wp-image-805\" srcset=\"http:\/\/www.teofilioanstiop.ro\/wp-content\/uploads\/2023\/04\/Flower-Power-1024x685.jpg 1024w, http:\/\/www.teofilioanstiop.ro\/wp-content\/uploads\/2023\/04\/Flower-Power-300x201.jpg 300w, http:\/\/www.teofilioanstiop.ro\/wp-content\/uploads\/2023\/04\/Flower-Power-768x514.jpg 768w, http:\/\/www.teofilioanstiop.ro\/wp-content\/uploads\/2023\/04\/Flower-Power-1536x1027.jpg 1536w, http:\/\/www.teofilioanstiop.ro\/wp-content\/uploads\/2023\/04\/Flower-Power-2048x1370.jpg 2048w, http:\/\/www.teofilioanstiop.ro\/wp-content\/uploads\/2023\/04\/Flower-Power-18x12.jpg 18w\" sizes=\"(max-width: 706px) 89vw, (max-width: 767px) 82vw, 740px\" \/><\/a><\/figure>\n\n\n\n<p class=\"has-text-align-right\">199,5&#215;129,5 cm, ulei pe p\u00e2nz\u0103, 2022<br><a href=\"http:\/\/www.teofilioanstiop.ro\/ro\/contact\/\"><em>Contacteaz\u0103 artistul pentru informa\u0163ii suplimentare<\/em><\/a><\/p>\n\n\n\n<p class=\"has-text-align-right\">Prin sintagma cunoscut\u0103 <em>Flower Power<\/em>, cadrul pictural face apel, pe de o parte la o antitez\u0103 care sugereaz\u0103 existen\u021ba unei tensiuni, a unei drame, a unui conflict armat, pe de alt\u0103 parte la un cli\u0219eu care indic\u0103 o persisten\u021b\u0103 un unor forme culturale \u00een raport cu acest conflict. \u00centr-un univers al mediatiz\u0103rii imediate reluarea termenilor antitezei gliseaz\u0103 \u00eentre tragedie \u0219i mod\u0103 fapt care contribuie la o dezamorsare a ei.&nbsp;<\/p>\n\n\n\n<p class=\"has-text-align-right\">Progresie:<\/p>\n\n\n<div class=\"wp-block-image\">\n<figure class=\"alignright size-large\"><img decoding=\"async\" loading=\"lazy\" width=\"1024\" height=\"724\" src=\"http:\/\/www.teofilioanstiop.ro\/wp-content\/uploads\/2023\/04\/Flower-Power-Progresie-1024x724.jpg\" alt=\"\" class=\"wp-image-841\" srcset=\"http:\/\/www.teofilioanstiop.ro\/wp-content\/uploads\/2023\/04\/Flower-Power-Progresie-1024x724.jpg 1024w, http:\/\/www.teofilioanstiop.ro\/wp-content\/uploads\/2023\/04\/Flower-Power-Progresie-300x212.jpg 300w, http:\/\/www.teofilioanstiop.ro\/wp-content\/uploads\/2023\/04\/Flower-Power-Progresie-768x543.jpg 768w, http:\/\/www.teofilioanstiop.ro\/wp-content\/uploads\/2023\/04\/Flower-Power-Progresie-1536x1086.jpg 1536w, http:\/\/www.teofilioanstiop.ro\/wp-content\/uploads\/2023\/04\/Flower-Power-Progresie-2048x1448.jpg 2048w, http:\/\/www.teofilioanstiop.ro\/wp-content\/uploads\/2023\/04\/Flower-Power-Progresie-18x12.jpg 18w\" sizes=\"(max-width: 706px) 89vw, (max-width: 767px) 82vw, 740px\" \/><\/figure><\/div>","protected":false},"excerpt":{"rendered":"<p>199,5&#215;129,5 cm, ulei pe p\u00e2nz\u0103, 2022Contacteaz\u0103 artistul pentru informa\u0163ii suplimentare Prin sintagma cunoscut\u0103 Flower Power, cadrul pictural face apel, pe de o parte la o antitez\u0103 care sugereaz\u0103 existen\u021ba unei tensiuni, a unei drame, a unui conflict armat, pe de alt\u0103 parte la un cli\u0219eu care indic\u0103 o persisten\u021b\u0103 un unor forme culturale \u00een raport &hellip; <\/p>\n<p class=\"link-more\"><a href=\"http:\/\/www.teofilioanstiop.ro\/ro\/flower-power\/\" class=\"more-link\">Continu\u0103 lectura<span class=\"screen-reader-text\"> \u201eFlower Power\u00a0\u201d<\/span><\/a><\/p>\n","protected":false},"author":3,"featured_media":0,"parent":0,"menu_order":0,"comment_status":"closed","ping_status":"closed","template":"","meta":[],"_links":{"self":[{"href":"http:\/\/www.teofilioanstiop.ro\/ro\/wp-json\/wp\/v2\/pages\/835"}],"collection":[{"href":"http:\/\/www.teofilioanstiop.ro\/ro\/wp-json\/wp\/v2\/pages"}],"about":[{"href":"http:\/\/www.teofilioanstiop.ro\/ro\/wp-json\/wp\/v2\/types\/page"}],"author":[{"embeddable":true,"href":"http:\/\/www.teofilioanstiop.ro\/ro\/wp-json\/wp\/v2\/users\/3"}],"replies":[{"embeddable":true,"href":"http:\/\/www.teofilioanstiop.ro\/ro\/wp-json\/wp\/v2\/comments?post=835"}],"version-history":[{"count":6,"href":"http:\/\/www.teofilioanstiop.ro\/ro\/wp-json\/wp\/v2\/pages\/835\/revisions"}],"predecessor-version":[{"id":882,"href":"http:\/\/www.teofilioanstiop.ro\/ro\/wp-json\/wp\/v2\/pages\/835\/revisions\/882"}],"wp:attachment":[{"href":"http:\/\/www.teofilioanstiop.ro\/ro\/wp-json\/wp\/v2\/media?parent=835"}],"curies":[{"name":"wp","href":"https:\/\/api.w.org\/{rel}","templated":true}]}}