{"id":837,"date":"2023-04-17T07:57:24","date_gmt":"2023-04-17T07:57:24","guid":{"rendered":"http:\/\/www.teofilioanstiop.ro\/?page_id=837"},"modified":"2023-04-17T08:30:26","modified_gmt":"2023-04-17T08:30:26","slug":"cortina-repetitie-generala","status":"publish","type":"page","link":"http:\/\/www.teofilioanstiop.ro\/ro\/cortina-repetitie-generala\/","title":{"rendered":"Cortina.Repeti\u021bie general\u0103"},"content":{"rendered":"\n<figure class=\"wp-block-image size-large is-style-zoooom\"><img decoding=\"async\" loading=\"lazy\" width=\"1024\" height=\"433\" src=\"http:\/\/www.teofilioanstiop.ro\/wp-content\/uploads\/2023\/04\/Cortina-Repetitie-generala-1024x433.jpg\" alt=\"\" class=\"wp-image-799\" srcset=\"http:\/\/www.teofilioanstiop.ro\/wp-content\/uploads\/2023\/04\/Cortina-Repetitie-generala-1024x433.jpg 1024w, http:\/\/www.teofilioanstiop.ro\/wp-content\/uploads\/2023\/04\/Cortina-Repetitie-generala-300x127.jpg 300w, http:\/\/www.teofilioanstiop.ro\/wp-content\/uploads\/2023\/04\/Cortina-Repetitie-generala-768x324.jpg 768w, http:\/\/www.teofilioanstiop.ro\/wp-content\/uploads\/2023\/04\/Cortina-Repetitie-generala-1536x649.jpg 1536w, http:\/\/www.teofilioanstiop.ro\/wp-content\/uploads\/2023\/04\/Cortina-Repetitie-generala-2048x865.jpg 2048w, http:\/\/www.teofilioanstiop.ro\/wp-content\/uploads\/2023\/04\/Cortina-Repetitie-generala-18x8.jpg 18w\" sizes=\"(max-width: 706px) 89vw, (max-width: 767px) 82vw, 740px\" \/><\/figure>\n\n\n\n<p class=\"has-text-align-right\">100&#215;129,5 cm x 199,5&#215;129,5 cm, ulei pe p\u00e2nz\u0103, 2022<br><a href=\"http:\/\/www.teofilioanstiop.ro\/ro\/contact\/\">Contacteaz\u0103 artistul pentru informa\u0163ii suplimentare<\/a><\/p>\n\n\n\n<p class=\"has-text-align-right\">Fiind un diptic, lucrarea este compus\u0103 din dou\u0103 p\u0103r\u0163i <em>Cortina<\/em> \u015fi <em>Repeti\u0163ie general\u0103<\/em>, lucr\u0103ri separate ca suprafe\u0163e dar care, totu\u015fi, formeaz\u0103 un \u00eentreg. Prima parte, ipostaziaz\u0103 un personaj feminin care m\u0103tur\u0103. Personajul este unul spectral, o n\u0103luc\u0103 stereoscopic\u0103 prezent\u0103 \u015fi, deopotriv\u0103 imaterial\u0103. Personajul se contope\u015fte cu cortina \u00eens\u0103\u015fi pe care o personific\u0103 iar statutul de m\u0103tur\u0103toare pe care \u00eel ilustreaz\u0103 contrasteaz\u0103 cu apari\u0163ia sa sofisticat\u0103.&nbsp;<\/p>\n\n\n\n<p class=\"has-text-align-right\">Importat\u0103 din lumea teatrului, sintagma \u201crepeti\u021bia general\u0103\u201d desemneaz\u0103 ultima reprezenta\u021bie dinaintea premierei unei piese. Cu alte cuvinte, lucrarea ne invit\u0103 \u00een culesele unui act care se preg\u0103te\u0219te pentru a fi lansat. Prezen\u021ba butaforic\u0103 a costumului de rinocer deconspir\u0103 aluzia la rinocerizarea zugr\u0103vit\u0103 de Eugene Ionesco. Repunerea pe scena istoriei a violen\u021bei \u0219i conformismului, caracteristici esen\u021biale ale for\u021bei brute criticate \u00een piesa <em>Rinocerii<\/em>, este perceput\u0103 ca o amenin\u021bare \u0219i este \u00eent\u00e2mpinat\u0103 cu un gest dezaprobator.<\/p>\n\n\n\n<p class=\"has-text-align-right\">Progresie:<\/p>\n\n\n<div class=\"wp-block-image\">\n<figure class=\"alignright size-large\"><img decoding=\"async\" loading=\"lazy\" width=\"1024\" height=\"724\" src=\"http:\/\/www.teofilioanstiop.ro\/wp-content\/uploads\/2023\/04\/Repetitie-generala-Progresie-1024x724.jpg\" alt=\"\" class=\"wp-image-853\" srcset=\"http:\/\/www.teofilioanstiop.ro\/wp-content\/uploads\/2023\/04\/Repetitie-generala-Progresie-1024x724.jpg 1024w, http:\/\/www.teofilioanstiop.ro\/wp-content\/uploads\/2023\/04\/Repetitie-generala-Progresie-300x212.jpg 300w, http:\/\/www.teofilioanstiop.ro\/wp-content\/uploads\/2023\/04\/Repetitie-generala-Progresie-768x543.jpg 768w, http:\/\/www.teofilioanstiop.ro\/wp-content\/uploads\/2023\/04\/Repetitie-generala-Progresie-1536x1086.jpg 1536w, http:\/\/www.teofilioanstiop.ro\/wp-content\/uploads\/2023\/04\/Repetitie-generala-Progresie-2048x1448.jpg 2048w, http:\/\/www.teofilioanstiop.ro\/wp-content\/uploads\/2023\/04\/Repetitie-generala-Progresie-18x12.jpg 18w\" sizes=\"(max-width: 706px) 89vw, (max-width: 767px) 82vw, 740px\" \/><\/figure><\/div>","protected":false},"excerpt":{"rendered":"<p>100&#215;129,5 cm x 199,5&#215;129,5 cm, ulei pe p\u00e2nz\u0103, 2022Contacteaz\u0103 artistul pentru informa\u0163ii suplimentare Fiind un diptic, lucrarea este compus\u0103 din dou\u0103 p\u0103r\u0163i Cortina \u015fi Repeti\u0163ie general\u0103, lucr\u0103ri separate ca suprafe\u0163e dar care, totu\u015fi, formeaz\u0103 un \u00eentreg. Prima parte, ipostaziaz\u0103 un personaj feminin care m\u0103tur\u0103. Personajul este unul spectral, o n\u0103luc\u0103 stereoscopic\u0103 prezent\u0103 \u015fi, deopotriv\u0103 imaterial\u0103. &hellip; <\/p>\n<p class=\"link-more\"><a href=\"http:\/\/www.teofilioanstiop.ro\/ro\/cortina-repetitie-generala\/\" class=\"more-link\">Continu\u0103 lectura<span class=\"screen-reader-text\"> \u201eCortina.Repeti\u021bie general\u0103\u201d<\/span><\/a><\/p>\n","protected":false},"author":3,"featured_media":0,"parent":0,"menu_order":0,"comment_status":"closed","ping_status":"closed","template":"","meta":[],"_links":{"self":[{"href":"http:\/\/www.teofilioanstiop.ro\/ro\/wp-json\/wp\/v2\/pages\/837"}],"collection":[{"href":"http:\/\/www.teofilioanstiop.ro\/ro\/wp-json\/wp\/v2\/pages"}],"about":[{"href":"http:\/\/www.teofilioanstiop.ro\/ro\/wp-json\/wp\/v2\/types\/page"}],"author":[{"embeddable":true,"href":"http:\/\/www.teofilioanstiop.ro\/ro\/wp-json\/wp\/v2\/users\/3"}],"replies":[{"embeddable":true,"href":"http:\/\/www.teofilioanstiop.ro\/ro\/wp-json\/wp\/v2\/comments?post=837"}],"version-history":[{"count":2,"href":"http:\/\/www.teofilioanstiop.ro\/ro\/wp-json\/wp\/v2\/pages\/837\/revisions"}],"predecessor-version":[{"id":854,"href":"http:\/\/www.teofilioanstiop.ro\/ro\/wp-json\/wp\/v2\/pages\/837\/revisions\/854"}],"wp:attachment":[{"href":"http:\/\/www.teofilioanstiop.ro\/ro\/wp-json\/wp\/v2\/media?parent=837"}],"curies":[{"name":"wp","href":"https:\/\/api.w.org\/{rel}","templated":true}]}}