{"id":874,"date":"2023-04-19T10:07:42","date_gmt":"2023-04-19T10:07:42","guid":{"rendered":"http:\/\/www.teofilioanstiop.ro\/?page_id=874"},"modified":"2023-04-19T10:08:18","modified_gmt":"2023-04-19T10:08:18","slug":"finiiarnolfini","status":"publish","type":"page","link":"http:\/\/www.teofilioanstiop.ro\/ro\/finiiarnolfini\/","title":{"rendered":"FiniiArnolfini"},"content":{"rendered":"\n<figure class=\"wp-block-image size-large is-style-zoooom\"><a href=\"http:\/\/www.teofilioanstiop.ro\/wp-content\/uploads\/2023\/04\/FiniiArnolfini-scaled.jpg\" data-rel=\"lightbox-image-0\" data-rl_title=\"\" data-rl_caption=\"\" title=\"\"><img decoding=\"async\" loading=\"lazy\" width=\"755\" height=\"1024\" src=\"http:\/\/www.teofilioanstiop.ro\/wp-content\/uploads\/2023\/04\/FiniiArnolfini-755x1024.jpg\" alt=\"\" class=\"wp-image-870\" srcset=\"http:\/\/www.teofilioanstiop.ro\/wp-content\/uploads\/2023\/04\/FiniiArnolfini-755x1024.jpg 755w, http:\/\/www.teofilioanstiop.ro\/wp-content\/uploads\/2023\/04\/FiniiArnolfini-221x300.jpg 221w, http:\/\/www.teofilioanstiop.ro\/wp-content\/uploads\/2023\/04\/FiniiArnolfini-768x1041.jpg 768w, http:\/\/www.teofilioanstiop.ro\/wp-content\/uploads\/2023\/04\/FiniiArnolfini-1133x1536.jpg 1133w, http:\/\/www.teofilioanstiop.ro\/wp-content\/uploads\/2023\/04\/FiniiArnolfini-1511x2048.jpg 1511w, http:\/\/www.teofilioanstiop.ro\/wp-content\/uploads\/2023\/04\/FiniiArnolfini-9x12.jpg 9w, http:\/\/www.teofilioanstiop.ro\/wp-content\/uploads\/2023\/04\/FiniiArnolfini-scaled.jpg 1889w\" sizes=\"(max-width: 706px) 89vw, (max-width: 767px) 82vw, 740px\" \/><\/a><\/figure>\n\n\n\n<p class=\"has-text-align-right\">120&#215;80 cm, ulei pe p\u00e2nz\u0103, 2023<br><a href=\"http:\/\/www.teofilioanstiop.ro\/ro\/contact\/\">contacteaz\u0103 artistul pentru informa\u0163ii suplimentare<\/a><\/p>\n\n\n\n<p class=\"has-text-align-right\">Scena de gen ipostaziat\u0103 face aluzie la lucrarea <em>So\u0163ii Arnolfini<\/em> cu care se vrea a fi \u00eenrudit\u0103 at\u00e2t prin titlu c\u00e2t \u015fi prin compozi\u0163ie. Jocului onomatopeic a leg\u0103turilor, deopotriv\u0103 formale \u015fi semantice, dintre celelalte picturi din serie, aceast\u0103 lucrare, \u015fi pictura lui Jan van Eyck transfer\u0103 accentul din registrul grav al Cornucopiei \u00een registrul inocen\u0163ei subliniind sensul cathartic al proiectului.<\/p>\n","protected":false},"excerpt":{"rendered":"<p>120&#215;80 cm, ulei pe p\u00e2nz\u0103, 2023contacteaz\u0103 artistul pentru informa\u0163ii suplimentare Scena de gen ipostaziat\u0103 face aluzie la lucrarea So\u0163ii Arnolfini cu care se vrea a fi \u00eenrudit\u0103 at\u00e2t prin titlu c\u00e2t \u015fi prin compozi\u0163ie. Jocului onomatopeic a leg\u0103turilor, deopotriv\u0103 formale \u015fi semantice, dintre celelalte picturi din serie, aceast\u0103 lucrare, \u015fi pictura lui Jan van Eyck &hellip; <\/p>\n<p class=\"link-more\"><a href=\"http:\/\/www.teofilioanstiop.ro\/ro\/finiiarnolfini\/\" class=\"more-link\">Continu\u0103 lectura<span class=\"screen-reader-text\"> \u201eFiniiArnolfini\u201d<\/span><\/a><\/p>\n","protected":false},"author":3,"featured_media":0,"parent":0,"menu_order":0,"comment_status":"closed","ping_status":"closed","template":"","meta":[],"_links":{"self":[{"href":"http:\/\/www.teofilioanstiop.ro\/ro\/wp-json\/wp\/v2\/pages\/874"}],"collection":[{"href":"http:\/\/www.teofilioanstiop.ro\/ro\/wp-json\/wp\/v2\/pages"}],"about":[{"href":"http:\/\/www.teofilioanstiop.ro\/ro\/wp-json\/wp\/v2\/types\/page"}],"author":[{"embeddable":true,"href":"http:\/\/www.teofilioanstiop.ro\/ro\/wp-json\/wp\/v2\/users\/3"}],"replies":[{"embeddable":true,"href":"http:\/\/www.teofilioanstiop.ro\/ro\/wp-json\/wp\/v2\/comments?post=874"}],"version-history":[{"count":3,"href":"http:\/\/www.teofilioanstiop.ro\/ro\/wp-json\/wp\/v2\/pages\/874\/revisions"}],"predecessor-version":[{"id":877,"href":"http:\/\/www.teofilioanstiop.ro\/ro\/wp-json\/wp\/v2\/pages\/874\/revisions\/877"}],"wp:attachment":[{"href":"http:\/\/www.teofilioanstiop.ro\/ro\/wp-json\/wp\/v2\/media?parent=874"}],"curies":[{"name":"wp","href":"https:\/\/api.w.org\/{rel}","templated":true}]}}