{"id":358,"date":"2019-10-23T14:37:54","date_gmt":"2019-10-23T14:37:54","guid":{"rendered":"http:\/\/www.teofilioanstiop.ro\/?page_id=358"},"modified":"2023-04-19T10:10:17","modified_gmt":"2023-04-19T10:10:17","slug":"cornucopia","status":"publish","type":"page","link":"https:\/\/www.teofilioanstiop.ro\/en\/cornucopia\/","title":{"rendered":"Cornucopia"},"content":{"rendered":"<p class=\"has-text-align-right translation-block\">Cornucopia is the generic name representing the series of paintings where, in the frame already structured by the former series, is introduced the subject, the human character. In this case, the scene that the characters enter is characterized by an abundance of the carnivalesque, more exactly by confetti clusters that flood the whole reality. That excess of merriment gradually slides from trivial happiness to orgasmic ecstasy. It overflows through various portals, like theatre scenes, kite parades or mindless merry-go-rounds, convulsively menacing with the dissolution of the human subject.<\/p>\n\n\n\n<figure class=\"wp-block-image size-large is-style-zoooom\"><a href=\"http:\/\/www.teofilioanstiop.ro\/en\/finiiarnolfini\/\"><img decoding=\"async\" loading=\"lazy\" width=\"755\" height=\"1024\" src=\"http:\/\/www.teofilioanstiop.ro\/wp-content\/uploads\/2023\/04\/FiniiArnolfini-755x1024.jpg\" alt=\"\" class=\"wp-image-870\" srcset=\"https:\/\/www.teofilioanstiop.ro\/wp-content\/uploads\/2023\/04\/FiniiArnolfini-755x1024.jpg 755w, https:\/\/www.teofilioanstiop.ro\/wp-content\/uploads\/2023\/04\/FiniiArnolfini-221x300.jpg 221w, https:\/\/www.teofilioanstiop.ro\/wp-content\/uploads\/2023\/04\/FiniiArnolfini-768x1041.jpg 768w, https:\/\/www.teofilioanstiop.ro\/wp-content\/uploads\/2023\/04\/FiniiArnolfini-1133x1536.jpg 1133w, https:\/\/www.teofilioanstiop.ro\/wp-content\/uploads\/2023\/04\/FiniiArnolfini-1511x2048.jpg 1511w, https:\/\/www.teofilioanstiop.ro\/wp-content\/uploads\/2023\/04\/FiniiArnolfini-9x12.jpg 9w, https:\/\/www.teofilioanstiop.ro\/wp-content\/uploads\/2023\/04\/FiniiArnolfini-scaled.jpg 1889w\" sizes=\"(max-width: 706px) 89vw, (max-width: 767px) 82vw, 740px\" \/><\/a><figcaption class=\"wp-element-caption\">FiniiArnolfini<\/figcaption><\/figure>\n\n\n\n<figure class=\"wp-block-image size-large is-style-zoooom\"><a href=\"http:\/\/www.teofilioanstiop.ro\/en\/last-stand-iii\/\"><img decoding=\"async\" loading=\"lazy\" width=\"1024\" height=\"671\" src=\"https:\/\/www.teofilioanstiop.ro\/wp-content\/uploads\/2023\/04\/Last-stand-II-1024x671.jpg\" alt=\"\" class=\"wp-image-810\" srcset=\"https:\/\/www.teofilioanstiop.ro\/wp-content\/uploads\/2023\/04\/Last-stand-II-1024x671.jpg 1024w, https:\/\/www.teofilioanstiop.ro\/wp-content\/uploads\/2023\/04\/Last-stand-II-300x197.jpg 300w, https:\/\/www.teofilioanstiop.ro\/wp-content\/uploads\/2023\/04\/Last-stand-II-768x503.jpg 768w, https:\/\/www.teofilioanstiop.ro\/wp-content\/uploads\/2023\/04\/Last-stand-II-1536x1007.jpg 1536w, https:\/\/www.teofilioanstiop.ro\/wp-content\/uploads\/2023\/04\/Last-stand-II-2048x1342.jpg 2048w, https:\/\/www.teofilioanstiop.ro\/wp-content\/uploads\/2023\/04\/Last-stand-II-18x12.jpg 18w\" sizes=\"(max-width: 706px) 89vw, (max-width: 767px) 82vw, 740px\" \/><\/a><figcaption class=\"wp-element-caption\"><em>Last stand II<\/em>I<\/figcaption><\/figure>\n\n\n\n<figure class=\"wp-block-image size-large is-style-zoooom\"><a href=\"http:\/\/www.teofilioanstiop.ro\/en\/last-stand-ii\/\"><img decoding=\"async\" loading=\"lazy\" width=\"1024\" height=\"671\" src=\"https:\/\/www.teofilioanstiop.ro\/wp-content\/uploads\/2023\/04\/Last-stand-III-1024x671.jpg\" alt=\"\" class=\"wp-image-808\" srcset=\"https:\/\/www.teofilioanstiop.ro\/wp-content\/uploads\/2023\/04\/Last-stand-III-1024x671.jpg 1024w, https:\/\/www.teofilioanstiop.ro\/wp-content\/uploads\/2023\/04\/Last-stand-III-300x197.jpg 300w, https:\/\/www.teofilioanstiop.ro\/wp-content\/uploads\/2023\/04\/Last-stand-III-768x503.jpg 768w, https:\/\/www.teofilioanstiop.ro\/wp-content\/uploads\/2023\/04\/Last-stand-III-1536x1006.jpg 1536w, https:\/\/www.teofilioanstiop.ro\/wp-content\/uploads\/2023\/04\/Last-stand-III-2048x1342.jpg 2048w, https:\/\/www.teofilioanstiop.ro\/wp-content\/uploads\/2023\/04\/Last-stand-III-18x12.jpg 18w\" sizes=\"(max-width: 706px) 89vw, (max-width: 767px) 82vw, 740px\" \/><\/a><figcaption class=\"wp-element-caption\"><em>Last stand II<\/em><\/figcaption><\/figure>\n\n\n\n<figure class=\"wp-block-image is-resized is-style-zoooom\"><a href=\"http:\/\/www.teofilioanstiop.ro\/en\/last-stand-2\/\"><img decoding=\"async\" loading=\"lazy\" src=\"http:\/\/www.teofilioanstiop.ro\/wp-content\/uploads\/2019\/08\/Last-stand-1024x663.jpg\" alt=\"\" class=\"wp-image-33\" width=\"1024\" height=\"663\" srcset=\"https:\/\/www.teofilioanstiop.ro\/wp-content\/uploads\/2019\/08\/Last-stand-1024x663.jpg 1024w, https:\/\/www.teofilioanstiop.ro\/wp-content\/uploads\/2019\/08\/Last-stand-300x194.jpg 300w, https:\/\/www.teofilioanstiop.ro\/wp-content\/uploads\/2019\/08\/Last-stand-768x497.jpg 768w, https:\/\/www.teofilioanstiop.ro\/wp-content\/uploads\/2019\/08\/Last-stand-500x324.jpg 500w, https:\/\/www.teofilioanstiop.ro\/wp-content\/uploads\/2019\/08\/Last-stand-800x518.jpg 800w, https:\/\/www.teofilioanstiop.ro\/wp-content\/uploads\/2019\/08\/Last-stand-1280x829.jpg 1280w, https:\/\/www.teofilioanstiop.ro\/wp-content\/uploads\/2019\/08\/Last-stand-1920x1243.jpg 1920w\" sizes=\"(max-width: 706px) 89vw, (max-width: 767px) 82vw, 740px\" \/><\/a><figcaption class=\"wp-element-caption\">Last stand<\/figcaption><\/figure>\n\n\n\n<figure class=\"wp-block-image size-large is-style-zoooom\"><a href=\"http:\/\/www.teofilioanstiop.ro\/en\/glitch\/\"><img decoding=\"async\" loading=\"lazy\" width=\"1024\" height=\"577\" src=\"https:\/\/www.teofilioanstiop.ro\/wp-content\/uploads\/2023\/04\/Glitch-1024x577.jpg\" alt=\"\" class=\"wp-image-811\" srcset=\"https:\/\/www.teofilioanstiop.ro\/wp-content\/uploads\/2023\/04\/Glitch-1024x577.jpg 1024w, https:\/\/www.teofilioanstiop.ro\/wp-content\/uploads\/2023\/04\/Glitch-300x169.jpg 300w, https:\/\/www.teofilioanstiop.ro\/wp-content\/uploads\/2023\/04\/Glitch-768x433.jpg 768w, https:\/\/www.teofilioanstiop.ro\/wp-content\/uploads\/2023\/04\/Glitch-1536x865.jpg 1536w, https:\/\/www.teofilioanstiop.ro\/wp-content\/uploads\/2023\/04\/Glitch-2048x1154.jpg 2048w, https:\/\/www.teofilioanstiop.ro\/wp-content\/uploads\/2023\/04\/Glitch-18x10.jpg 18w\" sizes=\"(max-width: 706px) 89vw, (max-width: 767px) 82vw, 740px\" \/><\/a><figcaption class=\"wp-element-caption\"><em>Glitch<\/em><\/figcaption><\/figure>\n\n\n\n<figure class=\"wp-block-image size-large is-style-zoooom\"><a href=\"http:\/\/www.teofilioanstiop.ro\/en\/flower-power\/\"><img decoding=\"async\" loading=\"lazy\" width=\"1024\" height=\"685\" src=\"https:\/\/www.teofilioanstiop.ro\/wp-content\/uploads\/2023\/04\/Flower-Power-1024x685.jpg\" alt=\"\" class=\"wp-image-805\" srcset=\"https:\/\/www.teofilioanstiop.ro\/wp-content\/uploads\/2023\/04\/Flower-Power-1024x685.jpg 1024w, https:\/\/www.teofilioanstiop.ro\/wp-content\/uploads\/2023\/04\/Flower-Power-300x201.jpg 300w, https:\/\/www.teofilioanstiop.ro\/wp-content\/uploads\/2023\/04\/Flower-Power-768x514.jpg 768w, https:\/\/www.teofilioanstiop.ro\/wp-content\/uploads\/2023\/04\/Flower-Power-1536x1027.jpg 1536w, https:\/\/www.teofilioanstiop.ro\/wp-content\/uploads\/2023\/04\/Flower-Power-2048x1370.jpg 2048w, https:\/\/www.teofilioanstiop.ro\/wp-content\/uploads\/2023\/04\/Flower-Power-18x12.jpg 18w\" sizes=\"(max-width: 706px) 89vw, (max-width: 767px) 82vw, 740px\" \/><\/a><figcaption class=\"wp-element-caption\"><em>Flower Power<\/em><\/figcaption><\/figure>\n\n\n\n<figure class=\"wp-block-image size-full is-style-zoooom\"><a href=\"http:\/\/www.teofilioanstiop.ro\/en\/cortina-repetitie-generala\/\"><img decoding=\"async\" loading=\"lazy\" width=\"2560\" height=\"1082\" src=\"https:\/\/www.teofilioanstiop.ro\/wp-content\/uploads\/2023\/04\/Cortina-Repetitie-generala-scaled.jpg\" alt=\"\" class=\"wp-image-799\" srcset=\"https:\/\/www.teofilioanstiop.ro\/wp-content\/uploads\/2023\/04\/Cortina-Repetitie-generala-scaled.jpg 2560w, https:\/\/www.teofilioanstiop.ro\/wp-content\/uploads\/2023\/04\/Cortina-Repetitie-generala-300x127.jpg 300w, https:\/\/www.teofilioanstiop.ro\/wp-content\/uploads\/2023\/04\/Cortina-Repetitie-generala-1024x433.jpg 1024w, https:\/\/www.teofilioanstiop.ro\/wp-content\/uploads\/2023\/04\/Cortina-Repetitie-generala-768x324.jpg 768w, https:\/\/www.teofilioanstiop.ro\/wp-content\/uploads\/2023\/04\/Cortina-Repetitie-generala-1536x649.jpg 1536w, https:\/\/www.teofilioanstiop.ro\/wp-content\/uploads\/2023\/04\/Cortina-Repetitie-generala-2048x865.jpg 2048w, https:\/\/www.teofilioanstiop.ro\/wp-content\/uploads\/2023\/04\/Cortina-Repetitie-generala-18x8.jpg 18w\" sizes=\"(max-width: 706px) 89vw, (max-width: 767px) 82vw, 740px\" \/><\/a><figcaption class=\"wp-element-caption\"><em>Cortina Repetitie generala<\/em><\/figcaption><\/figure>\n\n\n\n<figure class=\"wp-block-image is-resized is-style-zoooom\"><a href=\"http:\/\/www.teofilioanstiop.ro\/en\/happy-end-2\/\"><img decoding=\"async\" loading=\"lazy\" src=\"http:\/\/www.teofilioanstiop.ro\/wp-content\/uploads\/2019\/08\/Happy-End-1024x699.jpg\" alt=\"\" class=\"wp-image-36\" width=\"1024\" height=\"699\" srcset=\"https:\/\/www.teofilioanstiop.ro\/wp-content\/uploads\/2019\/08\/Happy-End-1024x699.jpg 1024w, https:\/\/www.teofilioanstiop.ro\/wp-content\/uploads\/2019\/08\/Happy-End-300x205.jpg 300w, https:\/\/www.teofilioanstiop.ro\/wp-content\/uploads\/2019\/08\/Happy-End-768x525.jpg 768w, https:\/\/www.teofilioanstiop.ro\/wp-content\/uploads\/2019\/08\/Happy-End-500x341.jpg 500w, https:\/\/www.teofilioanstiop.ro\/wp-content\/uploads\/2019\/08\/Happy-End-800x546.jpg 800w, https:\/\/www.teofilioanstiop.ro\/wp-content\/uploads\/2019\/08\/Happy-End-1280x874.jpg 1280w, https:\/\/www.teofilioanstiop.ro\/wp-content\/uploads\/2019\/08\/Happy-End-1920x1311.jpg 1920w\" sizes=\"(max-width: 706px) 89vw, (max-width: 767px) 82vw, 740px\" \/><\/a><figcaption class=\"wp-element-caption\">Happy End<\/figcaption><\/figure>\n\n\n\n<figure class=\"wp-block-image size-large is-style-zoooom\"><a href=\"http:\/\/www.teofilioanstiop.ro\/en\/cornucopia-2\/\"><img decoding=\"async\" loading=\"lazy\" width=\"1024\" height=\"685\" src=\"http:\/\/www.teofilioanstiop.ro\/wp-content\/uploads\/2020\/05\/Cornucopia-1024x685.jpg\" alt=\"\" class=\"wp-image-589\" srcset=\"https:\/\/www.teofilioanstiop.ro\/wp-content\/uploads\/2020\/05\/Cornucopia-1024x685.jpg 1024w, https:\/\/www.teofilioanstiop.ro\/wp-content\/uploads\/2020\/05\/Cornucopia-300x201.jpg 300w, https:\/\/www.teofilioanstiop.ro\/wp-content\/uploads\/2020\/05\/Cornucopia-768x514.jpg 768w, https:\/\/www.teofilioanstiop.ro\/wp-content\/uploads\/2020\/05\/Cornucopia-1536x1028.jpg 1536w, https:\/\/www.teofilioanstiop.ro\/wp-content\/uploads\/2020\/05\/Cornucopia-2048x1371.jpg 2048w\" sizes=\"(max-width: 706px) 89vw, (max-width: 767px) 82vw, 740px\" \/><\/a><figcaption class=\"wp-element-caption\">Cornucopia<\/figcaption><\/figure>\n\n\n\n<figure class=\"wp-block-image size-large is-style-zoooom\"><a href=\"http:\/\/www.teofilioanstiop.ro\/en\/entropic-delight\/\"><img decoding=\"async\" loading=\"lazy\" width=\"1024\" height=\"684\" src=\"http:\/\/www.teofilioanstiop.ro\/wp-content\/uploads\/2020\/05\/Entopic-Delight-1024x684.jpg\" alt=\"\" class=\"wp-image-590\" srcset=\"https:\/\/www.teofilioanstiop.ro\/wp-content\/uploads\/2020\/05\/Entopic-Delight-1024x684.jpg 1024w, https:\/\/www.teofilioanstiop.ro\/wp-content\/uploads\/2020\/05\/Entopic-Delight-300x200.jpg 300w, https:\/\/www.teofilioanstiop.ro\/wp-content\/uploads\/2020\/05\/Entopic-Delight-768x513.jpg 768w, https:\/\/www.teofilioanstiop.ro\/wp-content\/uploads\/2020\/05\/Entopic-Delight-1536x1026.jpg 1536w, https:\/\/www.teofilioanstiop.ro\/wp-content\/uploads\/2020\/05\/Entopic-Delight-2048x1368.jpg 2048w\" sizes=\"(max-width: 706px) 89vw, (max-width: 767px) 82vw, 740px\" \/><\/a><figcaption class=\"wp-element-caption\">Entropic Delight<\/figcaption><\/figure>\n\n\n\n<figure class=\"wp-block-image size-large is-style-zoooom\"><a href=\"http:\/\/www.teofilioanstiop.ro\/en\/offspring\/\"><img decoding=\"async\" loading=\"lazy\" width=\"749\" height=\"1024\" src=\"http:\/\/www.teofilioanstiop.ro\/wp-content\/uploads\/2020\/05\/Offspring-749x1024.jpg\" alt=\"\" class=\"wp-image-591\" srcset=\"https:\/\/www.teofilioanstiop.ro\/wp-content\/uploads\/2020\/05\/Offspring-749x1024.jpg 749w, https:\/\/www.teofilioanstiop.ro\/wp-content\/uploads\/2020\/05\/Offspring-220x300.jpg 220w, https:\/\/www.teofilioanstiop.ro\/wp-content\/uploads\/2020\/05\/Offspring-768x1049.jpg 768w, https:\/\/www.teofilioanstiop.ro\/wp-content\/uploads\/2020\/05\/Offspring-1124x1536.jpg 1124w, https:\/\/www.teofilioanstiop.ro\/wp-content\/uploads\/2020\/05\/Offspring-1499x2048.jpg 1499w, https:\/\/www.teofilioanstiop.ro\/wp-content\/uploads\/2020\/05\/Offspring-scaled.jpg 1874w\" sizes=\"(max-width: 706px) 89vw, (max-width: 767px) 82vw, 740px\" \/><\/a><figcaption class=\"wp-element-caption\">Offspring<\/figcaption><\/figure>","protected":false},"excerpt":{"rendered":"<p>Cornucopia este numele generic care reprezint\u0103 seria de picturi \u00een care se introduce, \u00een cadrul deja formulat prin intermediul seriilor anterioare, subiectul, personajul uman. \u00cen acest caz, scena \u00een care intr\u0103 personajele este una caracterizat\u0103 de o abunden\u021b\u0103 a carnavalescului, mai exact de clusterele de confetti care inund\u0103 \u00eentreaga realitate. Excesul de s\u0103rb\u0103toresc gliseaz\u0103 pas &hellip; <\/p>\n<p class=\"link-more\"><a href=\"https:\/\/www.teofilioanstiop.ro\/en\/cornucopia\/\" class=\"more-link\">Continue reading<span class=\"screen-reader-text\"> &#8222;Cornucopia&#8221;<\/span><\/a><\/p>","protected":false},"author":1,"featured_media":0,"parent":0,"menu_order":0,"comment_status":"closed","ping_status":"closed","template":"","meta":[],"_links":{"self":[{"href":"https:\/\/www.teofilioanstiop.ro\/en\/wp-json\/wp\/v2\/pages\/358"}],"collection":[{"href":"https:\/\/www.teofilioanstiop.ro\/en\/wp-json\/wp\/v2\/pages"}],"about":[{"href":"https:\/\/www.teofilioanstiop.ro\/en\/wp-json\/wp\/v2\/types\/page"}],"author":[{"embeddable":true,"href":"https:\/\/www.teofilioanstiop.ro\/en\/wp-json\/wp\/v2\/users\/1"}],"replies":[{"embeddable":true,"href":"https:\/\/www.teofilioanstiop.ro\/en\/wp-json\/wp\/v2\/comments?post=358"}],"version-history":[{"count":27,"href":"https:\/\/www.teofilioanstiop.ro\/en\/wp-json\/wp\/v2\/pages\/358\/revisions"}],"predecessor-version":[{"id":878,"href":"https:\/\/www.teofilioanstiop.ro\/en\/wp-json\/wp\/v2\/pages\/358\/revisions\/878"}],"wp:attachment":[{"href":"https:\/\/www.teofilioanstiop.ro\/en\/wp-json\/wp\/v2\/media?parent=358"}],"curies":[{"name":"wp","href":"https:\/\/api.w.org\/{rel}","templated":true}]}}