{"id":6,"date":"2019-08-05T14:04:05","date_gmt":"2019-08-05T14:04:05","guid":{"rendered":"http:\/\/www.teofilioanstiop.ro\/?page_id=6"},"modified":"2023-04-19T09:53:17","modified_gmt":"2023-04-19T09:53:17","slug":"teofil-ioan-stiop","status":"publish","type":"page","link":"https:\/\/www.teofilioanstiop.ro\/ro\/","title":{"rendered":"Teofil Ioan \u015etiop"},"content":{"rendered":"\n<p>Artistul or\u0103dean Teofil Ioan \u015etiop se afirm\u0103, \u00een primul r\u00e2nd, printr-o&nbsp; preocupare accentuat\u0103 pentru pictur\u0103 dar \u015fi pentru alte arii ale artelor vizuale cum ar fi arta video sau instala\u0163ionismul. Chiar dac\u0103 a debutat cu prima sa expozi\u0163ie personal\u0103, <em>Caleidoscopul himeric<\/em>, pe simezele Muzeul \u0162\u0103rii Cri\u015furilor \u00een data de 9 aprilie 2003, artistul s-a remarcat \u00eenc\u0103 \u00eenainte de acest moment prin participarea la mai multe expozi\u0163ii na\u0163ionale \u015fi interna\u0163ionale de grup. De atunci \u00eencoace activitatea sa expozi\u0163ional\u0103 s-a \u00eembog\u0103\u0163it substan\u0163ial. \u00centre timp, preocup\u0103rile sale de atelier s-au sincronizat cu alte domenii complementare, dintre care, poate cea mai important\u0103 este \u00eenv\u0103\u0163\u0103m\u00e2ntul artistic, Teofil Ioan \u015etiop beneficiind \u00een cadrul Facult\u0103\u0163ii de Arte din Oradea din 2000 p\u00e2n\u0103 acum de o bogat\u0103 activitate universitar\u0103.<\/p>\n\n\n\n<p><\/p>\n\n\n\n<blockquote class=\"wp-block-quote has-text-align-left\">\n<p> La Teofil Ioan \u0218tiop, nu arta se abandoneaz\u0103 steril discursului, ci discursul se subordoneaz\u0103 artei, f\u0103r\u0103 a-\u0219i pierde \u00eens\u0103, \u00een amalgamuri carnavale\u0219ti, sensurile ad\u00e2nci, sunetele secunde. Pomenita <em>chirurgie estetic\u0103<\/em> \u00eei permite pictorului s\u0103-\u0219i lase \u00een suspensie, ca \u00eencadrare, unele tablouri, \u00eei d\u0103 posibilitatea de a se fixa pe anumite zone de interes \u00een r\u0103sp\u0103r cu aproape orice canon compozi\u021bional. Tocmai aceast\u0103 fericit\u0103 colaborare a ideii cu virtuozitatea plastic\u0103, a \u00een\u021belegerii indulgent-amuzate a lumii cu reprezentarea ei folosind un alfabet pictural de sine st\u0103t\u0103tor, dur, dar translucid, cu tu\u0219e grele, \u00eens\u0103 oarecum transparente, \u00eel plaseaz\u0103 pe Teofil Ioan \u0218tiop \u00een \u201eamiaza mare\u201d a picturii, fac din el unul dintre pictorii cei mai interesan\u021bi ai contemporaneit\u0103\u021bii noastre <br><br><strong>Aurel Chiriac<\/strong><\/p>\n<\/blockquote>\n\n\n\n<figure class=\"wp-block-image size-large\"><img decoding=\"async\" loading=\"lazy\" width=\"1024\" height=\"683\" src=\"http:\/\/www.teofilioanstiop.ro\/wp-content\/uploads\/2020\/05\/1.-Atelierul-artistului-2017-foto-Adrian-Sulyok-1024x683.jpg\" alt=\"\" class=\"wp-image-474\" srcset=\"https:\/\/www.teofilioanstiop.ro\/wp-content\/uploads\/2020\/05\/1.-Atelierul-artistului-2017-foto-Adrian-Sulyok-1024x683.jpg 1024w, https:\/\/www.teofilioanstiop.ro\/wp-content\/uploads\/2020\/05\/1.-Atelierul-artistului-2017-foto-Adrian-Sulyok-300x200.jpg 300w, https:\/\/www.teofilioanstiop.ro\/wp-content\/uploads\/2020\/05\/1.-Atelierul-artistului-2017-foto-Adrian-Sulyok-768x512.jpg 768w, https:\/\/www.teofilioanstiop.ro\/wp-content\/uploads\/2020\/05\/1.-Atelierul-artistului-2017-foto-Adrian-Sulyok-1536x1024.jpg 1536w, https:\/\/www.teofilioanstiop.ro\/wp-content\/uploads\/2020\/05\/1.-Atelierul-artistului-2017-foto-Adrian-Sulyok.jpg 1620w\" sizes=\"(max-width: 706px) 89vw, (max-width: 767px) 82vw, 740px\" \/><figcaption class=\"wp-element-caption\"> Atelierul artistului, 2017, foto Adrian Sulyok <\/figcaption><\/figure>\n\n\n\n<p>Data \u0219i locul na\u0219terii:<strong>&nbsp;<\/strong><br>28.08.1977, Huedin<\/p>\n\n\n\n<p><strong><em>Studii:&nbsp;<\/em><\/strong><\/p>\n\n\n\n<p>Absolvent al Facult\u0103\u021bii de Arte Vizuale din Oradea \u00een 2000 \u0219i al Facult\u0103\u021bii de \u0218tiin\u021be SocioUmane din Oradea \u00een 2004;<br><br>Doctor \u00een Arte Vizuale la Facultatea de Arte \u0219i Design din Timi\u0219oara \u00een 2009.<\/p>\n\n\n\n<p><strong><em>Locul de munc\u0103:<\/em><\/strong><br>Conferen\u021biar universitar la Facultatea de Arte din Oradea<\/p>\n\n\n\n<p><strong><em>Date de contact:<\/em><\/strong><br>Adresa: Oradea, str. Gheorghe Costaforu, nr. 23, ap. 7<br>E-mail: <a href=\"mailto:teofilstiop@gmail.com\">teofilstiop@gmail.com<\/a><br>Telefon: 004\/0770696131&nbsp;<\/p>\n\n\n\n<p><strong><em>Activitate expozi\u021bional\u0103<\/em><\/strong>:<\/p>\n\n\n\n<p><em>Expozi\u021bii personale<\/em>:\u00a0<br>2003 \u2013 <em>Caleidoscopul himeric<\/em>, Muzeul \u021a\u0103rii Cri\u0219urilor, Oradea<br>2009 \u2013 <em>ARS dantesca combinatoria<\/em>, Moara R\u0103s\u0103rit, Oradea<br>2011 \u2013 <em>ICON\/XXI<\/em>, galeria Krypta, Viena<br>2012 \u2013 <em>\u00a0Kanon<\/em>, galeria Finnischen Seemannskirche, Hamburg<br>2018 \u2013 <em>Pictofabule<\/em>, Muzeul \u021a\u0103rii Cri\u0219urilor, Oradea<br>2022 \u2013 <em>Cornucopia<\/em>, Muzeul National, Przemy\u015bl, Polonia<br>2023 \u2013 <em>Cornucopia<\/em>, Galeria Reperaj, Oradea<br><br><em>Dintre expozi\u021biile de grup:<\/em><br>1999 \u2013 <em>Ars Varadini<\/em>, Vajda Lajos <a href=\"https:\/\/www.facebook.com\/VLS45\/\">St\u00fadi\u00f3<\/a>, Szentendre<br>2000 \u2013 <em>Babel XX<\/em>, Galeria Cet\u0103\u021bii, Oradea<br>2003\u2013 <em>Bienala de desen<\/em>, Galeria Delta, Arad<br>2008 \u2013 <em>Utopii contemporane<\/em>, Galeria Mansarda, Timi\u0219oara<br>2009 \u2013 Festivalul <em>Kribis Krabis<\/em>, Valdaora<br>2010 \u2013 <em>S\u0103 nu ucizi<\/em>, Galeria Timco, Timi\u0219oara<br>2011 \u2013 <em>Fragmentarium<\/em>, (Dubl\u0103 personal\u0103 cu Cantemir Me\u015fter), Muzeul Vojtech Loffler, Ko\u0161ice<br>2012 \u2013 <em>Confluen\u021be<\/em>, Muzeul Gradski, V\u00e2r\u015fe\u0163<br>2012 \u2013 <em>Luminessences<\/em>, Rencontres\u00a0Jean Jaur\u00e8s, Vieux-Charmont<br>2015 \u2013 <em>Salonul Or\u0103dean de Art\u0103<\/em>, Muzeul Na\u021bional de Art\u0103 a Moldovei, Chi\u0219in\u0103u<br>2015 \u2013 <em>Memoria imaginii<\/em>, Muzeul \u021a\u0103rii Cri\u0219urilor, Oradea<br>2010-2016 \u2013 <em>Video Art Event<\/em>, Oradea-Milano<br>2006, 2015, 2018 \u2013 Trienala interna\u021bional\u0103 <em>P\u0103tratul de Argint<\/em>, Przemy\u015bl<br>2018 \u2013 <em>Reperaj 2<\/em>, Galeria Reperaj, Oradea<br>2019 \u2013 <em>Pas \u00een doi<\/em>, Galeria Reperaj, Oradea<br>2019 \u2013 <em>De la Est la Vest<\/em>, Academia di Romania, Roma, Italia<br>2021 \u2013 <em>Ocheanul \u00eentors<\/em>, Galeria Reperaj, Oradea<br>2023 \u2013 <em>Salva Ucraina<\/em>, Galeria Palatului Parlamentului, Bucure\u015fti<\/p>\n\n\n\n<p><em>Publica\u021bii:<\/em><\/p>\n\n\n\n<p><em>Imagine \u0219i transtextualitate. Incursiune \u00een iconologia dantesc\u0103<\/em>, Editura Universit\u0103\u021bii din Oradea, 2016;<br><em>Structuri compozi\u021bionale \u00een artele vizuale<\/em>, Curs de compozi\u021bie, Editura Universit\u0103\u021bii din Oradea, 2016, ISBN: 978-606-10-1813-0;<br><em>Explor\u0103ri compozi\u021bionale \u00een artele vizuale<\/em>, Suport de curs, Editura Universit\u0103\u021bii din Oradea, 2016, ISBN: 978-606-10-1814-7<\/p>\n\n\n\n<p><em>Premii:<\/em><\/p>\n\n\n\n<p>2015 \u2013 Premiul: <em>Men\u021biunea de Onoare a juriului<\/em>, Trienala interna\u021bional\u0103 <em>P\u0103tratul de Argint<\/em>, Przemy\u015bl;<br>2016 \u2013 Premiul Special al juriului: <em>Special Triennial Award for Outstanding Artistic Personality<\/em>, Trienala interna\u021bional\u0103 <em>P\u0103tratul de Argint<\/em>, Przemy\u015bl<\/p>\n\n\n\n<figure class=\"wp-block-image size-large is-style-zoooom\"><img decoding=\"async\" loading=\"lazy\" width=\"1024\" height=\"683\" src=\"http:\/\/www.teofilioanstiop.ro\/wp-content\/uploads\/2020\/05\/2-Atelierul-artistului-2017-foto-Adrian-Sulyok-1024x683.jpg\" alt=\"\" class=\"wp-image-484\" srcset=\"https:\/\/www.teofilioanstiop.ro\/wp-content\/uploads\/2020\/05\/2-Atelierul-artistului-2017-foto-Adrian-Sulyok-1024x683.jpg 1024w, https:\/\/www.teofilioanstiop.ro\/wp-content\/uploads\/2020\/05\/2-Atelierul-artistului-2017-foto-Adrian-Sulyok-300x200.jpg 300w, https:\/\/www.teofilioanstiop.ro\/wp-content\/uploads\/2020\/05\/2-Atelierul-artistului-2017-foto-Adrian-Sulyok-768x512.jpg 768w, https:\/\/www.teofilioanstiop.ro\/wp-content\/uploads\/2020\/05\/2-Atelierul-artistului-2017-foto-Adrian-Sulyok-1536x1024.jpg 1536w, https:\/\/www.teofilioanstiop.ro\/wp-content\/uploads\/2020\/05\/2-Atelierul-artistului-2017-foto-Adrian-Sulyok-2048x1365.jpg 2048w\" sizes=\"(max-width: 706px) 89vw, (max-width: 767px) 82vw, 740px\" \/><figcaption class=\"wp-element-caption\">Atelierul artistului 2017, foto Adrian Sulyok<\/figcaption><\/figure>\n\n\n\n<figure class=\"wp-block-image size-large is-style-zoooom\"><img decoding=\"async\" loading=\"lazy\" width=\"681\" height=\"1024\" src=\"http:\/\/www.teofilioanstiop.ro\/wp-content\/uploads\/2020\/05\/3-Realizarea-instalat\u0326iei-ARS-dantesca-combinatoria-Moara-Ra\u0306sa\u0306rit-din-Oradea-2009-foto-George-Staicu.-681x1024.jpg\" alt=\"\" class=\"wp-image-481\" srcset=\"https:\/\/www.teofilioanstiop.ro\/wp-content\/uploads\/2020\/05\/3-Realizarea-instalat\u0326iei-ARS-dantesca-combinatoria-Moara-Ra\u0306sa\u0306rit-din-Oradea-2009-foto-George-Staicu.-681x1024.jpg 681w, https:\/\/www.teofilioanstiop.ro\/wp-content\/uploads\/2020\/05\/3-Realizarea-instalat\u0326iei-ARS-dantesca-combinatoria-Moara-Ra\u0306sa\u0306rit-din-Oradea-2009-foto-George-Staicu.-200x300.jpg 200w, https:\/\/www.teofilioanstiop.ro\/wp-content\/uploads\/2020\/05\/3-Realizarea-instalat\u0326iei-ARS-dantesca-combinatoria-Moara-Ra\u0306sa\u0306rit-din-Oradea-2009-foto-George-Staicu.-768x1154.jpg 768w, https:\/\/www.teofilioanstiop.ro\/wp-content\/uploads\/2020\/05\/3-Realizarea-instalat\u0326iei-ARS-dantesca-combinatoria-Moara-Ra\u0306sa\u0306rit-din-Oradea-2009-foto-George-Staicu.-1022x1536.jpg 1022w, https:\/\/www.teofilioanstiop.ro\/wp-content\/uploads\/2020\/05\/3-Realizarea-instalat\u0326iei-ARS-dantesca-combinatoria-Moara-Ra\u0306sa\u0306rit-din-Oradea-2009-foto-George-Staicu.-1363x2048.jpg 1363w, https:\/\/www.teofilioanstiop.ro\/wp-content\/uploads\/2020\/05\/3-Realizarea-instalat\u0326iei-ARS-dantesca-combinatoria-Moara-Ra\u0306sa\u0306rit-din-Oradea-2009-foto-George-Staicu.-scaled.jpg 1703w\" sizes=\"(max-width: 681px) 100vw, 681px\" \/><figcaption class=\"wp-element-caption\">Realizarea instalat\u0326iei ARS dantesca combinatoria @ Moara-Ra\u0306sa\u0306rit, Oradea 2009, foto George Staicu<\/figcaption><\/figure>\n\n\n\n<figure class=\"wp-block-image size-large is-style-zoooom\"><img decoding=\"async\" loading=\"lazy\" width=\"1024\" height=\"683\" src=\"http:\/\/www.teofilioanstiop.ro\/wp-content\/uploads\/2020\/05\/4-Atelierul-artistului-2017-foto-Adrian-Sulyok-1024x683.jpg\" alt=\"\" class=\"wp-image-479\" srcset=\"https:\/\/www.teofilioanstiop.ro\/wp-content\/uploads\/2020\/05\/4-Atelierul-artistului-2017-foto-Adrian-Sulyok-1024x683.jpg 1024w, https:\/\/www.teofilioanstiop.ro\/wp-content\/uploads\/2020\/05\/4-Atelierul-artistului-2017-foto-Adrian-Sulyok-300x200.jpg 300w, https:\/\/www.teofilioanstiop.ro\/wp-content\/uploads\/2020\/05\/4-Atelierul-artistului-2017-foto-Adrian-Sulyok-768x512.jpg 768w, https:\/\/www.teofilioanstiop.ro\/wp-content\/uploads\/2020\/05\/4-Atelierul-artistului-2017-foto-Adrian-Sulyok-1536x1024.jpg 1536w, https:\/\/www.teofilioanstiop.ro\/wp-content\/uploads\/2020\/05\/4-Atelierul-artistului-2017-foto-Adrian-Sulyok.jpg 1620w\" sizes=\"(max-width: 706px) 89vw, (max-width: 767px) 82vw, 740px\" \/><figcaption class=\"wp-element-caption\">Atelierul artistului 2017, foto Adrian Sulyok<\/figcaption><\/figure>\n\n\n\n<figure class=\"wp-block-image size-large is-style-zoooom\"><img decoding=\"async\" loading=\"lazy\" width=\"1024\" height=\"768\" src=\"http:\/\/www.teofilioanstiop.ro\/wp-content\/uploads\/2020\/05\/6-Atelierul-artistului-2020-foto-Zoltan-Barany-1024x768.jpg\" alt=\"\" class=\"wp-image-478\" srcset=\"https:\/\/www.teofilioanstiop.ro\/wp-content\/uploads\/2020\/05\/6-Atelierul-artistului-2020-foto-Zoltan-Barany-1024x768.jpg 1024w, https:\/\/www.teofilioanstiop.ro\/wp-content\/uploads\/2020\/05\/6-Atelierul-artistului-2020-foto-Zoltan-Barany-300x225.jpg 300w, https:\/\/www.teofilioanstiop.ro\/wp-content\/uploads\/2020\/05\/6-Atelierul-artistului-2020-foto-Zoltan-Barany-768x576.jpg 768w, https:\/\/www.teofilioanstiop.ro\/wp-content\/uploads\/2020\/05\/6-Atelierul-artistului-2020-foto-Zoltan-Barany-1536x1152.jpg 1536w, https:\/\/www.teofilioanstiop.ro\/wp-content\/uploads\/2020\/05\/6-Atelierul-artistului-2020-foto-Zoltan-Barany-2048x1536.jpg 2048w\" sizes=\"(max-width: 706px) 89vw, (max-width: 767px) 82vw, 740px\" \/><figcaption class=\"wp-element-caption\">Atelierul artistului 2020, foto Zoltan Barany<\/figcaption><\/figure>\n","protected":false},"excerpt":{"rendered":"<p>Artistul or\u0103dean Teofil Ioan \u015etiop se afirm\u0103, \u00een primul r\u00e2nd, printr-o&nbsp; preocupare accentuat\u0103 pentru pictur\u0103 dar \u015fi pentru alte arii ale artelor vizuale cum ar fi arta video sau instala\u0163ionismul. Chiar dac\u0103 a debutat cu prima sa expozi\u0163ie personal\u0103, Caleidoscopul himeric, pe simezele Muzeul \u0162\u0103rii Cri\u015furilor \u00een data de 9 aprilie 2003, artistul s-a remarcat &hellip; <\/p>\n<p class=\"link-more\"><a href=\"https:\/\/www.teofilioanstiop.ro\/ro\/\" class=\"more-link\">Continu\u0103 lectura<span class=\"screen-reader-text\"> \u201eTeofil Ioan \u015etiop\u201d<\/span><\/a><\/p>\n","protected":false},"author":1,"featured_media":0,"parent":0,"menu_order":0,"comment_status":"closed","ping_status":"closed","template":"","meta":[],"_links":{"self":[{"href":"https:\/\/www.teofilioanstiop.ro\/ro\/wp-json\/wp\/v2\/pages\/6"}],"collection":[{"href":"https:\/\/www.teofilioanstiop.ro\/ro\/wp-json\/wp\/v2\/pages"}],"about":[{"href":"https:\/\/www.teofilioanstiop.ro\/ro\/wp-json\/wp\/v2\/types\/page"}],"author":[{"embeddable":true,"href":"https:\/\/www.teofilioanstiop.ro\/ro\/wp-json\/wp\/v2\/users\/1"}],"replies":[{"embeddable":true,"href":"https:\/\/www.teofilioanstiop.ro\/ro\/wp-json\/wp\/v2\/comments?post=6"}],"version-history":[{"count":21,"href":"https:\/\/www.teofilioanstiop.ro\/ro\/wp-json\/wp\/v2\/pages\/6\/revisions"}],"predecessor-version":[{"id":868,"href":"https:\/\/www.teofilioanstiop.ro\/ro\/wp-json\/wp\/v2\/pages\/6\/revisions\/868"}],"wp:attachment":[{"href":"https:\/\/www.teofilioanstiop.ro\/ro\/wp-json\/wp\/v2\/media?parent=6"}],"curies":[{"name":"wp","href":"https:\/\/api.w.org\/{rel}","templated":true}]}}