{"id":665,"date":"2020-05-24T11:51:21","date_gmt":"2020-05-24T11:51:21","guid":{"rendered":"http:\/\/www.teofilioanstiop.ro\/?page_id=665"},"modified":"2020-05-24T12:12:39","modified_gmt":"2020-05-24T12:12:39","slug":"caleidoscopul-himeric","status":"publish","type":"page","link":"https:\/\/www.teofilioanstiop.ro\/ro\/caleidoscopul-himeric\/","title":{"rendered":"Caleidoscopul himeric"},"content":{"rendered":"\n<p class=\"has-text-align-right\">Proiectul pictural con\u021bine 12 cadre picturale, fiecare de dimensiunea 150&#215;182 cm, grupate \u00eempreun\u0103, \u00eentr-o anumit\u0103 configura\u021bie, sub forma unei singure lucr\u0103ri cu dimensiunea total\u0103 de 100&#215;1092 cm. A\u0219a cum se anun\u021b\u0103 \u00eenc\u0103 din titlu, tematica are la baz\u0103 geometria caleidoscopului, extins\u0103 ca o plas\u0103 pe \u00eentreaga suprafa\u021b\u0103 plastic\u0103. Av\u00e2nd un caracter spectaculos dar iluzoriu, aceasta reprezint\u0103 pentru percep\u021bia noastr\u0103 un joc himeric care scap\u0103 \u00een permanen\u021b\u0103 \u00een\u021belegerii ra\u021bionale chiar dac\u0103 construc\u021bia sa este de factur\u0103 geometric\u0103. Subliniind acest aspect, personajele aluzive, prezente mai mult sub form\u0103 de semn dec\u00e2t de reprezentare \u00eencarnat\u0103, se concretizeaz\u0103 \u0219i se dizolv\u0103 sporadic \u00eentr-un dans fatal de fata morgana.<\/p>\n\n\n\n<figure class=\"wp-block-image size-large is-style-zoooom\"><a href=\"http:\/\/www.teofilioanstiop.ro\/caleidoscopul-himeric-2\/\"><img decoding=\"async\" loading=\"lazy\" width=\"1024\" height=\"843\" src=\"http:\/\/www.teofilioanstiop.ro\/wp-content\/uploads\/2020\/05\/Caleidoscopul-himeric-2-1024x843.jpg\" alt=\"\" class=\"wp-image-559\" srcset=\"https:\/\/www.teofilioanstiop.ro\/wp-content\/uploads\/2020\/05\/Caleidoscopul-himeric-2-1024x843.jpg 1024w, https:\/\/www.teofilioanstiop.ro\/wp-content\/uploads\/2020\/05\/Caleidoscopul-himeric-2-300x247.jpg 300w, https:\/\/www.teofilioanstiop.ro\/wp-content\/uploads\/2020\/05\/Caleidoscopul-himeric-2-768x632.jpg 768w, https:\/\/www.teofilioanstiop.ro\/wp-content\/uploads\/2020\/05\/Caleidoscopul-himeric-2-1536x1264.jpg 1536w, https:\/\/www.teofilioanstiop.ro\/wp-content\/uploads\/2020\/05\/Caleidoscopul-himeric-2.jpg 1561w\" sizes=\"(max-width: 706px) 89vw, (max-width: 767px) 82vw, 740px\" \/><\/a><figcaption>Caleidoscopul himeric 2<\/figcaption><\/figure>\n\n\n\n<figure class=\"wp-block-image size-large is-style-zoooom\"><a href=\"http:\/\/www.teofilioanstiop.ro\/caleidoscopul-himeric-8\/\"><img decoding=\"async\" loading=\"lazy\" width=\"1024\" height=\"848\" src=\"http:\/\/www.teofilioanstiop.ro\/wp-content\/uploads\/2020\/05\/Caleidoscopul-himeric-8-1024x848.jpg\" alt=\"\" class=\"wp-image-560\" srcset=\"https:\/\/www.teofilioanstiop.ro\/wp-content\/uploads\/2020\/05\/Caleidoscopul-himeric-8-1024x848.jpg 1024w, https:\/\/www.teofilioanstiop.ro\/wp-content\/uploads\/2020\/05\/Caleidoscopul-himeric-8-300x249.jpg 300w, https:\/\/www.teofilioanstiop.ro\/wp-content\/uploads\/2020\/05\/Caleidoscopul-himeric-8-768x636.jpg 768w, https:\/\/www.teofilioanstiop.ro\/wp-content\/uploads\/2020\/05\/Caleidoscopul-himeric-8.jpg 1515w\" sizes=\"(max-width: 706px) 89vw, (max-width: 767px) 82vw, 740px\" \/><\/a><figcaption>Caleidoscopul himeric 8<\/figcaption><\/figure>\n\n\n\n<figure class=\"wp-block-image size-large is-style-zoooom\"><a href=\"http:\/\/www.teofilioanstiop.ro\/caleidoscopul-himeric-10\/\"><img decoding=\"async\" loading=\"lazy\" width=\"1024\" height=\"843\" src=\"http:\/\/www.teofilioanstiop.ro\/wp-content\/uploads\/2020\/05\/Caleidoscopul-himeric-10-1024x843.jpg\" alt=\"\" class=\"wp-image-561\" srcset=\"https:\/\/www.teofilioanstiop.ro\/wp-content\/uploads\/2020\/05\/Caleidoscopul-himeric-10-1024x843.jpg 1024w, https:\/\/www.teofilioanstiop.ro\/wp-content\/uploads\/2020\/05\/Caleidoscopul-himeric-10-300x247.jpg 300w, https:\/\/www.teofilioanstiop.ro\/wp-content\/uploads\/2020\/05\/Caleidoscopul-himeric-10-768x632.jpg 768w, https:\/\/www.teofilioanstiop.ro\/wp-content\/uploads\/2020\/05\/Caleidoscopul-himeric-10.jpg 1501w\" sizes=\"(max-width: 706px) 89vw, (max-width: 767px) 82vw, 740px\" \/><\/a><figcaption>Caleidoscopul himeric 10<\/figcaption><\/figure>\n\n\n\n<figure class=\"wp-block-image size-large is-style-zoooom\"><a href=\"http:\/\/www.teofilioanstiop.ro\/caleidoscopul-himeric-11\/\"><img decoding=\"async\" loading=\"lazy\" width=\"1024\" height=\"845\" src=\"http:\/\/www.teofilioanstiop.ro\/wp-content\/uploads\/2020\/05\/Caleidoscopul-himeric-11-1024x845.jpg\" alt=\"\" class=\"wp-image-562\" srcset=\"https:\/\/www.teofilioanstiop.ro\/wp-content\/uploads\/2020\/05\/Caleidoscopul-himeric-11-1024x845.jpg 1024w, https:\/\/www.teofilioanstiop.ro\/wp-content\/uploads\/2020\/05\/Caleidoscopul-himeric-11-300x248.jpg 300w, https:\/\/www.teofilioanstiop.ro\/wp-content\/uploads\/2020\/05\/Caleidoscopul-himeric-11-768x634.jpg 768w, https:\/\/www.teofilioanstiop.ro\/wp-content\/uploads\/2020\/05\/Caleidoscopul-himeric-11-1536x1268.jpg 1536w, https:\/\/www.teofilioanstiop.ro\/wp-content\/uploads\/2020\/05\/Caleidoscopul-himeric-11.jpg 1540w\" sizes=\"(max-width: 706px) 89vw, (max-width: 767px) 82vw, 740px\" \/><\/a><figcaption>Caleidoscopul himeric 11<\/figcaption><\/figure>\n\n\n\n<p><\/p>\n","protected":false},"excerpt":{"rendered":"<p>Proiectul pictural con\u021bine 12 cadre picturale, fiecare de dimensiunea 150&#215;182 cm, grupate \u00eempreun\u0103, \u00eentr-o anumit\u0103 configura\u021bie, sub forma unei singure lucr\u0103ri cu dimensiunea total\u0103 de 100&#215;1092 cm. A\u0219a cum se anun\u021b\u0103 \u00eenc\u0103 din titlu, tematica are la baz\u0103 geometria caleidoscopului, extins\u0103 ca o plas\u0103 pe \u00eentreaga suprafa\u021b\u0103 plastic\u0103. Av\u00e2nd un caracter spectaculos dar iluzoriu, aceasta &hellip; <\/p>\n<p class=\"link-more\"><a href=\"https:\/\/www.teofilioanstiop.ro\/ro\/caleidoscopul-himeric\/\" class=\"more-link\">Continu\u0103 lectura<span class=\"screen-reader-text\"> \u201eCaleidoscopul himeric\u201d<\/span><\/a><\/p>\n","protected":false},"author":3,"featured_media":0,"parent":0,"menu_order":0,"comment_status":"closed","ping_status":"closed","template":"","meta":[],"_links":{"self":[{"href":"https:\/\/www.teofilioanstiop.ro\/ro\/wp-json\/wp\/v2\/pages\/665"}],"collection":[{"href":"https:\/\/www.teofilioanstiop.ro\/ro\/wp-json\/wp\/v2\/pages"}],"about":[{"href":"https:\/\/www.teofilioanstiop.ro\/ro\/wp-json\/wp\/v2\/types\/page"}],"author":[{"embeddable":true,"href":"https:\/\/www.teofilioanstiop.ro\/ro\/wp-json\/wp\/v2\/users\/3"}],"replies":[{"embeddable":true,"href":"https:\/\/www.teofilioanstiop.ro\/ro\/wp-json\/wp\/v2\/comments?post=665"}],"version-history":[{"count":3,"href":"https:\/\/www.teofilioanstiop.ro\/ro\/wp-json\/wp\/v2\/pages\/665\/revisions"}],"predecessor-version":[{"id":679,"href":"https:\/\/www.teofilioanstiop.ro\/ro\/wp-json\/wp\/v2\/pages\/665\/revisions\/679"}],"wp:attachment":[{"href":"https:\/\/www.teofilioanstiop.ro\/ro\/wp-json\/wp\/v2\/media?parent=665"}],"curies":[{"name":"wp","href":"https:\/\/api.w.org\/{rel}","templated":true}]}}